{"id":6479,"date":"2020-01-04T15:38:28","date_gmt":"2020-01-04T13:38:28","guid":{"rendered":"https:\/\/spirituartiste.com\/spiritualite-7\/temoignages\/"},"modified":"2020-09-30T12:42:43","modified_gmt":"2020-09-30T10:42:43","slug":"temoignages","status":"publish","type":"page","link":"https:\/\/spirituartiste.com\/?page_id=6479","title":{"rendered":"T\u00e9moignages"},"content":{"rendered":"<div class=\"art-content-layout\">\n<div class=\"art-content-layout-row\">\n<div class=\"art-layout-cell\" style=\"width: 100%;\"><\/div>\n<\/div>\n<\/div>\n<div class=\"art-content-layout layout-item-0\">\n<div class=\"art-content-layout-row\">\n<div class=\"art-layout-cell layout-item-1\" style=\"width: 45%;\">\n<p><span style=\"color: #820e84;\">Vanessa<\/span><\/p>\n<p><span style=\"color: #820e84;\"><br \/>\n(Deux ans de pratique \u00e0 l&rsquo;atelier\u00a0<span style=\"font-weight: bold;\">R\u00e9harmonisation corps-esprit<\/span>\/<strong> Bien-\u00eatre<\/strong>)<\/span><\/p>\n<p>Pour moi \u00e7a a \u00e9t\u00e9 le d\u00e9part d&rsquo;un cheminement sur la conscience de soi.<br \/>\n\u00c7a a vraiment \u00e9t\u00e9 important d&rsquo;avoir acc\u00e8s \u00e0 la connaissance de mes besoins et\u00a0de mes \u00e9motions.<\/p>\n<p>\u00c7a m&rsquo;a ouverte au d\u00e9veloppement personnel et \u00e0 la m\u00e9ditation.<br \/>\nJ&rsquo;ai appris \u00e0 m&rsquo;observer, \u00e0 savoir ce que je ressentais. \u00c7a a \u00e9t\u00e9 le d\u00e9but de la conscience&#8230;<br \/>\nPrendre conscience de mon corps et r\u00e9aliser qu&rsquo;il avait des besoins a \u00e9t\u00e9 une incroyable d\u00e9couverte.<\/p>\n<\/div>\n<div class=\"art-layout-cell\" style=\"width: 10%;\"><\/div>\n<div class=\"art-layout-cell layout-item-2\" style=\"width: 45%;\">\n<p><span style=\"color: #820e84;\">Delphine<br \/>\n(5 mois\u00a0de pratique \u00e0 l&rsquo;atelier<span style=\"font-weight: bold;\"> R\u00e9harmonisation corps-esprit\/ Bien-\u00eatre<\/span>)<\/span><\/p>\n<p>Je participe aux s\u00e9ances de \u00ab\u00a0bien \u00eatre\u00a0\u00bb depuis septembre et cela m&rsquo;apporte beaucoup.<br \/>\nEn effet, je me sens plus d\u00e9tendue, \u00ab\u00a0vid\u00e9e\u00a0\u00bb en quittant le cours.<br \/>\nCeci fait appel au mental, aux \u00e9motions, \u00e0 un travail sur notre corps, bref c&rsquo;est complet,\u00a0enrichissant et apporte vraiment du bien \u00eatre!<\/p>\n<p><span style=\"color: #820e84;\">\u00a0<\/span><\/p>\n<\/div>\n<\/div>\n<\/div>\n<div class=\"art-content-layout\">\n<div class=\"art-content-layout-row\">\n<div class=\"art-layout-cell\" style=\"width: 50%;\"><\/div>\n<div class=\"art-layout-cell\" style=\"width: 50%;\"><\/div>\n<\/div>\n<\/div>\n<div class=\"art-content-layout layout-item-0\">\n<div class=\"art-content-layout-row\">\n<div class=\"art-layout-cell layout-item-1\" style=\"width: 45%;\">\n<p><span style=\"color: #820e84;\">Marie-Claude\u00a0(<span style=\"font-weight: bold;\">Stagiaire en d\u00e9veloppement personnel<\/span>)<\/span><\/p>\n<p><span style=\"color: #820e84;\">\u00a0<\/span><\/p>\n<p>Les stages avec Sandrine m&rsquo;ont permis en douceur de changer mon regard sur\u00a0moi -m\u00eame et sur les autres.<br \/>\nProgressivement je me suis\u00a0 lib\u00e9r\u00e9e de beaucoup de mes croyances, je m&rsquo;angoisse moins et j&rsquo;ai plus confiance en moi.<br \/>\nJe suis devenue plus sereine, je suis plus positive dans la vie.<br \/>\nC&rsquo;est un vrai bonheur de l&rsquo;avoir rencontr\u00e9e !!<\/p>\n<\/div>\n<div class=\"art-layout-cell\" style=\"width: 10%;\"><\/div>\n<div class=\"art-layout-cell layout-item-1\" style=\"width: 45%;\">\n<p><span style=\"color: #820e84;\">Anita (2 ans de pratique\u00a0\u00e0 l&rsquo;atelier <span style=\"font-weight: bold;\">D\u00e9veloppement personnel<\/span>)<\/span><\/p>\n<p>Je cherchais le sens de ma vie, et ne trouvais pas de r\u00e9ponse \u00e0 mes nombreuses questions&#8230;<br \/>\nSandrine m\u2019a propos\u00e9 de nouvelles perspectives, d\u2019autres fa\u00e7ons d\u2019aborder les probl\u00e8mes de la vie.<br \/>\nElle m\u2019aide \u00e0 retrouver la v\u00e9rit\u00e9 de mon \u00caTRE si longtemps n\u00e9glig\u00e9 et aveugl\u00e9 par les croyances, les r\u00e8gles et l\u2019\u00e9ducation, et surtout \u00e0 m\u2019ouvrir \u00e0 la JOIE, qui devrait \u00eatre le fil conducteur de toute action&#8230;<\/p>\n<\/div>\n<\/div>\n<\/div>\n<div class=\"art-content-layout\">\n<div class=\"art-content-layout-row\">\n<div class=\"art-layout-cell\" style=\"width: 50%;\"><\/div>\n<div class=\"art-layout-cell\" style=\"width: 50%;\"><\/div>\n<\/div>\n<\/div>\n<div class=\"art-content-layout layout-item-0\">\n<div class=\"art-content-layout-row\">\n<div class=\"art-layout-cell layout-item-3\" style=\"width: 45%;\">\n<p style=\"padding: 0px; margin: 12px 0px 12px 0px;\"><span style=\"color: #820e84;\">Pascaline <strong>(Stagiaire en d\u00e9veloppement personnel)<\/strong><br \/>\n<\/span><\/p>\n<p style=\"padding: 0px; margin: 12px 0px 12px 0px;\"><span style=\"color: #820e84;\">\u00a0<\/span><\/p>\n<p>Quand j&rsquo;ai particip\u00e9 \u00e0 mon 1er stage avec Sandrine, j\u02bcavoue que je n\u02bc\u00e9tais pas au mieux de ma forme dans ma vie.<br \/>\nJe ne savais pas \u00e0 quoi m&rsquo;attendre au cours de ce stage m\u00eame si le programme \u00e9tait bien d\u00e9crit et les grandes questions pos\u00e9es.<br \/>\nJ\u02bcai eu en face de moi une personne professionnelle dans la construction de son stage et elle a su me mener aux portes des questions existentielles.<br \/>\nCertes cela m\u02bca beaucoup interpell\u00e9e et d\u02bcautres questions ont fus\u00e9 dans ma t\u00eate jusqu&rsquo;\u00e0 ce que, petit \u00e0 petit, tout prenne sa place dans ma t\u00eate, dans ma vie.<br \/>\nOn dit qu\u02bcil n\u02bcy a pas de hasard et il est vrai que ma rencontre avec Sandrine \u00e0 ce moment m\u02bca fait \u00e9voluer, m\u02bca fait me conna\u00eetre, m\u02bca fait r\u00e9fl\u00e9chir, m\u02bca fait sortir de mon grand d\u00e9sarroi de l\u02bc\u00e9poque.<br \/>\nBien souvent j\u02bcarrivais avec un visage noir et ferm\u00e9 et je repartais avec le sourire&#8230; alors juste un grand merci \u00e0 elle.<\/p>\n<\/div>\n<div class=\"art-layout-cell\" style=\"width: 10%;\"><\/div>\n<div class=\"art-layout-cell layout-item-4\" style=\"width: 45%;\">\n<p><span style=\"color: #820e84;\">Brigitte (<span style=\"font-weight: bold;\">Coaching<\/span>)<\/span><\/p>\n<p><span style=\"color: #820e84;\">\u00a0<\/span><\/p>\n<p>Malgr\u00e9 les questions que je me posais au sujet de la premi\u00e8re s\u00e9ance, j\u2019ai tout de suite ressenti comme une l\u00e9g\u00e8ret\u00e9, une acceptation de moi. Et d\u00e8s cette s\u00e9ance j\u2019ai tout de suite eu cette sensation d\u2019avoir une enclume qui est partie, quelque chose de tr\u00e8s tr\u00e8s lourd. Sandrine m\u2019a fait comprendre que j\u2019avais besoin de retrouver l\u2019enfant Brigitte qui \u00e9tait en moi, que j\u2019avais enfouie sous un tas d\u2019angoisse et de stress. Elle l\u2019a fait revivre et depuis ce jour je ne vois plus du tout les choses de la m\u00eame fa\u00e7on. Dans mon quotidien il y a plus de lumi\u00e8re, plus de l\u00e9g\u00e8ret\u00e9 et c\u2019est tellement plus facile \u00e0 vivre. Merci pour tout \u00e7a car je pense r\u00e9guli\u00e8rement \u00e0 tous ces petits exercices qu\u2019on a faits ensemble, je les utilise. Sandrine m\u2019avait dit que s\u2019ouvrir \u00e0 la vie c\u2019\u00e9tait laisser entrer les belles et bonnes choses, et bien je suis une des t\u00e9moins, c\u2019est vrai\u00a0!<span style=\"color: #820e84;\"><br \/>\n<\/span><\/p>\n<\/div>\n<\/div>\n<\/div>\n<div class=\"art-content-layout layout-item-5\">\n<div class=\"art-content-layout-row\">\n<div class=\"art-layout-cell layout-item-6\" style=\"width: 100%;\"><\/div>\n<\/div>\n<\/div>\n<div class=\"art-content-layout layout-item-5\">\n<div class=\"art-content-layout-row\">\n<div class=\"art-layout-cell layout-item-6\" style=\"width: 100%;\">\n<h4><span style=\"color: #820e84;\"><a href=\"https:\/\/spirituartiste.com\/?page_id=6429\" target=\"_parent\" rel=\"noopener noreferrer\"><span style=\"color: #820e84;\">Retour \u00e0 l&rsquo;accueil D\u00e9veloppement personnel<\/span><\/a><\/span><\/h4>\n<\/div>\n<\/div>\n<\/div>\n<div class=\"art-content-layout layout-item-5\">\n<div class=\"art-content-layout-row\">\n<div class=\"art-layout-cell layout-item-6\" style=\"width: 100%;\">\n<p>\u00a0<span style=\"color: #ffffff;\">Retour haut de page<\/span><\/p>\n<\/div>\n<\/div>\n<\/div>\n","protected":false},"excerpt":{"rendered":"<p>Vanessa (Deux ans de pratique \u00e0 l&rsquo;atelier\u00a0R\u00e9harmonisation corps-esprit\/ Bien-\u00eatre) Pour moi \u00e7a a \u00e9t\u00e9 le d\u00e9part d&rsquo;un cheminement sur la conscience de soi. \u00c7a a vraiment \u00e9t\u00e9 important d&rsquo;avoir acc\u00e8s \u00e0 la connaissance de mes besoins et\u00a0de mes \u00e9motions. \u00c7a m&rsquo;a ouverte au d\u00e9veloppement personnel et \u00e0 la m\u00e9ditation. J&rsquo;ai appris \u00e0 m&rsquo;observer, \u00e0 savoir [&hellip;]<\/p>\n","protected":false},"author":1,"featured_media":0,"parent":6429,"menu_order":53,"comment_status":"closed","ping_status":"closed","template":"","meta":{"site-sidebar-layout":"default","site-content-layout":"","ast-site-content-layout":"default","site-content-style":"default","site-sidebar-style":"default","ast-global-header-display":"","ast-banner-title-visibility":"","ast-main-header-display":"","ast-hfb-above-header-display":"","ast-hfb-below-header-display":"","ast-hfb-mobile-header-display":"","site-post-title":"","ast-breadcrumbs-content":"","ast-featured-img":"","footer-sml-layout":"","ast-disable-related-posts":"","theme-transparent-header-meta":"","adv-header-id-meta":"","stick-header-meta":"","header-above-stick-meta":"","header-main-stick-meta":"","header-below-stick-meta":"","astra-migrate-meta-layouts":"default","ast-page-background-enabled":"default","ast-page-background-meta":{"desktop":{"background-color":"","background-image":"","background-repeat":"repeat","background-position":"center center","background-size":"auto","background-attachment":"scroll","background-type":"","background-media":"","overlay-type":"","overlay-color":"","overlay-opacity":"","overlay-gradient":""},"tablet":{"background-color":"","background-image":"","background-repeat":"repeat","background-position":"center center","background-size":"auto","background-attachment":"scroll","background-type":"","background-media":"","overlay-type":"","overlay-color":"","overlay-opacity":"","overlay-gradient":""},"mobile":{"background-color":"","background-image":"","background-repeat":"repeat","background-position":"center center","background-size":"auto","background-attachment":"scroll","background-type":"","background-media":"","overlay-type":"","overlay-color":"","overlay-opacity":"","overlay-gradient":""}},"ast-content-background-meta":{"desktop":{"background-color":"var(--ast-global-color-5)","background-image":"","background-repeat":"repeat","background-position":"center center","background-size":"auto","background-attachment":"scroll","background-type":"","background-media":"","overlay-type":"","overlay-color":"","overlay-opacity":"","overlay-gradient":""},"tablet":{"background-color":"var(--ast-global-color-5)","background-image":"","background-repeat":"repeat","background-position":"center center","background-size":"auto","background-attachment":"scroll","background-type":"","background-media":"","overlay-type":"","overlay-color":"","overlay-opacity":"","overlay-gradient":""},"mobile":{"background-color":"var(--ast-global-color-5)","background-image":"","background-repeat":"repeat","background-position":"center center","background-size":"auto","background-attachment":"scroll","background-type":"","background-media":"","overlay-type":"","overlay-color":"","overlay-opacity":"","overlay-gradient":""}},"footnotes":""},"class_list":["post-6479","page","type-page","status-publish","hentry"],"yoast_head":"<!-- This site is optimized with the Yoast SEO plugin v27.5 - https:\/\/yoast.com\/product\/yoast-seo-wordpress\/ -->\n<title>T\u00e9moignages - Spirituartiste<\/title>\n<meta name=\"description\" content=\"t\u00e9moignages\" \/>\n<meta name=\"robots\" content=\"index, follow, max-snippet:-1, max-image-preview:large, max-video-preview:-1\" \/>\n<link rel=\"canonical\" href=\"https:\/\/spirituartiste.com\/?page_id=6479\" \/>\n<meta property=\"og:locale\" content=\"fr_FR\" \/>\n<meta property=\"og:type\" content=\"article\" \/>\n<meta property=\"og:title\" content=\"T\u00e9moignages - Spirituartiste\" \/>\n<meta property=\"og:description\" content=\"t\u00e9moignages\" \/>\n<meta property=\"og:url\" content=\"https:\/\/spirituartiste.com\/?page_id=6479\" \/>\n<meta property=\"og:site_name\" content=\"Spirituartiste\" \/>\n<meta property=\"article:modified_time\" content=\"2020-09-30T10:42:43+00:00\" \/>\n<meta name=\"twitter:card\" content=\"summary_large_image\" \/>\n<meta name=\"twitter:label1\" content=\"Dur\u00e9e de lecture estim\u00e9e\" \/>\n\t<meta name=\"twitter:data1\" content=\"3 minutes\" \/>\n<script type=\"application\/ld+json\" class=\"yoast-schema-graph\">{\"@context\":\"https:\\\/\\\/schema.org\",\"@graph\":[{\"@type\":\"WebPage\",\"@id\":\"https:\\\/\\\/spirituartiste.com\\\/?page_id=6479\",\"url\":\"https:\\\/\\\/spirituartiste.com\\\/?page_id=6479\",\"name\":\"T\u00e9moignages - Spirituartiste\",\"isPartOf\":{\"@id\":\"https:\\\/\\\/spirituartiste.com\\\/#website\"},\"datePublished\":\"2020-01-04T13:38:28+00:00\",\"dateModified\":\"2020-09-30T10:42:43+00:00\",\"description\":\"t\u00e9moignages\",\"breadcrumb\":{\"@id\":\"https:\\\/\\\/spirituartiste.com\\\/?page_id=6479#breadcrumb\"},\"inLanguage\":\"fr-FR\",\"potentialAction\":[{\"@type\":\"ReadAction\",\"target\":[\"https:\\\/\\\/spirituartiste.com\\\/?page_id=6479\"]}]},{\"@type\":\"BreadcrumbList\",\"@id\":\"https:\\\/\\\/spirituartiste.com\\\/?page_id=6479#breadcrumb\",\"itemListElement\":[{\"@type\":\"ListItem\",\"position\":1,\"name\":\"Accueil\",\"item\":\"https:\\\/\\\/spirituartiste.com\\\/\"},{\"@type\":\"ListItem\",\"position\":2,\"name\":\"D\u00e9veloppement personnel\",\"item\":\"https:\\\/\\\/spirituartiste.com\\\/?page_id=6429\"},{\"@type\":\"ListItem\",\"position\":3,\"name\":\"T\u00e9moignages\"}]},{\"@type\":\"WebSite\",\"@id\":\"https:\\\/\\\/spirituartiste.com\\\/#website\",\"url\":\"https:\\\/\\\/spirituartiste.com\\\/\",\"name\":\"Spirituartiste\",\"description\":\"Sandrine L\u00e9ger\",\"publisher\":{\"@id\":\"https:\\\/\\\/spirituartiste.com\\\/#\\\/schema\\\/person\\\/9862bc39ecd45c4272d890f918eadb47\"},\"potentialAction\":[{\"@type\":\"SearchAction\",\"target\":{\"@type\":\"EntryPoint\",\"urlTemplate\":\"https:\\\/\\\/spirituartiste.com\\\/?s={search_term_string}\"},\"query-input\":{\"@type\":\"PropertyValueSpecification\",\"valueRequired\":true,\"valueName\":\"search_term_string\"}}],\"inLanguage\":\"fr-FR\"},{\"@type\":[\"Person\",\"Organization\"],\"@id\":\"https:\\\/\\\/spirituartiste.com\\\/#\\\/schema\\\/person\\\/9862bc39ecd45c4272d890f918eadb47\",\"name\":\"Sandrine_leger2018\",\"image\":{\"@type\":\"ImageObject\",\"inLanguage\":\"fr-FR\",\"@id\":\"https:\\\/\\\/spirituartiste.com\\\/wp-content\\\/uploads\\\/2023\\\/02\\\/cropped-site-spirituartiste.png\",\"url\":\"https:\\\/\\\/spirituartiste.com\\\/wp-content\\\/uploads\\\/2023\\\/02\\\/cropped-site-spirituartiste.png\",\"contentUrl\":\"https:\\\/\\\/spirituartiste.com\\\/wp-content\\\/uploads\\\/2023\\\/02\\\/cropped-site-spirituartiste.png\",\"width\":152,\"height\":153,\"caption\":\"Sandrine_leger2018\"},\"logo\":{\"@id\":\"https:\\\/\\\/spirituartiste.com\\\/wp-content\\\/uploads\\\/2023\\\/02\\\/cropped-site-spirituartiste.png\"},\"sameAs\":[\"http:\\\/\\\/spirituartiste.com\"]}]}<\/script>\n<!-- \/ Yoast SEO plugin. -->","yoast_head_json":{"title":"T\u00e9moignages - Spirituartiste","description":"t\u00e9moignages","robots":{"index":"index","follow":"follow","max-snippet":"max-snippet:-1","max-image-preview":"max-image-preview:large","max-video-preview":"max-video-preview:-1"},"canonical":"https:\/\/spirituartiste.com\/?page_id=6479","og_locale":"fr_FR","og_type":"article","og_title":"T\u00e9moignages - Spirituartiste","og_description":"t\u00e9moignages","og_url":"https:\/\/spirituartiste.com\/?page_id=6479","og_site_name":"Spirituartiste","article_modified_time":"2020-09-30T10:42:43+00:00","twitter_card":"summary_large_image","twitter_misc":{"Dur\u00e9e de lecture estim\u00e9e":"3 minutes"},"schema":{"@context":"https:\/\/schema.org","@graph":[{"@type":"WebPage","@id":"https:\/\/spirituartiste.com\/?page_id=6479","url":"https:\/\/spirituartiste.com\/?page_id=6479","name":"T\u00e9moignages - Spirituartiste","isPartOf":{"@id":"https:\/\/spirituartiste.com\/#website"},"datePublished":"2020-01-04T13:38:28+00:00","dateModified":"2020-09-30T10:42:43+00:00","description":"t\u00e9moignages","breadcrumb":{"@id":"https:\/\/spirituartiste.com\/?page_id=6479#breadcrumb"},"inLanguage":"fr-FR","potentialAction":[{"@type":"ReadAction","target":["https:\/\/spirituartiste.com\/?page_id=6479"]}]},{"@type":"BreadcrumbList","@id":"https:\/\/spirituartiste.com\/?page_id=6479#breadcrumb","itemListElement":[{"@type":"ListItem","position":1,"name":"Accueil","item":"https:\/\/spirituartiste.com\/"},{"@type":"ListItem","position":2,"name":"D\u00e9veloppement personnel","item":"https:\/\/spirituartiste.com\/?page_id=6429"},{"@type":"ListItem","position":3,"name":"T\u00e9moignages"}]},{"@type":"WebSite","@id":"https:\/\/spirituartiste.com\/#website","url":"https:\/\/spirituartiste.com\/","name":"Spirituartiste","description":"Sandrine L\u00e9ger","publisher":{"@id":"https:\/\/spirituartiste.com\/#\/schema\/person\/9862bc39ecd45c4272d890f918eadb47"},"potentialAction":[{"@type":"SearchAction","target":{"@type":"EntryPoint","urlTemplate":"https:\/\/spirituartiste.com\/?s={search_term_string}"},"query-input":{"@type":"PropertyValueSpecification","valueRequired":true,"valueName":"search_term_string"}}],"inLanguage":"fr-FR"},{"@type":["Person","Organization"],"@id":"https:\/\/spirituartiste.com\/#\/schema\/person\/9862bc39ecd45c4272d890f918eadb47","name":"Sandrine_leger2018","image":{"@type":"ImageObject","inLanguage":"fr-FR","@id":"https:\/\/spirituartiste.com\/wp-content\/uploads\/2023\/02\/cropped-site-spirituartiste.png","url":"https:\/\/spirituartiste.com\/wp-content\/uploads\/2023\/02\/cropped-site-spirituartiste.png","contentUrl":"https:\/\/spirituartiste.com\/wp-content\/uploads\/2023\/02\/cropped-site-spirituartiste.png","width":152,"height":153,"caption":"Sandrine_leger2018"},"logo":{"@id":"https:\/\/spirituartiste.com\/wp-content\/uploads\/2023\/02\/cropped-site-spirituartiste.png"},"sameAs":["http:\/\/spirituartiste.com"]}]}},"_links":{"self":[{"href":"https:\/\/spirituartiste.com\/index.php?rest_route=\/wp\/v2\/pages\/6479","targetHints":{"allow":["GET"]}}],"collection":[{"href":"https:\/\/spirituartiste.com\/index.php?rest_route=\/wp\/v2\/pages"}],"about":[{"href":"https:\/\/spirituartiste.com\/index.php?rest_route=\/wp\/v2\/types\/page"}],"author":[{"embeddable":true,"href":"https:\/\/spirituartiste.com\/index.php?rest_route=\/wp\/v2\/users\/1"}],"replies":[{"embeddable":true,"href":"https:\/\/spirituartiste.com\/index.php?rest_route=%2Fwp%2Fv2%2Fcomments&post=6479"}],"version-history":[{"count":7,"href":"https:\/\/spirituartiste.com\/index.php?rest_route=\/wp\/v2\/pages\/6479\/revisions"}],"predecessor-version":[{"id":7569,"href":"https:\/\/spirituartiste.com\/index.php?rest_route=\/wp\/v2\/pages\/6479\/revisions\/7569"}],"up":[{"embeddable":true,"href":"https:\/\/spirituartiste.com\/index.php?rest_route=\/wp\/v2\/pages\/6429"}],"wp:attachment":[{"href":"https:\/\/spirituartiste.com\/index.php?rest_route=%2Fwp%2Fv2%2Fmedia&parent=6479"}],"curies":[{"name":"wp","href":"https:\/\/api.w.org\/{rel}","templated":true}]}}