{"id":6481,"date":"2020-01-04T15:38:30","date_gmt":"2020-01-04T13:38:30","guid":{"rendered":"https:\/\/spirituartiste.com\/arts-7\/chant\/"},"modified":"2023-02-10T00:06:02","modified_gmt":"2023-02-09T22:06:02","slug":"chant","status":"publish","type":"page","link":"https:\/\/spirituartiste.com\/?page_id=6481","title":{"rendered":"Chant"},"content":{"rendered":"\t\t<div data-elementor-type=\"wp-page\" data-elementor-id=\"6481\" class=\"elementor elementor-6481\">\n\t\t\t\t\t\t<section class=\"elementor-section elementor-top-section elementor-element elementor-element-456c21d elementor-section-boxed elementor-section-height-default elementor-section-height-default\" data-id=\"456c21d\" data-element_type=\"section\" data-e-type=\"section\">\n\t\t\t\t\t\t<div class=\"elementor-container elementor-column-gap-default\">\n\t\t\t\t\t<div class=\"elementor-column elementor-col-100 elementor-top-column elementor-element elementor-element-2965a87\" data-id=\"2965a87\" data-element_type=\"column\" data-e-type=\"column\">\n\t\t\t<div class=\"elementor-widget-wrap elementor-element-populated\">\n\t\t\t\t\t\t<div class=\"elementor-element elementor-element-6862ab1 elementor-widget elementor-widget-heading\" data-id=\"6862ab1\" data-element_type=\"widget\" data-e-type=\"widget\" data-widget_type=\"heading.default\">\n\t\t\t\t<div class=\"elementor-widget-container\">\n\t\t\t\t\t<h2 class=\"elementor-heading-title elementor-size-default\">pr\u00e9sentation<\/h2>\t\t\t\t<\/div>\n\t\t\t\t<\/div>\n\t\t\t\t\t<\/div>\n\t\t<\/div>\n\t\t\t\t\t<\/div>\n\t\t<\/section>\n\t\t\t\t<section class=\"elementor-section elementor-top-section elementor-element elementor-element-44725498 elementor-section-boxed elementor-section-height-default elementor-section-height-default\" data-id=\"44725498\" data-element_type=\"section\" data-e-type=\"section\">\n\t\t\t\t\t\t<div class=\"elementor-container elementor-column-gap-default\">\n\t\t\t\t\t<div class=\"elementor-column elementor-col-100 elementor-top-column elementor-element elementor-element-19d0cf2b\" data-id=\"19d0cf2b\" data-element_type=\"column\" data-e-type=\"column\">\n\t\t\t<div class=\"elementor-widget-wrap elementor-element-populated\">\n\t\t\t\t\t\t<div class=\"elementor-element elementor-element-7d2d1919 elementor-widget elementor-widget-text-editor\" data-id=\"7d2d1919\" data-element_type=\"widget\" data-e-type=\"widget\" data-widget_type=\"text-editor.default\">\n\t\t\t\t<div class=\"elementor-widget-container\">\n\t\t\t\t\t\t\t\t\t<div class=\"art-content-layout\"><div class=\"art-content-layout-row\"><div class=\"art-layout-cell\" style=\"width: 100%;\">\u00a0<\/div><\/div><\/div><div class=\"art-content-layout\"><div class=\"art-content-layout-row\"><div class=\"art-layout-cell layout-item-0\" style=\"width: 25%;\"><p>Cliquer ci dessous:<\/p><\/div><\/div><\/div><div class=\"art-content-layout\"><div class=\"art-content-layout-row\"><div class=\"art-layout-cell\" style=\"width: 25%;\"><p><a href=\"http:\/\/sandrinedesbruyeres.e-monsite.com\/\" target=\"_blank\" rel=\"noopener noreferrer\"><img decoding=\"async\" class=\"\" src=\"http:\/\/sandrinedesbruyeres.e-monsite.com\/medias\/images\/photo-finie-vierge-1.jpg?fx=r_250_250\" alt=\"\" width=\"180\" height=\"251\" \/><\/a><\/p><\/div><div class=\"art-layout-cell layout-item-1\" style=\"width: 75%;\"><p>\u00a0<\/p><p>Juste un petit mot explicatif concernant la diff\u00e9rence de nom&#8230;<\/p><p>En cliquant sur l&rsquo;image vous serez conduits sur le site que j&rsquo;avais cr\u00e9\u00e9 \u00e0 mes d\u00e9buts de chanteuse.<\/p><p>A l&rsquo;\u00e9poque, j&rsquo;\u00e9tais soucieuse de compartimenter ma vie et j&rsquo;ai donc choisi de prendre un nom de sc\u00e8ne.<\/p><p>Il aurait \u00e9t\u00e9 compliqu\u00e9 pour ceux qui avait l&rsquo;habitude d&rsquo;aller sur ce site qu&rsquo;il change de nom ou que la chanteuse en change aussi!<\/p><p>C&rsquo;est pourquoi je reste Sandrine Desbruy\u00e8res sur ce lien.<\/p><p>\u00a0<\/p><p>Maintenant que je suis confortablement install\u00e9e en Auvergne je peux commencer \u00e0 trouver des lieux de concerts &#8230;<\/p><p>D\u00e8s qu&rsquo;une date sera pr\u00e9vue, vous la retrouverez sur la \u00a0page <a title=\"Cliquer ici\" href=\"\/actualite\" target=\"_parent\" rel=\"noopener noreferrer\">ACTUALITE<\/a>!<\/p><p>\u00a0<\/p><p>A tr\u00e8s bient\u00f4t j&rsquo;esp\u00e8re !<\/p><p>\u00a0<\/p><p>Sandrine<\/p><\/div><\/div><\/div><div class=\"art-content-layout\"><div class=\"art-content-layout-row\"><div class=\"art-layout-cell\" style=\"width: 100%;\">\u00a0<\/div><\/div><\/div>\t\t\t\t\t\t\t\t<\/div>\n\t\t\t\t<\/div>\n\t\t\t\t\t<\/div>\n\t\t<\/div>\n\t\t\t\t\t<\/div>\n\t\t<\/section>\n\t\t\t\t<\/div>\n\t\t","protected":false},"excerpt":{"rendered":"<p>pr\u00e9sentation \u00a0 Cliquer ci dessous: \u00a0 Juste un petit mot explicatif concernant la diff\u00e9rence de nom&#8230; En cliquant sur l&rsquo;image vous serez conduits sur le site que j&rsquo;avais cr\u00e9\u00e9 \u00e0 mes d\u00e9buts de chanteuse. A l&rsquo;\u00e9poque, j&rsquo;\u00e9tais soucieuse de compartimenter ma vie et j&rsquo;ai donc choisi de prendre un nom de sc\u00e8ne. Il aurait \u00e9t\u00e9 [&hellip;]<\/p>\n","protected":false},"author":1,"featured_media":0,"parent":6480,"menu_order":55,"comment_status":"closed","ping_status":"closed","template":"","meta":{"site-sidebar-layout":"default","site-content-layout":"","ast-site-content-layout":"default","site-content-style":"default","site-sidebar-style":"default","ast-global-header-display":"","ast-banner-title-visibility":"","ast-main-header-display":"","ast-hfb-above-header-display":"","ast-hfb-below-header-display":"","ast-hfb-mobile-header-display":"","site-post-title":"","ast-breadcrumbs-content":"","ast-featured-img":"","footer-sml-layout":"","ast-disable-related-posts":"","theme-transparent-header-meta":"","adv-header-id-meta":"","stick-header-meta":"","header-above-stick-meta":"","header-main-stick-meta":"","header-below-stick-meta":"","astra-migrate-meta-layouts":"default","ast-page-background-enabled":"default","ast-page-background-meta":{"desktop":{"background-color":"","background-image":"","background-repeat":"repeat","background-position":"center center","background-size":"auto","background-attachment":"scroll","background-type":"","background-media":"","overlay-type":"","overlay-color":"","overlay-opacity":"","overlay-gradient":""},"tablet":{"background-color":"","background-image":"","background-repeat":"repeat","background-position":"center center","background-size":"auto","background-attachment":"scroll","background-type":"","background-media":"","overlay-type":"","overlay-color":"","overlay-opacity":"","overlay-gradient":""},"mobile":{"background-color":"","background-image":"","background-repeat":"repeat","background-position":"center center","background-size":"auto","background-attachment":"scroll","background-type":"","background-media":"","overlay-type":"","overlay-color":"","overlay-opacity":"","overlay-gradient":""}},"ast-content-background-meta":{"desktop":{"background-color":"var(--ast-global-color-5)","background-image":"","background-repeat":"repeat","background-position":"center center","background-size":"auto","background-attachment":"scroll","background-type":"","background-media":"","overlay-type":"","overlay-color":"","overlay-opacity":"","overlay-gradient":""},"tablet":{"background-color":"var(--ast-global-color-5)","background-image":"","background-repeat":"repeat","background-position":"center center","background-size":"auto","background-attachment":"scroll","background-type":"","background-media":"","overlay-type":"","overlay-color":"","overlay-opacity":"","overlay-gradient":""},"mobile":{"background-color":"var(--ast-global-color-5)","background-image":"","background-repeat":"repeat","background-position":"center center","background-size":"auto","background-attachment":"scroll","background-type":"","background-media":"","overlay-type":"","overlay-color":"","overlay-opacity":"","overlay-gradient":""}},"footnotes":""},"class_list":["post-6481","page","type-page","status-publish","hentry"],"yoast_head":"<!-- This site is optimized with the Yoast SEO plugin v27.5 - https:\/\/yoast.com\/product\/yoast-seo-wordpress\/ -->\n<title>Chant - Spirituartiste<\/title>\n<meta name=\"robots\" content=\"index, follow, max-snippet:-1, max-image-preview:large, max-video-preview:-1\" \/>\n<link rel=\"canonical\" href=\"https:\/\/spirituartiste.com\/?page_id=6481\" \/>\n<meta property=\"og:locale\" content=\"fr_FR\" \/>\n<meta property=\"og:type\" content=\"article\" \/>\n<meta property=\"og:title\" content=\"Chant - Spirituartiste\" \/>\n<meta property=\"og:description\" content=\"pr\u00e9sentation \u00a0 Cliquer ci dessous: \u00a0 Juste un petit mot explicatif concernant la diff\u00e9rence de nom&#8230; En cliquant sur l&rsquo;image vous serez conduits sur le site que j&rsquo;avais cr\u00e9\u00e9 \u00e0 mes d\u00e9buts de chanteuse. A l&rsquo;\u00e9poque, j&rsquo;\u00e9tais soucieuse de compartimenter ma vie et j&rsquo;ai donc choisi de prendre un nom de sc\u00e8ne. Il aurait \u00e9t\u00e9 [&hellip;]\" \/>\n<meta property=\"og:url\" content=\"https:\/\/spirituartiste.com\/?page_id=6481\" \/>\n<meta property=\"og:site_name\" content=\"Spirituartiste\" \/>\n<meta property=\"article:modified_time\" content=\"2023-02-09T22:06:02+00:00\" \/>\n<meta property=\"og:image\" content=\"http:\/\/sandrinedesbruyeres.e-monsite.com\/medias\/images\/photo-finie-vierge-1.jpg?fx=r_250_250\" \/>\n<meta name=\"twitter:card\" content=\"summary_large_image\" \/>\n<meta name=\"twitter:label1\" content=\"Dur\u00e9e de lecture estim\u00e9e\" \/>\n\t<meta name=\"twitter:data1\" content=\"1 minute\" \/>\n<script type=\"application\/ld+json\" class=\"yoast-schema-graph\">{\"@context\":\"https:\\\/\\\/schema.org\",\"@graph\":[{\"@type\":\"WebPage\",\"@id\":\"https:\\\/\\\/spirituartiste.com\\\/?page_id=6481\",\"url\":\"https:\\\/\\\/spirituartiste.com\\\/?page_id=6481\",\"name\":\"Chant - Spirituartiste\",\"isPartOf\":{\"@id\":\"https:\\\/\\\/spirituartiste.com\\\/#website\"},\"primaryImageOfPage\":{\"@id\":\"https:\\\/\\\/spirituartiste.com\\\/?page_id=6481#primaryimage\"},\"image\":{\"@id\":\"https:\\\/\\\/spirituartiste.com\\\/?page_id=6481#primaryimage\"},\"thumbnailUrl\":\"http:\\\/\\\/sandrinedesbruyeres.e-monsite.com\\\/medias\\\/images\\\/photo-finie-vierge-1.jpg?fx=r_250_250\",\"datePublished\":\"2020-01-04T13:38:30+00:00\",\"dateModified\":\"2023-02-09T22:06:02+00:00\",\"breadcrumb\":{\"@id\":\"https:\\\/\\\/spirituartiste.com\\\/?page_id=6481#breadcrumb\"},\"inLanguage\":\"fr-FR\",\"potentialAction\":[{\"@type\":\"ReadAction\",\"target\":[\"https:\\\/\\\/spirituartiste.com\\\/?page_id=6481\"]}]},{\"@type\":\"ImageObject\",\"inLanguage\":\"fr-FR\",\"@id\":\"https:\\\/\\\/spirituartiste.com\\\/?page_id=6481#primaryimage\",\"url\":\"http:\\\/\\\/sandrinedesbruyeres.e-monsite.com\\\/medias\\\/images\\\/photo-finie-vierge-1.jpg?fx=r_250_250\",\"contentUrl\":\"http:\\\/\\\/sandrinedesbruyeres.e-monsite.com\\\/medias\\\/images\\\/photo-finie-vierge-1.jpg?fx=r_250_250\"},{\"@type\":\"BreadcrumbList\",\"@id\":\"https:\\\/\\\/spirituartiste.com\\\/?page_id=6481#breadcrumb\",\"itemListElement\":[{\"@type\":\"ListItem\",\"position\":1,\"name\":\"Accueil\",\"item\":\"https:\\\/\\\/spirituartiste.com\\\/\"},{\"@type\":\"ListItem\",\"position\":2,\"name\":\"Arts\",\"item\":\"https:\\\/\\\/spirituartiste.com\\\/?page_id=6480\"},{\"@type\":\"ListItem\",\"position\":3,\"name\":\"Chant\"}]},{\"@type\":\"WebSite\",\"@id\":\"https:\\\/\\\/spirituartiste.com\\\/#website\",\"url\":\"https:\\\/\\\/spirituartiste.com\\\/\",\"name\":\"Spirituartiste\",\"description\":\"Sandrine L\u00e9ger\",\"publisher\":{\"@id\":\"https:\\\/\\\/spirituartiste.com\\\/#\\\/schema\\\/person\\\/9862bc39ecd45c4272d890f918eadb47\"},\"potentialAction\":[{\"@type\":\"SearchAction\",\"target\":{\"@type\":\"EntryPoint\",\"urlTemplate\":\"https:\\\/\\\/spirituartiste.com\\\/?s={search_term_string}\"},\"query-input\":{\"@type\":\"PropertyValueSpecification\",\"valueRequired\":true,\"valueName\":\"search_term_string\"}}],\"inLanguage\":\"fr-FR\"},{\"@type\":[\"Person\",\"Organization\"],\"@id\":\"https:\\\/\\\/spirituartiste.com\\\/#\\\/schema\\\/person\\\/9862bc39ecd45c4272d890f918eadb47\",\"name\":\"Sandrine_leger2018\",\"image\":{\"@type\":\"ImageObject\",\"inLanguage\":\"fr-FR\",\"@id\":\"https:\\\/\\\/spirituartiste.com\\\/wp-content\\\/uploads\\\/2023\\\/02\\\/cropped-site-spirituartiste.png\",\"url\":\"https:\\\/\\\/spirituartiste.com\\\/wp-content\\\/uploads\\\/2023\\\/02\\\/cropped-site-spirituartiste.png\",\"contentUrl\":\"https:\\\/\\\/spirituartiste.com\\\/wp-content\\\/uploads\\\/2023\\\/02\\\/cropped-site-spirituartiste.png\",\"width\":152,\"height\":153,\"caption\":\"Sandrine_leger2018\"},\"logo\":{\"@id\":\"https:\\\/\\\/spirituartiste.com\\\/wp-content\\\/uploads\\\/2023\\\/02\\\/cropped-site-spirituartiste.png\"},\"sameAs\":[\"http:\\\/\\\/spirituartiste.com\"]}]}<\/script>\n<!-- \/ Yoast SEO plugin. -->","yoast_head_json":{"title":"Chant - Spirituartiste","robots":{"index":"index","follow":"follow","max-snippet":"max-snippet:-1","max-image-preview":"max-image-preview:large","max-video-preview":"max-video-preview:-1"},"canonical":"https:\/\/spirituartiste.com\/?page_id=6481","og_locale":"fr_FR","og_type":"article","og_title":"Chant - Spirituartiste","og_description":"pr\u00e9sentation \u00a0 Cliquer ci dessous: \u00a0 Juste un petit mot explicatif concernant la diff\u00e9rence de nom&#8230; En cliquant sur l&rsquo;image vous serez conduits sur le site que j&rsquo;avais cr\u00e9\u00e9 \u00e0 mes d\u00e9buts de chanteuse. A l&rsquo;\u00e9poque, j&rsquo;\u00e9tais soucieuse de compartimenter ma vie et j&rsquo;ai donc choisi de prendre un nom de sc\u00e8ne. Il aurait \u00e9t\u00e9 [&hellip;]","og_url":"https:\/\/spirituartiste.com\/?page_id=6481","og_site_name":"Spirituartiste","article_modified_time":"2023-02-09T22:06:02+00:00","og_image":[{"url":"http:\/\/sandrinedesbruyeres.e-monsite.com\/medias\/images\/photo-finie-vierge-1.jpg?fx=r_250_250","type":"","width":"","height":""}],"twitter_card":"summary_large_image","twitter_misc":{"Dur\u00e9e de lecture estim\u00e9e":"1 minute"},"schema":{"@context":"https:\/\/schema.org","@graph":[{"@type":"WebPage","@id":"https:\/\/spirituartiste.com\/?page_id=6481","url":"https:\/\/spirituartiste.com\/?page_id=6481","name":"Chant - Spirituartiste","isPartOf":{"@id":"https:\/\/spirituartiste.com\/#website"},"primaryImageOfPage":{"@id":"https:\/\/spirituartiste.com\/?page_id=6481#primaryimage"},"image":{"@id":"https:\/\/spirituartiste.com\/?page_id=6481#primaryimage"},"thumbnailUrl":"http:\/\/sandrinedesbruyeres.e-monsite.com\/medias\/images\/photo-finie-vierge-1.jpg?fx=r_250_250","datePublished":"2020-01-04T13:38:30+00:00","dateModified":"2023-02-09T22:06:02+00:00","breadcrumb":{"@id":"https:\/\/spirituartiste.com\/?page_id=6481#breadcrumb"},"inLanguage":"fr-FR","potentialAction":[{"@type":"ReadAction","target":["https:\/\/spirituartiste.com\/?page_id=6481"]}]},{"@type":"ImageObject","inLanguage":"fr-FR","@id":"https:\/\/spirituartiste.com\/?page_id=6481#primaryimage","url":"http:\/\/sandrinedesbruyeres.e-monsite.com\/medias\/images\/photo-finie-vierge-1.jpg?fx=r_250_250","contentUrl":"http:\/\/sandrinedesbruyeres.e-monsite.com\/medias\/images\/photo-finie-vierge-1.jpg?fx=r_250_250"},{"@type":"BreadcrumbList","@id":"https:\/\/spirituartiste.com\/?page_id=6481#breadcrumb","itemListElement":[{"@type":"ListItem","position":1,"name":"Accueil","item":"https:\/\/spirituartiste.com\/"},{"@type":"ListItem","position":2,"name":"Arts","item":"https:\/\/spirituartiste.com\/?page_id=6480"},{"@type":"ListItem","position":3,"name":"Chant"}]},{"@type":"WebSite","@id":"https:\/\/spirituartiste.com\/#website","url":"https:\/\/spirituartiste.com\/","name":"Spirituartiste","description":"Sandrine L\u00e9ger","publisher":{"@id":"https:\/\/spirituartiste.com\/#\/schema\/person\/9862bc39ecd45c4272d890f918eadb47"},"potentialAction":[{"@type":"SearchAction","target":{"@type":"EntryPoint","urlTemplate":"https:\/\/spirituartiste.com\/?s={search_term_string}"},"query-input":{"@type":"PropertyValueSpecification","valueRequired":true,"valueName":"search_term_string"}}],"inLanguage":"fr-FR"},{"@type":["Person","Organization"],"@id":"https:\/\/spirituartiste.com\/#\/schema\/person\/9862bc39ecd45c4272d890f918eadb47","name":"Sandrine_leger2018","image":{"@type":"ImageObject","inLanguage":"fr-FR","@id":"https:\/\/spirituartiste.com\/wp-content\/uploads\/2023\/02\/cropped-site-spirituartiste.png","url":"https:\/\/spirituartiste.com\/wp-content\/uploads\/2023\/02\/cropped-site-spirituartiste.png","contentUrl":"https:\/\/spirituartiste.com\/wp-content\/uploads\/2023\/02\/cropped-site-spirituartiste.png","width":152,"height":153,"caption":"Sandrine_leger2018"},"logo":{"@id":"https:\/\/spirituartiste.com\/wp-content\/uploads\/2023\/02\/cropped-site-spirituartiste.png"},"sameAs":["http:\/\/spirituartiste.com"]}]}},"_links":{"self":[{"href":"https:\/\/spirituartiste.com\/index.php?rest_route=\/wp\/v2\/pages\/6481","targetHints":{"allow":["GET"]}}],"collection":[{"href":"https:\/\/spirituartiste.com\/index.php?rest_route=\/wp\/v2\/pages"}],"about":[{"href":"https:\/\/spirituartiste.com\/index.php?rest_route=\/wp\/v2\/types\/page"}],"author":[{"embeddable":true,"href":"https:\/\/spirituartiste.com\/index.php?rest_route=\/wp\/v2\/users\/1"}],"replies":[{"embeddable":true,"href":"https:\/\/spirituartiste.com\/index.php?rest_route=%2Fwp%2Fv2%2Fcomments&post=6481"}],"version-history":[{"count":9,"href":"https:\/\/spirituartiste.com\/index.php?rest_route=\/wp\/v2\/pages\/6481\/revisions"}],"predecessor-version":[{"id":8178,"href":"https:\/\/spirituartiste.com\/index.php?rest_route=\/wp\/v2\/pages\/6481\/revisions\/8178"}],"up":[{"embeddable":true,"href":"https:\/\/spirituartiste.com\/index.php?rest_route=\/wp\/v2\/pages\/6480"}],"wp:attachment":[{"href":"https:\/\/spirituartiste.com\/index.php?rest_route=%2Fwp%2Fv2%2Fmedia&parent=6481"}],"curies":[{"name":"wp","href":"https:\/\/api.w.org\/{rel}","templated":true}]}}