{"id":6484,"date":"2020-01-04T15:38:33","date_gmt":"2020-01-04T13:38:33","guid":{"rendered":"https:\/\/spirituartiste.com\/arts-7\/peinture\/presentation\/"},"modified":"2023-05-22T12:12:32","modified_gmt":"2023-05-22T10:12:32","slug":"presentation","status":"publish","type":"page","link":"https:\/\/spirituartiste.com\/?page_id=6484","title":{"rendered":"Pr\u00e9sentation"},"content":{"rendered":"\t\t<div data-elementor-type=\"wp-page\" data-elementor-id=\"6484\" class=\"elementor elementor-6484\">\n\t\t\t\t\t\t<section class=\"elementor-section elementor-top-section elementor-element elementor-element-6c3b4165 elementor-section-boxed elementor-section-height-default elementor-section-height-default\" data-id=\"6c3b4165\" data-element_type=\"section\" data-e-type=\"section\">\n\t\t\t\t\t\t<div class=\"elementor-container elementor-column-gap-default\">\n\t\t\t\t\t<div class=\"elementor-column elementor-col-100 elementor-top-column elementor-element elementor-element-5a5e5961\" data-id=\"5a5e5961\" data-element_type=\"column\" data-e-type=\"column\">\n\t\t\t<div class=\"elementor-widget-wrap elementor-element-populated\">\n\t\t\t\t\t\t<div class=\"elementor-element elementor-element-1b0c3a6c elementor-widget elementor-widget-text-editor\" data-id=\"1b0c3a6c\" data-element_type=\"widget\" data-e-type=\"widget\" data-widget_type=\"text-editor.default\">\n\t\t\t\t<div class=\"elementor-widget-container\">\n\t\t\t\t\t\t\t\t\t<div><div><div style=\"width: 100%;\"><p>\u00a0<\/p><p>Transcrire la Vie, la vibration de l&rsquo;\u00catre. La Pr\u00e9sence. Ce que je trouve beau. Chaud. Tendre. Fort.<\/p><p>Quel que soit le sujet, ce sont les vibrations positives qui m&rsquo;attirent et que je veux faire rayonner.<\/p><p>Pour moi, l&rsquo;Art ne s&rsquo;explique pas, il se ressent\u00a0!<\/p><p>\u00a0<\/p><\/div><\/div><div><div style=\"width: 100%;\"><p>La lumi\u00e8re m&rsquo;attire, les couleurs, le jeu entre le flou et le net, la transparence, la profondeur&#8230; les contrastes entre force et subtilit\u00e9, couleurs et monochrome, pr\u00e9sence et absence.<\/p><p>\u00a0<\/p><p>De nouveaux questionnements m&rsquo;interpellent\u00a0; que peut-on garder pour conserver la Pr\u00e9sence\u00a0? Retirer\u00a0pour sugg\u00e9rer\u00a0?<\/p><p>\u00a0<\/p><p>Je suis en recherche permanente.<\/p><p>Je ne veux pas m&rsquo;enfermer dans un style, une \u00e9criture ou dans un media particulier m\u00eame si j&rsquo;ai une affection particuli\u00e8re pour le pastel.<\/p><p>Il y a tant \u00e0 explorer et tant \u00e0 progresser&#8230;<\/p><p>\u00a0<\/p><p>Trouver la beaut\u00e9 autour de soi, la regarder avec attention. Oui, la banalit\u00e9 n&rsquo;est que la surface&#8230;<\/p><p>L&rsquo;\u00e9nergie de vie est partout et c&rsquo;est ce miracle que je tente humblement de capter. Si le c\u0153ur du spectateur est aussi touch\u00e9 que le mien, alors j&rsquo;ai r\u00e9ussi mon \u0153uvre.<\/p><\/div><p>\u00a0<\/p><\/div><\/div><div><div><div style=\"width: 100%;\"><p>J&rsquo;ai commenc\u00e9 \u00e0 peindre en juin 2015&#8230;<\/p><p>\u00a0<\/p><p>Depuis j&rsquo;ai \u00e9norm\u00e9ment appris: par les cours (avec Laure Ketfa et Patricia Neveu), les lectures (Pratique des Arts et l&rsquo;Art de l&rsquo;Aquarelle en particulier et de nombreux livres), les vid\u00e9os (Jo\u00eblle Krupa-Astruc et Roland Palmaerts pour ne citer qu&rsquo;eux&#8230;), les discussions (Mille mercis \u00e0 la patience de Patricia Neveu et L\u00e9a Lord \u00e0 mes premiers balbutiements), et bien s\u00fbr les stages (de pastel et d&rsquo;aquarelle)<\/p><p>\u00a0<\/p><p>Si j&rsquo;aime particuli\u00e8rement le pastel, je suis totalement frustr\u00e9e par la n\u00e9cessit\u00e9 de mettre une vitre sur ces oeuvres. Une vitre c&rsquo;est le meilleur moyen d&rsquo;\u00e9touffer les vibrations de la couleur. Or s&rsquo;il y a bien un m\u00e9dium qui vibre&#8230; c&rsquo;est le pastel!<\/p><p>Chemin faisant j&rsquo;ai commenc\u00e9 \u00e0 pratiquer l&rsquo;aquarelle. Trop compliqu\u00e9e jugeais-je au d\u00e9part et trop c\u00e9r\u00e9brale pour moi avec toute cette construction par couches et cette planification pour pouvoir r\u00e9server les blancs dans l&rsquo;oeuvre.<\/p><p>Finalement je me suis prise au jeu&#8230;<\/p><p>\u00a0<\/p><p>L&rsquo;aquarelle est cependant relativement fragile \u00e0 la lumi\u00e8re c&rsquo;est pourquoi je me suis tourn\u00e9e aussi vers l&rsquo;encre.<\/p><p>Plus difficile que l&rsquo;aquarelle en fait! Car il est impossible de retirer des pigments apr\u00e8s s\u00e9chage comme \u00e0 l&rsquo;aquarelle&#8230;<\/p><p>Je suis ensuite revenue \u00e0 l&rsquo;aquarelle puis aux techniques mixtes en combinant aquarelle\/encre\/pastel.<\/p><p>C&rsquo;est tellement excitant la nouveaut\u00e9!<\/p><p>\u00a0<\/p><p>J&rsquo;ai commenc\u00e9 en autodidacte en laissant jaillir ce qui sortait de moi (Expositions sourires en \u00ab\u00a02016\u00a0\u00bb) puis je me suis engag\u00e9e dans un apprentissage technique \u00e0 travers diff\u00e9rents m\u00e9dias qui a provoqu\u00e9 un temps d&rsquo;int\u00e9gration pendant lequel ma peinture est devenue plus scolaire.<\/p><p>Je recommence depuis peu \u00e0 sentir un vent de libert\u00e9 que je compte bien laisser souffler vers des horizons encore inconnus \u00e0 ce jour!<\/p><p>\u00a0<\/p><\/div><div style=\"width: 100%;\"><p>Ne vous \u00e9tonnez donc pas si se c\u00f4toient des esprits tr\u00e8s diff\u00e9rents dans ce que je pr\u00e9sente.<\/p><p>\u00a0<\/p><p>Je reste un \u00eatre libre par essence.<\/p><\/div><\/div><\/div><div><div><div style=\"width: 100%;\">\u00a0<\/div><\/div><\/div><div><div><div style=\"width: 100%;\">\u00a0<\/div><\/div><\/div>\t\t\t\t\t\t\t\t<\/div>\n\t\t\t\t<\/div>\n\t\t\t\t\t<\/div>\n\t\t<\/div>\n\t\t\t\t\t<\/div>\n\t\t<\/section>\n\t\t\t\t<section class=\"elementor-section elementor-top-section elementor-element elementor-element-944fe50 elementor-section-boxed elementor-section-height-default elementor-section-height-default\" data-id=\"944fe50\" data-element_type=\"section\" data-e-type=\"section\">\n\t\t\t\t\t\t<div class=\"elementor-container elementor-column-gap-default\">\n\t\t\t\t\t<div class=\"elementor-column elementor-col-100 elementor-top-column elementor-element elementor-element-879decf\" data-id=\"879decf\" data-element_type=\"column\" data-e-type=\"column\">\n\t\t\t<div class=\"elementor-widget-wrap elementor-element-populated\">\n\t\t\t\t\t\t<div class=\"elementor-element elementor-element-7fde0fb elementor-widget elementor-widget-text-editor\" data-id=\"7fde0fb\" data-element_type=\"widget\" data-e-type=\"widget\" data-widget_type=\"text-editor.default\">\n\t\t\t\t<div class=\"elementor-widget-container\">\n\t\t\t\t\t\t\t\t\t<p>Sandrine L\u00e9ger 2023<\/p>\t\t\t\t\t\t\t\t<\/div>\n\t\t\t\t<\/div>\n\t\t\t\t\t<\/div>\n\t\t<\/div>\n\t\t\t\t\t<\/div>\n\t\t<\/section>\n\t\t\t\t<\/div>\n\t\t","protected":false},"excerpt":{"rendered":"<p>\u00a0 Transcrire la Vie, la vibration de l&rsquo;\u00catre. La Pr\u00e9sence. Ce que je trouve beau. Chaud. Tendre. Fort. Quel que soit le sujet, ce sont les vibrations positives qui m&rsquo;attirent et que je veux faire rayonner. Pour moi, l&rsquo;Art ne s&rsquo;explique pas, il se ressent\u00a0! \u00a0 La lumi\u00e8re m&rsquo;attire, les couleurs, le jeu entre le [&hellip;]<\/p>\n","protected":false},"author":1,"featured_media":0,"parent":6482,"menu_order":58,"comment_status":"closed","ping_status":"closed","template":"","meta":{"site-sidebar-layout":"default","site-content-layout":"","ast-site-content-layout":"default","site-content-style":"default","site-sidebar-style":"default","ast-global-header-display":"","ast-banner-title-visibility":"","ast-main-header-display":"","ast-hfb-above-header-display":"","ast-hfb-below-header-display":"","ast-hfb-mobile-header-display":"","site-post-title":"","ast-breadcrumbs-content":"","ast-featured-img":"","footer-sml-layout":"","ast-disable-related-posts":"","theme-transparent-header-meta":"","adv-header-id-meta":"","stick-header-meta":"","header-above-stick-meta":"","header-main-stick-meta":"","header-below-stick-meta":"","astra-migrate-meta-layouts":"default","ast-page-background-enabled":"default","ast-page-background-meta":{"desktop":{"background-color":"","background-image":"","background-repeat":"repeat","background-position":"center center","background-size":"auto","background-attachment":"scroll","background-type":"","background-media":"","overlay-type":"","overlay-color":"","overlay-opacity":"","overlay-gradient":""},"tablet":{"background-color":"","background-image":"","background-repeat":"repeat","background-position":"center center","background-size":"auto","background-attachment":"scroll","background-type":"","background-media":"","overlay-type":"","overlay-color":"","overlay-opacity":"","overlay-gradient":""},"mobile":{"background-color":"","background-image":"","background-repeat":"repeat","background-position":"center center","background-size":"auto","background-attachment":"scroll","background-type":"","background-media":"","overlay-type":"","overlay-color":"","overlay-opacity":"","overlay-gradient":""}},"ast-content-background-meta":{"desktop":{"background-color":"var(--ast-global-color-5)","background-image":"","background-repeat":"repeat","background-position":"center center","background-size":"auto","background-attachment":"scroll","background-type":"","background-media":"","overlay-type":"","overlay-color":"","overlay-opacity":"","overlay-gradient":""},"tablet":{"background-color":"var(--ast-global-color-5)","background-image":"","background-repeat":"repeat","background-position":"center center","background-size":"auto","background-attachment":"scroll","background-type":"","background-media":"","overlay-type":"","overlay-color":"","overlay-opacity":"","overlay-gradient":""},"mobile":{"background-color":"var(--ast-global-color-5)","background-image":"","background-repeat":"repeat","background-position":"center center","background-size":"auto","background-attachment":"scroll","background-type":"","background-media":"","overlay-type":"","overlay-color":"","overlay-opacity":"","overlay-gradient":""}},"footnotes":""},"class_list":["post-6484","page","type-page","status-publish","hentry"],"yoast_head":"<!-- This site is optimized with the Yoast SEO plugin v27.5 - https:\/\/yoast.com\/product\/yoast-seo-wordpress\/ -->\n<title>Pr\u00e9sentation - Spirituartiste<\/title>\n<meta name=\"robots\" content=\"index, follow, max-snippet:-1, max-image-preview:large, max-video-preview:-1\" \/>\n<link rel=\"canonical\" href=\"https:\/\/spirituartiste.com\/?page_id=6484\" \/>\n<meta property=\"og:locale\" content=\"fr_FR\" \/>\n<meta property=\"og:type\" content=\"article\" \/>\n<meta property=\"og:title\" content=\"Pr\u00e9sentation - Spirituartiste\" \/>\n<meta property=\"og:description\" content=\"\u00a0 Transcrire la Vie, la vibration de l&rsquo;\u00catre. La Pr\u00e9sence. Ce que je trouve beau. Chaud. Tendre. Fort. Quel que soit le sujet, ce sont les vibrations positives qui m&rsquo;attirent et que je veux faire rayonner. Pour moi, l&rsquo;Art ne s&rsquo;explique pas, il se ressent\u00a0! \u00a0 La lumi\u00e8re m&rsquo;attire, les couleurs, le jeu entre le [&hellip;]\" \/>\n<meta property=\"og:url\" content=\"https:\/\/spirituartiste.com\/?page_id=6484\" \/>\n<meta property=\"og:site_name\" content=\"Spirituartiste\" \/>\n<meta property=\"article:modified_time\" content=\"2023-05-22T10:12:32+00:00\" \/>\n<meta name=\"twitter:card\" content=\"summary_large_image\" \/>\n<meta name=\"twitter:label1\" content=\"Dur\u00e9e de lecture estim\u00e9e\" \/>\n\t<meta name=\"twitter:data1\" content=\"3 minutes\" \/>\n<script type=\"application\/ld+json\" class=\"yoast-schema-graph\">{\"@context\":\"https:\\\/\\\/schema.org\",\"@graph\":[{\"@type\":\"WebPage\",\"@id\":\"https:\\\/\\\/spirituartiste.com\\\/?page_id=6484\",\"url\":\"https:\\\/\\\/spirituartiste.com\\\/?page_id=6484\",\"name\":\"Pr\u00e9sentation - Spirituartiste\",\"isPartOf\":{\"@id\":\"https:\\\/\\\/spirituartiste.com\\\/#website\"},\"datePublished\":\"2020-01-04T13:38:33+00:00\",\"dateModified\":\"2023-05-22T10:12:32+00:00\",\"breadcrumb\":{\"@id\":\"https:\\\/\\\/spirituartiste.com\\\/?page_id=6484#breadcrumb\"},\"inLanguage\":\"fr-FR\",\"potentialAction\":[{\"@type\":\"ReadAction\",\"target\":[\"https:\\\/\\\/spirituartiste.com\\\/?page_id=6484\"]}]},{\"@type\":\"BreadcrumbList\",\"@id\":\"https:\\\/\\\/spirituartiste.com\\\/?page_id=6484#breadcrumb\",\"itemListElement\":[{\"@type\":\"ListItem\",\"position\":1,\"name\":\"Accueil\",\"item\":\"https:\\\/\\\/spirituartiste.com\\\/\"},{\"@type\":\"ListItem\",\"position\":2,\"name\":\"Arts\",\"item\":\"https:\\\/\\\/spirituartiste.com\\\/?page_id=6480\"},{\"@type\":\"ListItem\",\"position\":3,\"name\":\"Peinture\",\"item\":\"https:\\\/\\\/spirituartiste.com\\\/?page_id=6482\"},{\"@type\":\"ListItem\",\"position\":4,\"name\":\"Pr\u00e9sentation\"}]},{\"@type\":\"WebSite\",\"@id\":\"https:\\\/\\\/spirituartiste.com\\\/#website\",\"url\":\"https:\\\/\\\/spirituartiste.com\\\/\",\"name\":\"Spirituartiste\",\"description\":\"Sandrine L\u00e9ger\",\"publisher\":{\"@id\":\"https:\\\/\\\/spirituartiste.com\\\/#\\\/schema\\\/person\\\/9862bc39ecd45c4272d890f918eadb47\"},\"potentialAction\":[{\"@type\":\"SearchAction\",\"target\":{\"@type\":\"EntryPoint\",\"urlTemplate\":\"https:\\\/\\\/spirituartiste.com\\\/?s={search_term_string}\"},\"query-input\":{\"@type\":\"PropertyValueSpecification\",\"valueRequired\":true,\"valueName\":\"search_term_string\"}}],\"inLanguage\":\"fr-FR\"},{\"@type\":[\"Person\",\"Organization\"],\"@id\":\"https:\\\/\\\/spirituartiste.com\\\/#\\\/schema\\\/person\\\/9862bc39ecd45c4272d890f918eadb47\",\"name\":\"Sandrine_leger2018\",\"image\":{\"@type\":\"ImageObject\",\"inLanguage\":\"fr-FR\",\"@id\":\"https:\\\/\\\/spirituartiste.com\\\/wp-content\\\/uploads\\\/2023\\\/02\\\/cropped-site-spirituartiste.png\",\"url\":\"https:\\\/\\\/spirituartiste.com\\\/wp-content\\\/uploads\\\/2023\\\/02\\\/cropped-site-spirituartiste.png\",\"contentUrl\":\"https:\\\/\\\/spirituartiste.com\\\/wp-content\\\/uploads\\\/2023\\\/02\\\/cropped-site-spirituartiste.png\",\"width\":152,\"height\":153,\"caption\":\"Sandrine_leger2018\"},\"logo\":{\"@id\":\"https:\\\/\\\/spirituartiste.com\\\/wp-content\\\/uploads\\\/2023\\\/02\\\/cropped-site-spirituartiste.png\"},\"sameAs\":[\"http:\\\/\\\/spirituartiste.com\"]}]}<\/script>\n<!-- \/ Yoast SEO plugin. -->","yoast_head_json":{"title":"Pr\u00e9sentation - Spirituartiste","robots":{"index":"index","follow":"follow","max-snippet":"max-snippet:-1","max-image-preview":"max-image-preview:large","max-video-preview":"max-video-preview:-1"},"canonical":"https:\/\/spirituartiste.com\/?page_id=6484","og_locale":"fr_FR","og_type":"article","og_title":"Pr\u00e9sentation - Spirituartiste","og_description":"\u00a0 Transcrire la Vie, la vibration de l&rsquo;\u00catre. La Pr\u00e9sence. Ce que je trouve beau. Chaud. Tendre. Fort. Quel que soit le sujet, ce sont les vibrations positives qui m&rsquo;attirent et que je veux faire rayonner. Pour moi, l&rsquo;Art ne s&rsquo;explique pas, il se ressent\u00a0! \u00a0 La lumi\u00e8re m&rsquo;attire, les couleurs, le jeu entre le [&hellip;]","og_url":"https:\/\/spirituartiste.com\/?page_id=6484","og_site_name":"Spirituartiste","article_modified_time":"2023-05-22T10:12:32+00:00","twitter_card":"summary_large_image","twitter_misc":{"Dur\u00e9e de lecture estim\u00e9e":"3 minutes"},"schema":{"@context":"https:\/\/schema.org","@graph":[{"@type":"WebPage","@id":"https:\/\/spirituartiste.com\/?page_id=6484","url":"https:\/\/spirituartiste.com\/?page_id=6484","name":"Pr\u00e9sentation - Spirituartiste","isPartOf":{"@id":"https:\/\/spirituartiste.com\/#website"},"datePublished":"2020-01-04T13:38:33+00:00","dateModified":"2023-05-22T10:12:32+00:00","breadcrumb":{"@id":"https:\/\/spirituartiste.com\/?page_id=6484#breadcrumb"},"inLanguage":"fr-FR","potentialAction":[{"@type":"ReadAction","target":["https:\/\/spirituartiste.com\/?page_id=6484"]}]},{"@type":"BreadcrumbList","@id":"https:\/\/spirituartiste.com\/?page_id=6484#breadcrumb","itemListElement":[{"@type":"ListItem","position":1,"name":"Accueil","item":"https:\/\/spirituartiste.com\/"},{"@type":"ListItem","position":2,"name":"Arts","item":"https:\/\/spirituartiste.com\/?page_id=6480"},{"@type":"ListItem","position":3,"name":"Peinture","item":"https:\/\/spirituartiste.com\/?page_id=6482"},{"@type":"ListItem","position":4,"name":"Pr\u00e9sentation"}]},{"@type":"WebSite","@id":"https:\/\/spirituartiste.com\/#website","url":"https:\/\/spirituartiste.com\/","name":"Spirituartiste","description":"Sandrine L\u00e9ger","publisher":{"@id":"https:\/\/spirituartiste.com\/#\/schema\/person\/9862bc39ecd45c4272d890f918eadb47"},"potentialAction":[{"@type":"SearchAction","target":{"@type":"EntryPoint","urlTemplate":"https:\/\/spirituartiste.com\/?s={search_term_string}"},"query-input":{"@type":"PropertyValueSpecification","valueRequired":true,"valueName":"search_term_string"}}],"inLanguage":"fr-FR"},{"@type":["Person","Organization"],"@id":"https:\/\/spirituartiste.com\/#\/schema\/person\/9862bc39ecd45c4272d890f918eadb47","name":"Sandrine_leger2018","image":{"@type":"ImageObject","inLanguage":"fr-FR","@id":"https:\/\/spirituartiste.com\/wp-content\/uploads\/2023\/02\/cropped-site-spirituartiste.png","url":"https:\/\/spirituartiste.com\/wp-content\/uploads\/2023\/02\/cropped-site-spirituartiste.png","contentUrl":"https:\/\/spirituartiste.com\/wp-content\/uploads\/2023\/02\/cropped-site-spirituartiste.png","width":152,"height":153,"caption":"Sandrine_leger2018"},"logo":{"@id":"https:\/\/spirituartiste.com\/wp-content\/uploads\/2023\/02\/cropped-site-spirituartiste.png"},"sameAs":["http:\/\/spirituartiste.com"]}]}},"_links":{"self":[{"href":"https:\/\/spirituartiste.com\/index.php?rest_route=\/wp\/v2\/pages\/6484","targetHints":{"allow":["GET"]}}],"collection":[{"href":"https:\/\/spirituartiste.com\/index.php?rest_route=\/wp\/v2\/pages"}],"about":[{"href":"https:\/\/spirituartiste.com\/index.php?rest_route=\/wp\/v2\/types\/page"}],"author":[{"embeddable":true,"href":"https:\/\/spirituartiste.com\/index.php?rest_route=\/wp\/v2\/users\/1"}],"replies":[{"embeddable":true,"href":"https:\/\/spirituartiste.com\/index.php?rest_route=%2Fwp%2Fv2%2Fcomments&post=6484"}],"version-history":[{"count":29,"href":"https:\/\/spirituartiste.com\/index.php?rest_route=\/wp\/v2\/pages\/6484\/revisions"}],"predecessor-version":[{"id":8397,"href":"https:\/\/spirituartiste.com\/index.php?rest_route=\/wp\/v2\/pages\/6484\/revisions\/8397"}],"up":[{"embeddable":true,"href":"https:\/\/spirituartiste.com\/index.php?rest_route=\/wp\/v2\/pages\/6482"}],"wp:attachment":[{"href":"https:\/\/spirituartiste.com\/index.php?rest_route=%2Fwp%2Fv2%2Fmedia&parent=6484"}],"curies":[{"name":"wp","href":"https:\/\/api.w.org\/{rel}","templated":true}]}}