{"id":6485,"date":"2020-01-04T15:38:34","date_gmt":"2020-01-04T13:38:34","guid":{"rendered":"https:\/\/spirituartiste.com\/arts-7\/peinture\/portrait-dune-presence\/"},"modified":"2023-02-23T22:26:09","modified_gmt":"2023-02-23T20:26:09","slug":"portrait-dune-presence","status":"publish","type":"page","link":"https:\/\/spirituartiste.com\/?page_id=6485","title":{"rendered":"Portrait d&rsquo;une pr\u00e9sence"},"content":{"rendered":"\t\t<div data-elementor-type=\"wp-page\" data-elementor-id=\"6485\" class=\"elementor elementor-6485\">\n\t\t\t\t\t\t<section class=\"elementor-section elementor-top-section elementor-element elementor-element-3144d63 elementor-section-boxed elementor-section-height-default elementor-section-height-default\" data-id=\"3144d63\" data-element_type=\"section\" data-e-type=\"section\">\n\t\t\t\t\t\t<div class=\"elementor-container elementor-column-gap-default\">\n\t\t\t\t\t<div class=\"elementor-column elementor-col-100 elementor-top-column elementor-element elementor-element-b8f8dcf\" data-id=\"b8f8dcf\" data-element_type=\"column\" data-e-type=\"column\">\n\t\t\t<div class=\"elementor-widget-wrap elementor-element-populated\">\n\t\t\t\t\t\t<div class=\"elementor-element elementor-element-aa71cf6 elementor-widget elementor-widget-text-editor\" data-id=\"aa71cf6\" data-element_type=\"widget\" data-e-type=\"widget\" data-widget_type=\"text-editor.default\">\n\t\t\t\t<div class=\"elementor-widget-container\">\n\t\t\t\t\t\t\t\t\t<p style=\"text-align: center;\">\u00a0<\/p><div class=\"art-content-layout\" style=\"text-align: center;\"><div class=\"art-content-layout-row\"><div class=\"art-layout-cell\"><p>Une des choses que je ressens profond\u00e9ment est la vibration qui se d\u00e9gage des \u00eatres.<\/p><p>Leur vibration de vie.<\/p><p>J&rsquo;essaie de retranscrire cela \u00e0 travers la peinture.<\/p><p style=\"text-align: center;\">Tout est vivant.<\/p><\/div><\/div><\/div><p style=\"text-align: center;\">\u00a0<\/p>\t\t\t\t\t\t\t\t<\/div>\n\t\t\t\t<\/div>\n\t\t\t\t\t<\/div>\n\t\t<\/div>\n\t\t\t\t\t<\/div>\n\t\t<\/section>\n\t\t\t\t<section class=\"elementor-section elementor-top-section elementor-element elementor-element-c433623 elementor-section-boxed elementor-section-height-default elementor-section-height-default\" data-id=\"c433623\" data-element_type=\"section\" data-e-type=\"section\">\n\t\t\t\t\t\t<div class=\"elementor-container elementor-column-gap-default\">\n\t\t\t\t\t<div class=\"elementor-column elementor-col-33 elementor-top-column elementor-element elementor-element-1aa0a72\" data-id=\"1aa0a72\" data-element_type=\"column\" data-e-type=\"column\">\n\t\t\t<div class=\"elementor-widget-wrap elementor-element-populated\">\n\t\t\t\t\t\t<div class=\"elementor-element elementor-element-90e0772 elementor-position-top elementor-widget elementor-widget-image-box\" data-id=\"90e0772\" data-element_type=\"widget\" data-e-type=\"widget\" data-widget_type=\"image-box.default\">\n\t\t\t\t<div class=\"elementor-widget-container\">\n\t\t\t\t\t<div class=\"elementor-image-box-wrapper\"><figure class=\"elementor-image-box-img\"><a href=\"https:\/\/spirituartiste.com\/?page_id=6486\" tabindex=\"-1\"><img fetchpriority=\"high\" decoding=\"async\" width=\"217\" height=\"300\" src=\"https:\/\/spirituartiste.com\/wp-content\/uploads\/2020\/01\/valentine-clair-obscur-5-217x300.jpg\" class=\"attachment-medium size-medium wp-image-6696\" alt=\"\" srcset=\"https:\/\/spirituartiste.com\/wp-content\/uploads\/2020\/01\/valentine-clair-obscur-5-217x300.jpg 217w, https:\/\/spirituartiste.com\/wp-content\/uploads\/2020\/01\/valentine-clair-obscur-5.jpg 470w\" sizes=\"(max-width: 217px) 100vw, 217px\" \/><\/a><\/figure><div class=\"elementor-image-box-content\"><h3 class=\"elementor-image-box-title\"><a href=\"https:\/\/spirituartiste.com\/?page_id=6486\">Humanit\u00e9<\/a><\/h3><\/div><\/div>\t\t\t\t<\/div>\n\t\t\t\t<\/div>\n\t\t\t\t\t<\/div>\n\t\t<\/div>\n\t\t\t\t<div class=\"elementor-column elementor-col-33 elementor-top-column elementor-element elementor-element-f626755\" data-id=\"f626755\" data-element_type=\"column\" data-e-type=\"column\">\n\t\t\t<div class=\"elementor-widget-wrap elementor-element-populated\">\n\t\t\t\t\t\t<div class=\"elementor-element elementor-element-50b1208 elementor-position-top elementor-widget elementor-widget-image-box\" data-id=\"50b1208\" data-element_type=\"widget\" data-e-type=\"widget\" data-widget_type=\"image-box.default\">\n\t\t\t\t<div class=\"elementor-widget-container\">\n\t\t\t\t\t<div class=\"elementor-image-box-wrapper\"><figure class=\"elementor-image-box-img\"><a href=\"https:\/\/spirituartiste.com\/?page_id=6487\" tabindex=\"-1\"><img decoding=\"async\" width=\"300\" height=\"300\" src=\"https:\/\/spirituartiste.com\/wp-content\/uploads\/2020\/01\/intensite-feline-1-300x300.jpg\" class=\"attachment-medium size-medium wp-image-6717\" alt=\"\" srcset=\"https:\/\/spirituartiste.com\/wp-content\/uploads\/2020\/01\/intensite-feline-1-300x300.jpg 300w, https:\/\/spirituartiste.com\/wp-content\/uploads\/2020\/01\/intensite-feline-1-150x150.jpg 150w, https:\/\/spirituartiste.com\/wp-content\/uploads\/2020\/01\/intensite-feline-1.jpg 500w\" sizes=\"(max-width: 300px) 100vw, 300px\" \/><\/a><\/figure><div class=\"elementor-image-box-content\"><h3 class=\"elementor-image-box-title\"><a href=\"https:\/\/spirituartiste.com\/?page_id=6487\">Animal<\/a><\/h3><\/div><\/div>\t\t\t\t<\/div>\n\t\t\t\t<\/div>\n\t\t\t\t\t<\/div>\n\t\t<\/div>\n\t\t\t\t<div class=\"elementor-column elementor-col-33 elementor-top-column elementor-element elementor-element-4cef6dd\" data-id=\"4cef6dd\" data-element_type=\"column\" data-e-type=\"column\">\n\t\t\t<div class=\"elementor-widget-wrap elementor-element-populated\">\n\t\t\t\t\t\t<div class=\"elementor-element elementor-element-7214184 elementor-position-top elementor-widget elementor-widget-image-box\" data-id=\"7214184\" data-element_type=\"widget\" data-e-type=\"widget\" data-widget_type=\"image-box.default\">\n\t\t\t\t<div class=\"elementor-widget-container\">\n\t\t\t\t\t<div class=\"elementor-image-box-wrapper\"><figure class=\"elementor-image-box-img\"><a href=\"https:\/\/spirituartiste.com\/?page_id=6488\" tabindex=\"-1\"><img decoding=\"async\" width=\"300\" height=\"224\" src=\"https:\/\/spirituartiste.com\/wp-content\/uploads\/2020\/01\/les-clematites-1-300x224.jpg\" class=\"attachment-medium size-medium wp-image-6753\" alt=\"\" srcset=\"https:\/\/spirituartiste.com\/wp-content\/uploads\/2020\/01\/les-clematites-1-300x224.jpg 300w, https:\/\/spirituartiste.com\/wp-content\/uploads\/2020\/01\/les-clematites-1-768x574.jpg 768w, https:\/\/spirituartiste.com\/wp-content\/uploads\/2020\/01\/les-clematites-1.jpg 800w\" sizes=\"(max-width: 300px) 100vw, 300px\" \/><\/a><\/figure><div class=\"elementor-image-box-content\"><h3 class=\"elementor-image-box-title\"><a href=\"https:\/\/spirituartiste.com\/?page_id=6488\">V\u00e9g\u00e9tal<\/a><\/h3><\/div><\/div>\t\t\t\t<\/div>\n\t\t\t\t<\/div>\n\t\t\t\t\t<\/div>\n\t\t<\/div>\n\t\t\t\t\t<\/div>\n\t\t<\/section>\n\t\t\t\t<\/div>\n\t\t","protected":false},"excerpt":{"rendered":"<p>\u00a0 Une des choses que je ressens profond\u00e9ment est la vibration qui se d\u00e9gage des \u00eatres. Leur vibration de vie. J&rsquo;essaie de retranscrire cela \u00e0 travers la peinture. Tout est vivant. \u00a0 Humanit\u00e9 Animal V\u00e9g\u00e9tal<\/p>\n","protected":false},"author":1,"featured_media":0,"parent":6482,"menu_order":59,"comment_status":"closed","ping_status":"closed","template":"","meta":{"site-sidebar-layout":"default","site-content-layout":"","ast-site-content-layout":"default","site-content-style":"default","site-sidebar-style":"default","ast-global-header-display":"","ast-banner-title-visibility":"","ast-main-header-display":"","ast-hfb-above-header-display":"","ast-hfb-below-header-display":"","ast-hfb-mobile-header-display":"","site-post-title":"","ast-breadcrumbs-content":"","ast-featured-img":"","footer-sml-layout":"","ast-disable-related-posts":"","theme-transparent-header-meta":"","adv-header-id-meta":"","stick-header-meta":"","header-above-stick-meta":"","header-main-stick-meta":"","header-below-stick-meta":"","astra-migrate-meta-layouts":"default","ast-page-background-enabled":"default","ast-page-background-meta":{"desktop":{"background-color":"","background-image":"","background-repeat":"repeat","background-position":"center center","background-size":"auto","background-attachment":"scroll","background-type":"","background-media":"","overlay-type":"","overlay-color":"","overlay-opacity":"","overlay-gradient":""},"tablet":{"background-color":"","background-image":"","background-repeat":"repeat","background-position":"center center","background-size":"auto","background-attachment":"scroll","background-type":"","background-media":"","overlay-type":"","overlay-color":"","overlay-opacity":"","overlay-gradient":""},"mobile":{"background-color":"","background-image":"","background-repeat":"repeat","background-position":"center center","background-size":"auto","background-attachment":"scroll","background-type":"","background-media":"","overlay-type":"","overlay-color":"","overlay-opacity":"","overlay-gradient":""}},"ast-content-background-meta":{"desktop":{"background-color":"var(--ast-global-color-5)","background-image":"","background-repeat":"repeat","background-position":"center center","background-size":"auto","background-attachment":"scroll","background-type":"","background-media":"","overlay-type":"","overlay-color":"","overlay-opacity":"","overlay-gradient":""},"tablet":{"background-color":"var(--ast-global-color-5)","background-image":"","background-repeat":"repeat","background-position":"center center","background-size":"auto","background-attachment":"scroll","background-type":"","background-media":"","overlay-type":"","overlay-color":"","overlay-opacity":"","overlay-gradient":""},"mobile":{"background-color":"var(--ast-global-color-5)","background-image":"","background-repeat":"repeat","background-position":"center center","background-size":"auto","background-attachment":"scroll","background-type":"","background-media":"","overlay-type":"","overlay-color":"","overlay-opacity":"","overlay-gradient":""}},"footnotes":""},"class_list":["post-6485","page","type-page","status-publish","hentry"],"yoast_head":"<!-- This site is optimized with the Yoast SEO plugin v27.5 - https:\/\/yoast.com\/product\/yoast-seo-wordpress\/ -->\n<title>Portrait d&#039;une pr\u00e9sence - Spirituartiste<\/title>\n<meta name=\"robots\" content=\"index, follow, max-snippet:-1, max-image-preview:large, max-video-preview:-1\" \/>\n<link rel=\"canonical\" href=\"https:\/\/spirituartiste.com\/?page_id=6485\" \/>\n<meta property=\"og:locale\" content=\"fr_FR\" \/>\n<meta property=\"og:type\" content=\"article\" \/>\n<meta property=\"og:title\" content=\"Portrait d&#039;une pr\u00e9sence - Spirituartiste\" \/>\n<meta property=\"og:description\" content=\"\u00a0 Une des choses que je ressens profond\u00e9ment est la vibration qui se d\u00e9gage des \u00eatres. Leur vibration de vie. J&rsquo;essaie de retranscrire cela \u00e0 travers la peinture. Tout est vivant. \u00a0 Humanit\u00e9 Animal V\u00e9g\u00e9tal\" \/>\n<meta property=\"og:url\" content=\"https:\/\/spirituartiste.com\/?page_id=6485\" \/>\n<meta property=\"og:site_name\" content=\"Spirituartiste\" \/>\n<meta property=\"article:modified_time\" content=\"2023-02-23T20:26:09+00:00\" \/>\n<meta property=\"og:image\" content=\"https:\/\/spirituartiste.com\/wp-content\/uploads\/2020\/01\/valentine-clair-obscur-5-217x300.jpg\" \/>\n<meta name=\"twitter:card\" content=\"summary_large_image\" \/>\n<meta name=\"twitter:label1\" content=\"Dur\u00e9e de lecture estim\u00e9e\" \/>\n\t<meta name=\"twitter:data1\" content=\"1 minute\" \/>\n<script type=\"application\/ld+json\" class=\"yoast-schema-graph\">{\"@context\":\"https:\\\/\\\/schema.org\",\"@graph\":[{\"@type\":\"WebPage\",\"@id\":\"https:\\\/\\\/spirituartiste.com\\\/?page_id=6485\",\"url\":\"https:\\\/\\\/spirituartiste.com\\\/?page_id=6485\",\"name\":\"Portrait d'une pr\u00e9sence - Spirituartiste\",\"isPartOf\":{\"@id\":\"https:\\\/\\\/spirituartiste.com\\\/#website\"},\"primaryImageOfPage\":{\"@id\":\"https:\\\/\\\/spirituartiste.com\\\/?page_id=6485#primaryimage\"},\"image\":{\"@id\":\"https:\\\/\\\/spirituartiste.com\\\/?page_id=6485#primaryimage\"},\"thumbnailUrl\":\"https:\\\/\\\/spirituartiste.com\\\/wp-content\\\/uploads\\\/2020\\\/01\\\/valentine-clair-obscur-5-217x300.jpg\",\"datePublished\":\"2020-01-04T13:38:34+00:00\",\"dateModified\":\"2023-02-23T20:26:09+00:00\",\"breadcrumb\":{\"@id\":\"https:\\\/\\\/spirituartiste.com\\\/?page_id=6485#breadcrumb\"},\"inLanguage\":\"fr-FR\",\"potentialAction\":[{\"@type\":\"ReadAction\",\"target\":[\"https:\\\/\\\/spirituartiste.com\\\/?page_id=6485\"]}]},{\"@type\":\"ImageObject\",\"inLanguage\":\"fr-FR\",\"@id\":\"https:\\\/\\\/spirituartiste.com\\\/?page_id=6485#primaryimage\",\"url\":\"https:\\\/\\\/spirituartiste.com\\\/wp-content\\\/uploads\\\/2020\\\/01\\\/valentine-clair-obscur-5.jpg\",\"contentUrl\":\"https:\\\/\\\/spirituartiste.com\\\/wp-content\\\/uploads\\\/2020\\\/01\\\/valentine-clair-obscur-5.jpg\",\"width\":470,\"height\":650,\"caption\":\"\u00ab Valentine (clair obscur) \u00bb Date: 2016 Acrylique et pastels secs Dimensions: 92 X 65 cm (Toile) 270 euros\"},{\"@type\":\"BreadcrumbList\",\"@id\":\"https:\\\/\\\/spirituartiste.com\\\/?page_id=6485#breadcrumb\",\"itemListElement\":[{\"@type\":\"ListItem\",\"position\":1,\"name\":\"Accueil\",\"item\":\"https:\\\/\\\/spirituartiste.com\\\/\"},{\"@type\":\"ListItem\",\"position\":2,\"name\":\"Arts\",\"item\":\"https:\\\/\\\/spirituartiste.com\\\/?page_id=6480\"},{\"@type\":\"ListItem\",\"position\":3,\"name\":\"Peinture\",\"item\":\"https:\\\/\\\/spirituartiste.com\\\/?page_id=6482\"},{\"@type\":\"ListItem\",\"position\":4,\"name\":\"Portrait d&rsquo;une pr\u00e9sence\"}]},{\"@type\":\"WebSite\",\"@id\":\"https:\\\/\\\/spirituartiste.com\\\/#website\",\"url\":\"https:\\\/\\\/spirituartiste.com\\\/\",\"name\":\"Spirituartiste\",\"description\":\"Sandrine L\u00e9ger\",\"publisher\":{\"@id\":\"https:\\\/\\\/spirituartiste.com\\\/#\\\/schema\\\/person\\\/9862bc39ecd45c4272d890f918eadb47\"},\"potentialAction\":[{\"@type\":\"SearchAction\",\"target\":{\"@type\":\"EntryPoint\",\"urlTemplate\":\"https:\\\/\\\/spirituartiste.com\\\/?s={search_term_string}\"},\"query-input\":{\"@type\":\"PropertyValueSpecification\",\"valueRequired\":true,\"valueName\":\"search_term_string\"}}],\"inLanguage\":\"fr-FR\"},{\"@type\":[\"Person\",\"Organization\"],\"@id\":\"https:\\\/\\\/spirituartiste.com\\\/#\\\/schema\\\/person\\\/9862bc39ecd45c4272d890f918eadb47\",\"name\":\"Sandrine_leger2018\",\"image\":{\"@type\":\"ImageObject\",\"inLanguage\":\"fr-FR\",\"@id\":\"https:\\\/\\\/spirituartiste.com\\\/wp-content\\\/uploads\\\/2023\\\/02\\\/cropped-site-spirituartiste.png\",\"url\":\"https:\\\/\\\/spirituartiste.com\\\/wp-content\\\/uploads\\\/2023\\\/02\\\/cropped-site-spirituartiste.png\",\"contentUrl\":\"https:\\\/\\\/spirituartiste.com\\\/wp-content\\\/uploads\\\/2023\\\/02\\\/cropped-site-spirituartiste.png\",\"width\":152,\"height\":153,\"caption\":\"Sandrine_leger2018\"},\"logo\":{\"@id\":\"https:\\\/\\\/spirituartiste.com\\\/wp-content\\\/uploads\\\/2023\\\/02\\\/cropped-site-spirituartiste.png\"},\"sameAs\":[\"http:\\\/\\\/spirituartiste.com\"]}]}<\/script>\n<!-- \/ Yoast SEO plugin. -->","yoast_head_json":{"title":"Portrait d'une pr\u00e9sence - Spirituartiste","robots":{"index":"index","follow":"follow","max-snippet":"max-snippet:-1","max-image-preview":"max-image-preview:large","max-video-preview":"max-video-preview:-1"},"canonical":"https:\/\/spirituartiste.com\/?page_id=6485","og_locale":"fr_FR","og_type":"article","og_title":"Portrait d'une pr\u00e9sence - Spirituartiste","og_description":"\u00a0 Une des choses que je ressens profond\u00e9ment est la vibration qui se d\u00e9gage des \u00eatres. Leur vibration de vie. J&rsquo;essaie de retranscrire cela \u00e0 travers la peinture. Tout est vivant. \u00a0 Humanit\u00e9 Animal V\u00e9g\u00e9tal","og_url":"https:\/\/spirituartiste.com\/?page_id=6485","og_site_name":"Spirituartiste","article_modified_time":"2023-02-23T20:26:09+00:00","og_image":[{"url":"https:\/\/spirituartiste.com\/wp-content\/uploads\/2020\/01\/valentine-clair-obscur-5-217x300.jpg","type":"","width":"","height":""}],"twitter_card":"summary_large_image","twitter_misc":{"Dur\u00e9e de lecture estim\u00e9e":"1 minute"},"schema":{"@context":"https:\/\/schema.org","@graph":[{"@type":"WebPage","@id":"https:\/\/spirituartiste.com\/?page_id=6485","url":"https:\/\/spirituartiste.com\/?page_id=6485","name":"Portrait d'une pr\u00e9sence - Spirituartiste","isPartOf":{"@id":"https:\/\/spirituartiste.com\/#website"},"primaryImageOfPage":{"@id":"https:\/\/spirituartiste.com\/?page_id=6485#primaryimage"},"image":{"@id":"https:\/\/spirituartiste.com\/?page_id=6485#primaryimage"},"thumbnailUrl":"https:\/\/spirituartiste.com\/wp-content\/uploads\/2020\/01\/valentine-clair-obscur-5-217x300.jpg","datePublished":"2020-01-04T13:38:34+00:00","dateModified":"2023-02-23T20:26:09+00:00","breadcrumb":{"@id":"https:\/\/spirituartiste.com\/?page_id=6485#breadcrumb"},"inLanguage":"fr-FR","potentialAction":[{"@type":"ReadAction","target":["https:\/\/spirituartiste.com\/?page_id=6485"]}]},{"@type":"ImageObject","inLanguage":"fr-FR","@id":"https:\/\/spirituartiste.com\/?page_id=6485#primaryimage","url":"https:\/\/spirituartiste.com\/wp-content\/uploads\/2020\/01\/valentine-clair-obscur-5.jpg","contentUrl":"https:\/\/spirituartiste.com\/wp-content\/uploads\/2020\/01\/valentine-clair-obscur-5.jpg","width":470,"height":650,"caption":"\u00ab Valentine (clair obscur) \u00bb Date: 2016 Acrylique et pastels secs Dimensions: 92 X 65 cm (Toile) 270 euros"},{"@type":"BreadcrumbList","@id":"https:\/\/spirituartiste.com\/?page_id=6485#breadcrumb","itemListElement":[{"@type":"ListItem","position":1,"name":"Accueil","item":"https:\/\/spirituartiste.com\/"},{"@type":"ListItem","position":2,"name":"Arts","item":"https:\/\/spirituartiste.com\/?page_id=6480"},{"@type":"ListItem","position":3,"name":"Peinture","item":"https:\/\/spirituartiste.com\/?page_id=6482"},{"@type":"ListItem","position":4,"name":"Portrait d&rsquo;une pr\u00e9sence"}]},{"@type":"WebSite","@id":"https:\/\/spirituartiste.com\/#website","url":"https:\/\/spirituartiste.com\/","name":"Spirituartiste","description":"Sandrine L\u00e9ger","publisher":{"@id":"https:\/\/spirituartiste.com\/#\/schema\/person\/9862bc39ecd45c4272d890f918eadb47"},"potentialAction":[{"@type":"SearchAction","target":{"@type":"EntryPoint","urlTemplate":"https:\/\/spirituartiste.com\/?s={search_term_string}"},"query-input":{"@type":"PropertyValueSpecification","valueRequired":true,"valueName":"search_term_string"}}],"inLanguage":"fr-FR"},{"@type":["Person","Organization"],"@id":"https:\/\/spirituartiste.com\/#\/schema\/person\/9862bc39ecd45c4272d890f918eadb47","name":"Sandrine_leger2018","image":{"@type":"ImageObject","inLanguage":"fr-FR","@id":"https:\/\/spirituartiste.com\/wp-content\/uploads\/2023\/02\/cropped-site-spirituartiste.png","url":"https:\/\/spirituartiste.com\/wp-content\/uploads\/2023\/02\/cropped-site-spirituartiste.png","contentUrl":"https:\/\/spirituartiste.com\/wp-content\/uploads\/2023\/02\/cropped-site-spirituartiste.png","width":152,"height":153,"caption":"Sandrine_leger2018"},"logo":{"@id":"https:\/\/spirituartiste.com\/wp-content\/uploads\/2023\/02\/cropped-site-spirituartiste.png"},"sameAs":["http:\/\/spirituartiste.com"]}]}},"_links":{"self":[{"href":"https:\/\/spirituartiste.com\/index.php?rest_route=\/wp\/v2\/pages\/6485","targetHints":{"allow":["GET"]}}],"collection":[{"href":"https:\/\/spirituartiste.com\/index.php?rest_route=\/wp\/v2\/pages"}],"about":[{"href":"https:\/\/spirituartiste.com\/index.php?rest_route=\/wp\/v2\/types\/page"}],"author":[{"embeddable":true,"href":"https:\/\/spirituartiste.com\/index.php?rest_route=\/wp\/v2\/users\/1"}],"replies":[{"embeddable":true,"href":"https:\/\/spirituartiste.com\/index.php?rest_route=%2Fwp%2Fv2%2Fcomments&post=6485"}],"version-history":[{"count":8,"href":"https:\/\/spirituartiste.com\/index.php?rest_route=\/wp\/v2\/pages\/6485\/revisions"}],"predecessor-version":[{"id":8325,"href":"https:\/\/spirituartiste.com\/index.php?rest_route=\/wp\/v2\/pages\/6485\/revisions\/8325"}],"up":[{"embeddable":true,"href":"https:\/\/spirituartiste.com\/index.php?rest_route=\/wp\/v2\/pages\/6482"}],"wp:attachment":[{"href":"https:\/\/spirituartiste.com\/index.php?rest_route=%2Fwp%2Fv2%2Fmedia&parent=6485"}],"curies":[{"name":"wp","href":"https:\/\/api.w.org\/{rel}","templated":true}]}}