{"id":6496,"date":"2020-01-04T15:38:45","date_gmt":"2020-01-04T13:38:45","guid":{"rendered":"https:\/\/spirituartiste.com\/ressources-7\/extraits-du-livre\/"},"modified":"2020-05-25T13:30:16","modified_gmt":"2020-05-25T11:30:16","slug":"extraits-du-livre","status":"publish","type":"page","link":"https:\/\/spirituartiste.com\/?page_id=6496","title":{"rendered":"Extraits du livre"},"content":{"rendered":"\t\t<div data-elementor-type=\"wp-page\" data-elementor-id=\"6496\" class=\"elementor elementor-6496\">\n\t\t\t\t\t\t<section class=\"elementor-section elementor-top-section elementor-element elementor-element-d6ef89c elementor-section-boxed elementor-section-height-default elementor-section-height-default\" data-id=\"d6ef89c\" data-element_type=\"section\" data-e-type=\"section\">\n\t\t\t\t\t\t<div class=\"elementor-container elementor-column-gap-default\">\n\t\t\t\t\t<div class=\"elementor-column elementor-col-100 elementor-top-column elementor-element elementor-element-5f0f6f5\" data-id=\"5f0f6f5\" data-element_type=\"column\" data-e-type=\"column\">\n\t\t\t<div class=\"elementor-widget-wrap elementor-element-populated\">\n\t\t\t\t\t\t<div class=\"elementor-element elementor-element-1bfb14e elementor-widget elementor-widget-text-editor\" data-id=\"1bfb14e\" data-element_type=\"widget\" data-e-type=\"widget\" data-widget_type=\"text-editor.default\">\n\t\t\t\t<div class=\"elementor-widget-container\">\n\t\t\t\t\t\t\t\t\t<p>\u00ab\u00a0LA MECANIQUE SUBTILE DE LA VIE\u00a0\u00bb<\/p>\t\t\t\t\t\t\t\t<\/div>\n\t\t\t\t<\/div>\n\t\t\t\t\t<\/div>\n\t\t<\/div>\n\t\t\t\t\t<\/div>\n\t\t<\/section>\n\t\t\t\t<section class=\"elementor-section elementor-top-section elementor-element elementor-element-1d4b6ea elementor-section-boxed elementor-section-height-default elementor-section-height-default\" data-id=\"1d4b6ea\" data-element_type=\"section\" data-e-type=\"section\">\n\t\t\t\t\t\t<div class=\"elementor-container elementor-column-gap-default\">\n\t\t\t\t\t<div class=\"elementor-column elementor-col-100 elementor-top-column elementor-element elementor-element-481afff\" data-id=\"481afff\" data-element_type=\"column\" data-e-type=\"column\">\n\t\t\t<div class=\"elementor-widget-wrap elementor-element-populated\">\n\t\t\t\t\t\t<div class=\"elementor-element elementor-element-c337c6a elementor-widget elementor-widget-text-editor\" data-id=\"c337c6a\" data-element_type=\"widget\" data-e-type=\"widget\" data-widget_type=\"text-editor.default\">\n\t\t\t\t<div class=\"elementor-widget-container\">\n\t\t\t\t\t\t\t\t\t<p>(Reconna\u00eetre le conditionnement \u00e0 la souffrance)<\/p>\t\t\t\t\t\t\t\t<\/div>\n\t\t\t\t<\/div>\n\t\t\t\t\t<\/div>\n\t\t<\/div>\n\t\t\t\t\t<\/div>\n\t\t<\/section>\n\t\t\t\t<section class=\"elementor-section elementor-top-section elementor-element elementor-element-16ce31e elementor-section-boxed elementor-section-height-default elementor-section-height-default\" data-id=\"16ce31e\" data-element_type=\"section\" data-e-type=\"section\">\n\t\t\t\t\t\t<div class=\"elementor-container elementor-column-gap-default\">\n\t\t\t\t\t<div class=\"elementor-column elementor-col-100 elementor-top-column elementor-element elementor-element-df75f6e\" data-id=\"df75f6e\" data-element_type=\"column\" data-e-type=\"column\">\n\t\t\t<div class=\"elementor-widget-wrap elementor-element-populated\">\n\t\t\t\t\t\t<div class=\"elementor-element elementor-element-cf4df41 elementor-widget elementor-widget-text-editor\" data-id=\"cf4df41\" data-element_type=\"widget\" data-e-type=\"widget\" data-widget_type=\"text-editor.default\">\n\t\t\t\t<div class=\"elementor-widget-container\">\n\t\t\t\t\t\t\t\t\t<p>Sandrine L\u00e9ger<\/p><p>219 pages<\/p>\t\t\t\t\t\t\t\t<\/div>\n\t\t\t\t<\/div>\n\t\t\t\t\t<\/div>\n\t\t<\/div>\n\t\t\t\t\t<\/div>\n\t\t<\/section>\n\t\t\t\t<section class=\"elementor-section elementor-top-section elementor-element elementor-element-f170344 elementor-section-boxed elementor-section-height-default elementor-section-height-default\" data-id=\"f170344\" data-element_type=\"section\" data-e-type=\"section\">\n\t\t\t\t\t\t<div class=\"elementor-container elementor-column-gap-default\">\n\t\t\t\t\t<div class=\"elementor-column elementor-col-33 elementor-top-column elementor-element elementor-element-06b63fa\" data-id=\"06b63fa\" data-element_type=\"column\" data-e-type=\"column\">\n\t\t\t<div class=\"elementor-widget-wrap elementor-element-populated\">\n\t\t\t\t\t\t<div class=\"elementor-element elementor-element-07be56d elementor-align-center elementor-widget elementor-widget-button\" data-id=\"07be56d\" data-element_type=\"widget\" data-e-type=\"widget\" data-widget_type=\"button.default\">\n\t\t\t\t<div class=\"elementor-widget-container\">\n\t\t\t\t\t\t\t\t\t<div class=\"elementor-button-wrapper\">\n\t\t\t\t\t<a class=\"elementor-button elementor-button-link elementor-size-xl\" href=\"https:\/\/spirituartiste.com\/?page_id=6509\">\n\t\t\t\t\t\t<span class=\"elementor-button-content-wrapper\">\n\t\t\t\t\t\t\t\t\t<span class=\"elementor-button-text\">EXTRAIT 1<\/span>\n\t\t\t\t\t<\/span>\n\t\t\t\t\t<\/a>\n\t\t\t\t<\/div>\n\t\t\t\t\t\t\t\t<\/div>\n\t\t\t\t<\/div>\n\t\t\t\t\t<\/div>\n\t\t<\/div>\n\t\t\t\t<div class=\"elementor-column elementor-col-33 elementor-top-column elementor-element elementor-element-f5f8ff8\" data-id=\"f5f8ff8\" data-element_type=\"column\" data-e-type=\"column\">\n\t\t\t<div class=\"elementor-widget-wrap elementor-element-populated\">\n\t\t\t\t\t\t<div class=\"elementor-element elementor-element-757edc2 elementor-align-center elementor-widget elementor-widget-button\" data-id=\"757edc2\" data-element_type=\"widget\" data-e-type=\"widget\" data-widget_type=\"button.default\">\n\t\t\t\t<div class=\"elementor-widget-container\">\n\t\t\t\t\t\t\t\t\t<div class=\"elementor-button-wrapper\">\n\t\t\t\t\t<a class=\"elementor-button elementor-button-link elementor-size-xl\" href=\"https:\/\/spirituartiste.com\/?page_id=6510\">\n\t\t\t\t\t\t<span class=\"elementor-button-content-wrapper\">\n\t\t\t\t\t\t\t\t\t<span class=\"elementor-button-text\">EXTRAIT 2<\/span>\n\t\t\t\t\t<\/span>\n\t\t\t\t\t<\/a>\n\t\t\t\t<\/div>\n\t\t\t\t\t\t\t\t<\/div>\n\t\t\t\t<\/div>\n\t\t\t\t\t<\/div>\n\t\t<\/div>\n\t\t\t\t<div class=\"elementor-column elementor-col-33 elementor-top-column elementor-element elementor-element-3f121a1\" data-id=\"3f121a1\" data-element_type=\"column\" data-e-type=\"column\">\n\t\t\t<div class=\"elementor-widget-wrap elementor-element-populated\">\n\t\t\t\t\t\t<div class=\"elementor-element elementor-element-b6bb458 elementor-align-center elementor-widget elementor-widget-button\" data-id=\"b6bb458\" data-element_type=\"widget\" data-e-type=\"widget\" data-widget_type=\"button.default\">\n\t\t\t\t<div class=\"elementor-widget-container\">\n\t\t\t\t\t\t\t\t\t<div class=\"elementor-button-wrapper\">\n\t\t\t\t\t<a class=\"elementor-button elementor-button-link elementor-size-xl\" href=\"https:\/\/spirituartiste.com\/?page_id=6511\">\n\t\t\t\t\t\t<span class=\"elementor-button-content-wrapper\">\n\t\t\t\t\t\t\t\t\t<span class=\"elementor-button-text\">EXTRAIT 3<\/span>\n\t\t\t\t\t<\/span>\n\t\t\t\t\t<\/a>\n\t\t\t\t<\/div>\n\t\t\t\t\t\t\t\t<\/div>\n\t\t\t\t<\/div>\n\t\t\t\t\t<\/div>\n\t\t<\/div>\n\t\t\t\t\t<\/div>\n\t\t<\/section>\n\t\t\t\t<section class=\"elementor-section elementor-top-section elementor-element elementor-element-76fd659 elementor-section-boxed elementor-section-height-default elementor-section-height-default\" data-id=\"76fd659\" data-element_type=\"section\" data-e-type=\"section\">\n\t\t\t\t\t\t<div class=\"elementor-container elementor-column-gap-default\">\n\t\t\t\t\t<div class=\"elementor-column elementor-col-100 elementor-top-column elementor-element elementor-element-81ee7aa\" data-id=\"81ee7aa\" data-element_type=\"column\" data-e-type=\"column\">\n\t\t\t<div class=\"elementor-widget-wrap\">\n\t\t\t\t\t\t\t<\/div>\n\t\t<\/div>\n\t\t\t\t\t<\/div>\n\t\t<\/section>\n\t\t\t\t<section class=\"elementor-section elementor-top-section elementor-element elementor-element-56f8bf3 elementor-section-boxed elementor-section-height-default elementor-section-height-default\" data-id=\"56f8bf3\" data-element_type=\"section\" data-e-type=\"section\">\n\t\t\t\t\t\t<div class=\"elementor-container elementor-column-gap-default\">\n\t\t\t\t\t<div class=\"elementor-column elementor-col-100 elementor-top-column elementor-element elementor-element-dfcefe2\" data-id=\"dfcefe2\" data-element_type=\"column\" data-e-type=\"column\">\n\t\t\t<div class=\"elementor-widget-wrap elementor-element-populated\">\n\t\t\t\t\t\t<div class=\"elementor-element elementor-element-3119e6f elementor-widget elementor-widget-text-editor\" data-id=\"3119e6f\" data-element_type=\"widget\" data-e-type=\"widget\" data-widget_type=\"text-editor.default\">\n\t\t\t\t<div class=\"elementor-widget-container\">\n\t\t\t\t\t\t\t\t\t<p style=\"text-align: center;\">Vous pouvez obtenir le livre GRATUITEMENT en format PDF sur simple demande de votre part\u00a0 \u00e0:<\/p><p style=\"text-align: center;\">spirituartiste@hotmail.com<\/p><p style=\"text-align: center;\">N&rsquo;oubliez pas de me laisser vos coordonn\u00e9es.<\/p><p style=\"text-align: center;\">Merci.<\/p>\t\t\t\t\t\t\t\t<\/div>\n\t\t\t\t<\/div>\n\t\t\t\t\t<\/div>\n\t\t<\/div>\n\t\t\t\t\t<\/div>\n\t\t<\/section>\n\t\t\t\t<\/div>\n\t\t","protected":false},"excerpt":{"rendered":"<p>\u00ab\u00a0LA MECANIQUE SUBTILE DE LA VIE\u00a0\u00bb (Reconna\u00eetre le conditionnement \u00e0 la souffrance) Sandrine L\u00e9ger 219 pages EXTRAIT 1 EXTRAIT 2 EXTRAIT 3 Vous pouvez obtenir le livre GRATUITEMENT en format PDF sur simple demande de votre part&nbsp; \u00e0: spirituartiste@hotmail.com N&rsquo;oubliez pas de me laisser vos coordonn\u00e9es. Merci.<\/p>\n","protected":false},"author":1,"featured_media":0,"parent":6495,"menu_order":70,"comment_status":"closed","ping_status":"closed","template":"","meta":{"site-sidebar-layout":"default","site-content-layout":"","ast-site-content-layout":"default","site-content-style":"default","site-sidebar-style":"default","ast-global-header-display":"","ast-banner-title-visibility":"","ast-main-header-display":"","ast-hfb-above-header-display":"","ast-hfb-below-header-display":"","ast-hfb-mobile-header-display":"","site-post-title":"","ast-breadcrumbs-content":"","ast-featured-img":"","footer-sml-layout":"","ast-disable-related-posts":"","theme-transparent-header-meta":"","adv-header-id-meta":"","stick-header-meta":"","header-above-stick-meta":"","header-main-stick-meta":"","header-below-stick-meta":"","astra-migrate-meta-layouts":"default","ast-page-background-enabled":"default","ast-page-background-meta":{"desktop":{"background-color":"","background-image":"","background-repeat":"repeat","background-position":"center center","background-size":"auto","background-attachment":"scroll","background-type":"","background-media":"","overlay-type":"","overlay-color":"","overlay-opacity":"","overlay-gradient":""},"tablet":{"background-color":"","background-image":"","background-repeat":"repeat","background-position":"center center","background-size":"auto","background-attachment":"scroll","background-type":"","background-media":"","overlay-type":"","overlay-color":"","overlay-opacity":"","overlay-gradient":""},"mobile":{"background-color":"","background-image":"","background-repeat":"repeat","background-position":"center center","background-size":"auto","background-attachment":"scroll","background-type":"","background-media":"","overlay-type":"","overlay-color":"","overlay-opacity":"","overlay-gradient":""}},"ast-content-background-meta":{"desktop":{"background-color":"var(--ast-global-color-5)","background-image":"","background-repeat":"repeat","background-position":"center center","background-size":"auto","background-attachment":"scroll","background-type":"","background-media":"","overlay-type":"","overlay-color":"","overlay-opacity":"","overlay-gradient":""},"tablet":{"background-color":"var(--ast-global-color-5)","background-image":"","background-repeat":"repeat","background-position":"center center","background-size":"auto","background-attachment":"scroll","background-type":"","background-media":"","overlay-type":"","overlay-color":"","overlay-opacity":"","overlay-gradient":""},"mobile":{"background-color":"var(--ast-global-color-5)","background-image":"","background-repeat":"repeat","background-position":"center center","background-size":"auto","background-attachment":"scroll","background-type":"","background-media":"","overlay-type":"","overlay-color":"","overlay-opacity":"","overlay-gradient":""}},"footnotes":""},"class_list":["post-6496","page","type-page","status-publish","hentry"],"yoast_head":"<!-- This site is optimized with the Yoast SEO plugin v27.5 - https:\/\/yoast.com\/product\/yoast-seo-wordpress\/ -->\n<title>Extraits du livre - Spirituartiste<\/title>\n<meta name=\"robots\" content=\"index, follow, max-snippet:-1, max-image-preview:large, max-video-preview:-1\" \/>\n<link rel=\"canonical\" href=\"https:\/\/spirituartiste.com\/?page_id=6496\" \/>\n<meta property=\"og:locale\" content=\"fr_FR\" \/>\n<meta property=\"og:type\" content=\"article\" \/>\n<meta property=\"og:title\" content=\"Extraits du livre - Spirituartiste\" \/>\n<meta property=\"og:description\" content=\"\u00ab\u00a0LA MECANIQUE SUBTILE DE LA VIE\u00a0\u00bb (Reconna\u00eetre le conditionnement \u00e0 la souffrance) Sandrine L\u00e9ger 219 pages EXTRAIT 1 EXTRAIT 2 EXTRAIT 3 Vous pouvez obtenir le livre GRATUITEMENT en format PDF sur simple demande de votre part&nbsp; \u00e0: spirituartiste@hotmail.com N&rsquo;oubliez pas de me laisser vos coordonn\u00e9es. Merci.\" \/>\n<meta property=\"og:url\" content=\"https:\/\/spirituartiste.com\/?page_id=6496\" \/>\n<meta property=\"og:site_name\" content=\"Spirituartiste\" \/>\n<meta property=\"article:modified_time\" content=\"2020-05-25T11:30:16+00:00\" \/>\n<meta name=\"twitter:card\" content=\"summary_large_image\" \/>\n<script type=\"application\/ld+json\" class=\"yoast-schema-graph\">{\"@context\":\"https:\\\/\\\/schema.org\",\"@graph\":[{\"@type\":\"WebPage\",\"@id\":\"https:\\\/\\\/spirituartiste.com\\\/?page_id=6496\",\"url\":\"https:\\\/\\\/spirituartiste.com\\\/?page_id=6496\",\"name\":\"Extraits du livre - Spirituartiste\",\"isPartOf\":{\"@id\":\"https:\\\/\\\/spirituartiste.com\\\/#website\"},\"datePublished\":\"2020-01-04T13:38:45+00:00\",\"dateModified\":\"2020-05-25T11:30:16+00:00\",\"breadcrumb\":{\"@id\":\"https:\\\/\\\/spirituartiste.com\\\/?page_id=6496#breadcrumb\"},\"inLanguage\":\"fr-FR\",\"potentialAction\":[{\"@type\":\"ReadAction\",\"target\":[\"https:\\\/\\\/spirituartiste.com\\\/?page_id=6496\"]}]},{\"@type\":\"BreadcrumbList\",\"@id\":\"https:\\\/\\\/spirituartiste.com\\\/?page_id=6496#breadcrumb\",\"itemListElement\":[{\"@type\":\"ListItem\",\"position\":1,\"name\":\"Accueil\",\"item\":\"https:\\\/\\\/spirituartiste.com\\\/\"},{\"@type\":\"ListItem\",\"position\":2,\"name\":\"Ressources\",\"item\":\"https:\\\/\\\/spirituartiste.com\\\/?page_id=6495\"},{\"@type\":\"ListItem\",\"position\":3,\"name\":\"Extraits du livre\"}]},{\"@type\":\"WebSite\",\"@id\":\"https:\\\/\\\/spirituartiste.com\\\/#website\",\"url\":\"https:\\\/\\\/spirituartiste.com\\\/\",\"name\":\"Spirituartiste\",\"description\":\"Sandrine L\u00e9ger\",\"publisher\":{\"@id\":\"https:\\\/\\\/spirituartiste.com\\\/#\\\/schema\\\/person\\\/9862bc39ecd45c4272d890f918eadb47\"},\"potentialAction\":[{\"@type\":\"SearchAction\",\"target\":{\"@type\":\"EntryPoint\",\"urlTemplate\":\"https:\\\/\\\/spirituartiste.com\\\/?s={search_term_string}\"},\"query-input\":{\"@type\":\"PropertyValueSpecification\",\"valueRequired\":true,\"valueName\":\"search_term_string\"}}],\"inLanguage\":\"fr-FR\"},{\"@type\":[\"Person\",\"Organization\"],\"@id\":\"https:\\\/\\\/spirituartiste.com\\\/#\\\/schema\\\/person\\\/9862bc39ecd45c4272d890f918eadb47\",\"name\":\"Sandrine_leger2018\",\"image\":{\"@type\":\"ImageObject\",\"inLanguage\":\"fr-FR\",\"@id\":\"https:\\\/\\\/spirituartiste.com\\\/wp-content\\\/uploads\\\/2023\\\/02\\\/cropped-site-spirituartiste.png\",\"url\":\"https:\\\/\\\/spirituartiste.com\\\/wp-content\\\/uploads\\\/2023\\\/02\\\/cropped-site-spirituartiste.png\",\"contentUrl\":\"https:\\\/\\\/spirituartiste.com\\\/wp-content\\\/uploads\\\/2023\\\/02\\\/cropped-site-spirituartiste.png\",\"width\":152,\"height\":153,\"caption\":\"Sandrine_leger2018\"},\"logo\":{\"@id\":\"https:\\\/\\\/spirituartiste.com\\\/wp-content\\\/uploads\\\/2023\\\/02\\\/cropped-site-spirituartiste.png\"},\"sameAs\":[\"http:\\\/\\\/spirituartiste.com\"]}]}<\/script>\n<!-- \/ Yoast SEO plugin. -->","yoast_head_json":{"title":"Extraits du livre - Spirituartiste","robots":{"index":"index","follow":"follow","max-snippet":"max-snippet:-1","max-image-preview":"max-image-preview:large","max-video-preview":"max-video-preview:-1"},"canonical":"https:\/\/spirituartiste.com\/?page_id=6496","og_locale":"fr_FR","og_type":"article","og_title":"Extraits du livre - Spirituartiste","og_description":"\u00ab\u00a0LA MECANIQUE SUBTILE DE LA VIE\u00a0\u00bb (Reconna\u00eetre le conditionnement \u00e0 la souffrance) Sandrine L\u00e9ger 219 pages EXTRAIT 1 EXTRAIT 2 EXTRAIT 3 Vous pouvez obtenir le livre GRATUITEMENT en format PDF sur simple demande de votre part&nbsp; \u00e0: spirituartiste@hotmail.com N&rsquo;oubliez pas de me laisser vos coordonn\u00e9es. Merci.","og_url":"https:\/\/spirituartiste.com\/?page_id=6496","og_site_name":"Spirituartiste","article_modified_time":"2020-05-25T11:30:16+00:00","twitter_card":"summary_large_image","schema":{"@context":"https:\/\/schema.org","@graph":[{"@type":"WebPage","@id":"https:\/\/spirituartiste.com\/?page_id=6496","url":"https:\/\/spirituartiste.com\/?page_id=6496","name":"Extraits du livre - Spirituartiste","isPartOf":{"@id":"https:\/\/spirituartiste.com\/#website"},"datePublished":"2020-01-04T13:38:45+00:00","dateModified":"2020-05-25T11:30:16+00:00","breadcrumb":{"@id":"https:\/\/spirituartiste.com\/?page_id=6496#breadcrumb"},"inLanguage":"fr-FR","potentialAction":[{"@type":"ReadAction","target":["https:\/\/spirituartiste.com\/?page_id=6496"]}]},{"@type":"BreadcrumbList","@id":"https:\/\/spirituartiste.com\/?page_id=6496#breadcrumb","itemListElement":[{"@type":"ListItem","position":1,"name":"Accueil","item":"https:\/\/spirituartiste.com\/"},{"@type":"ListItem","position":2,"name":"Ressources","item":"https:\/\/spirituartiste.com\/?page_id=6495"},{"@type":"ListItem","position":3,"name":"Extraits du livre"}]},{"@type":"WebSite","@id":"https:\/\/spirituartiste.com\/#website","url":"https:\/\/spirituartiste.com\/","name":"Spirituartiste","description":"Sandrine L\u00e9ger","publisher":{"@id":"https:\/\/spirituartiste.com\/#\/schema\/person\/9862bc39ecd45c4272d890f918eadb47"},"potentialAction":[{"@type":"SearchAction","target":{"@type":"EntryPoint","urlTemplate":"https:\/\/spirituartiste.com\/?s={search_term_string}"},"query-input":{"@type":"PropertyValueSpecification","valueRequired":true,"valueName":"search_term_string"}}],"inLanguage":"fr-FR"},{"@type":["Person","Organization"],"@id":"https:\/\/spirituartiste.com\/#\/schema\/person\/9862bc39ecd45c4272d890f918eadb47","name":"Sandrine_leger2018","image":{"@type":"ImageObject","inLanguage":"fr-FR","@id":"https:\/\/spirituartiste.com\/wp-content\/uploads\/2023\/02\/cropped-site-spirituartiste.png","url":"https:\/\/spirituartiste.com\/wp-content\/uploads\/2023\/02\/cropped-site-spirituartiste.png","contentUrl":"https:\/\/spirituartiste.com\/wp-content\/uploads\/2023\/02\/cropped-site-spirituartiste.png","width":152,"height":153,"caption":"Sandrine_leger2018"},"logo":{"@id":"https:\/\/spirituartiste.com\/wp-content\/uploads\/2023\/02\/cropped-site-spirituartiste.png"},"sameAs":["http:\/\/spirituartiste.com"]}]}},"_links":{"self":[{"href":"https:\/\/spirituartiste.com\/index.php?rest_route=\/wp\/v2\/pages\/6496","targetHints":{"allow":["GET"]}}],"collection":[{"href":"https:\/\/spirituartiste.com\/index.php?rest_route=\/wp\/v2\/pages"}],"about":[{"href":"https:\/\/spirituartiste.com\/index.php?rest_route=\/wp\/v2\/types\/page"}],"author":[{"embeddable":true,"href":"https:\/\/spirituartiste.com\/index.php?rest_route=\/wp\/v2\/users\/1"}],"replies":[{"embeddable":true,"href":"https:\/\/spirituartiste.com\/index.php?rest_route=%2Fwp%2Fv2%2Fcomments&post=6496"}],"version-history":[{"count":8,"href":"https:\/\/spirituartiste.com\/index.php?rest_route=\/wp\/v2\/pages\/6496\/revisions"}],"predecessor-version":[{"id":7113,"href":"https:\/\/spirituartiste.com\/index.php?rest_route=\/wp\/v2\/pages\/6496\/revisions\/7113"}],"up":[{"embeddable":true,"href":"https:\/\/spirituartiste.com\/index.php?rest_route=\/wp\/v2\/pages\/6495"}],"wp:attachment":[{"href":"https:\/\/spirituartiste.com\/index.php?rest_route=%2Fwp%2Fv2%2Fmedia&parent=6496"}],"curies":[{"name":"wp","href":"https:\/\/api.w.org\/{rel}","templated":true}]}}