{"id":6498,"date":"2020-01-04T15:38:47","date_gmt":"2020-01-04T13:38:47","guid":{"rendered":"https:\/\/spirituartiste.com\/ressources-7\/phrases-inspirantes\/"},"modified":"2020-06-01T16:31:04","modified_gmt":"2020-06-01T14:31:04","slug":"phrases-inspirantes","status":"publish","type":"page","link":"https:\/\/spirituartiste.com\/?page_id=6498","title":{"rendered":"Phrases inspirantes"},"content":{"rendered":"\t\t<div data-elementor-type=\"wp-page\" data-elementor-id=\"6498\" class=\"elementor elementor-6498\">\n\t\t\t\t\t\t<section class=\"elementor-section elementor-top-section elementor-element elementor-element-f51ef54 elementor-section-boxed elementor-section-height-default elementor-section-height-default\" data-id=\"f51ef54\" data-element_type=\"section\" data-e-type=\"section\">\n\t\t\t\t\t\t<div class=\"elementor-container elementor-column-gap-default\">\n\t\t\t\t\t<div class=\"elementor-column elementor-col-100 elementor-top-column elementor-element elementor-element-621757aa\" data-id=\"621757aa\" data-element_type=\"column\" data-e-type=\"column\">\n\t\t\t<div class=\"elementor-widget-wrap elementor-element-populated\">\n\t\t\t\t\t\t<div class=\"elementor-element elementor-element-787ebfce elementor-widget elementor-widget-text-editor\" data-id=\"787ebfce\" data-element_type=\"widget\" data-e-type=\"widget\" data-widget_type=\"text-editor.default\">\n\t\t\t\t<div class=\"elementor-widget-container\">\n\t\t\t\t\t\t\t\t\t<div class=\"art-content-layout\"><div class=\"art-content-layout-row\"><div class=\"art-layout-cell\" style=\"width: 100%;\"><p>Tu dois devenir l&rsquo;homme que tu es. Fais ce que toi seul peux faire. Deviens sans cesse celui que tu es, sois le ma\u00eetre et le sculpteur de toi-m\u00eame.<br \/>Friedrich Nietzsche<\/p><p>Commencez par changer en vous ce que vous voulez changer autour de vous.<br \/>Gandhi<\/p><p>Le bonheur c&rsquo;est lorsque vos actes sont en accord avec vos paroles.<br \/>Gandhi<\/p><p>La r\u00e8gle d&rsquo;or de la conduite est la tol\u00e9rance mutuelle, car nous ne penserons jamais tous de la m\u00eame fa\u00e7on, nous ne verrons qu&rsquo;une partie de la v\u00e9rit\u00e9 et sous des angles diff\u00e9rents.<br \/>Gandhi<\/p><p>Chacun a raison de son propre point de vue, mais il n&rsquo;est pas impossible que tout le monde ait tort.<br \/>Gandhi<br \/>Notre capacit\u00e9 ne r\u00e9side pas dans notre capacit\u00e9 \u00e0 refaire le monde, mais dans notre habilit\u00e9 \u00e0 nous recr\u00e9er nous-m\u00eame.<br \/>Gandhi<\/p><p>Tout ce que tu feras sera d\u00e9risoire, mais il est essentiel que tu le fasses.<br \/>Gandhi<\/p><p>C&rsquo;est votre route, et seulement la v\u00f4tre. D&rsquo;autres peuvent s&rsquo;y joindre et marcher avec vous, mais personne ne peut marcher pour vous.<br \/>R\u00fbm\u00ee<\/p><p>Chaque jour, prenez le temps d&rsquo;appr\u00e9cier la beaut\u00e9 de chaque instant.<br \/>Sandrine L\u00e9ger<\/p><p>L\u00e0 o\u00f9 il y de l&rsquo;Amour, il n&rsquo;y a ni questions ni doutes.<br \/>Sandrine L\u00e9ger<\/p><p>Tant que vous supposerez que quelque chose ou quelqu&rsquo;un d&rsquo;autre est responsable de votre souffrance, la situation restera sans espoir.<br \/>Byron Katie<\/p><p>Rien d&rsquo;ext\u00e9rieur \u00e0 vous ne peut vous apporter ce que vous cherchez.<br \/>Byron Katie<\/p><p>Sans rien avec quoi vous comparer, n&rsquo;\u00eates-vous pas parfait?<br \/>Byron Katie<\/p><p>Ce n&rsquo;est pas ton travail de m&rsquo;aimer, c&rsquo;est le mien\u00a0!<br \/>Byron Katie<\/p><p>Personne ne peut me blesser, c&rsquo;est mon r\u00f4le.<br \/>Byron Katie<\/p><p>Vous ne pouvez voir que ce que vous croyez, rien d&rsquo;autre n&rsquo;est possible.<br \/>Byron Katie<\/p><p>Personne n&rsquo;a jamais \u00e9t\u00e9 en col\u00e8re contre un autre \u00eatre humain, nous sommes en col\u00e8re contre notre histoire sur eux.<br \/>Byron Katie<\/p><p>Tout arrive POUR vous, pas CONTRE Vous.<br \/>Byron Katie<\/p><p>Nous ne prenons jamais de d\u00e9cision, quand il est temps, la d\u00e9cision se prend d&rsquo;elle-m\u00eame.<br \/>Byron Katie<\/p><p>Nous ne disons aux autres que ce que nous avons besoin d&rsquo;entendre.<br \/>Byron Katie<\/p><p>Nous craignons uniquement ce que nous n&rsquo;avons pas compris.<br \/>Byron Katie<\/p><p>Tout le mode est une image miroir de vous-m\u00eame\u00a0: votre propre pens\u00e9e vous revient.<br \/>Byron Katie<\/p><p>Qui vit en paix avec lui-m\u00eame, vit en paix avec l&rsquo;Univers.<br \/>Marc-Aur\u00e8le<\/p><p>Rien n&rsquo;est mal qui est selon la Nature.<br \/>Marc-Aur\u00e8le<\/p><p>Que la force me soit donn\u00e9e de supporter ce qui ne peut \u00eatre chang\u00e9, le courage de changer ce qui peut l&rsquo;\u00eatre mais aussi la sagesse de distinguer l&rsquo;un de l&rsquo;autre.<br \/>Marc-Aur\u00e8le<\/p><p>Accomplis chaque acte de ta vie comme s&rsquo;il devait \u00eatre le dernier.<br \/>Marc-Aur\u00e8le<\/p><p>Tu peux, \u00e0 l&rsquo;heure que tu veux, te retirer en toi-m\u00eame. Nulle retraite n&rsquo;est plus tranquille ni moins troubl\u00e9e pour l&rsquo;homme que celle qu&rsquo;il trouve en son \u00e2me.<br \/>Marc-Aur\u00e8le<\/p><p>Que toutes nos pens\u00e9es soient telles que si on te demandait \u00e0 tout instant ce que tu penses tu puisses toujours l&rsquo;avouer sans honte.<br \/>Marc-Aur\u00e8le<\/p><p>Notre vie est ce qu&rsquo;en font nos pens\u00e9es.<br \/>Marc-Aur\u00e8le<\/p><p>On ne diminue pas le bonheur en le partageant.<br \/>Bouddha<\/p><p>\u00a0Rester en col\u00e8re, c\u2019est comme saisir un charbon ardent avec l\u2019intention de le jeter sur quelqu\u2019un ; c\u2019est vous qui vous br\u00fblez.<br \/>Bouddha<\/p><p>La seule fa\u00e7on d\u2019apporter la paix au monde est d\u2019apprendre soi-m\u00eame \u00e0 vivre en paix.<br \/>Bouddha<\/p><p>Ne demeure pas dans le pass\u00e9, ne r\u00eave pas du futur, concentre ton esprit sur le moment pr\u00e9sent.<br \/>Bouddha<\/p><p>Le changement n\u2019est jamais douloureux. Seule la r\u00e9sistance au changement l\u2019est.<br \/>Bouddha<\/p><p>Nous sommes ce que nous pensons. Tout ce que nous sommes r\u00e9sulte de nos pens\u00e9es. Avec nos pens\u00e9es, nous b\u00e2tissons notre monde.<br \/>Bouddha<\/p><p>La chute n\u2019est pas un \u00e9chec. L\u2019\u00e9chec, c\u2019est de rester l\u00e0 o\u00f9 on est tomb\u00e9.<br \/>Bouddha<\/p><p>Ce que tu penses, tu le deviens. Ce que tu ressens, tu l\u2019attires. Ce que tu imagines, tu le cr\u00e9es.<br \/>Bouddha<\/p><p>Chaque matin, nous renaissons \u00e0 nouveau. Ce que nous faisons aujourd\u2019hui \u00a0est ce qui importe le plus.<br \/>Bouddha<\/p><p>Le monde ne sera pas d\u00e9truit par ceux qui font le mal, mais par ceux qui les regardent sans rien faire.<br \/>Albert Einstein<\/p><p>Ne fais jamais rien contre ta conscience, m\u00eame si l&rsquo;Etat te le demande.<br \/>Albert Einstein<\/p><p>Je ne fonde plus une opinion, une habitude ou un jugement sur autrui. J&rsquo;ai exp\u00e9riment\u00e9 l&rsquo;homme. Il est inconsistant.<br \/>Albert Einstein<\/p><p>On ne peut gu\u00e9rir la partie sans soigner le tout. On ne doit pas soigner le corps s\u00e9par\u00e9 de l&rsquo;\u00e2me, et pour que l&rsquo;esprit et le corps retrouvent la sant\u00e9, il faut commencer par soigner l&rsquo;\u00e2me. Car c&rsquo;est une erreur fondamentale des m\u00e9decins d&rsquo;aujourd&rsquo;hui : s\u00e9parer d\u00e8s l&rsquo;abord l&rsquo;\u00e2me et le corps.<br \/>Platon<\/p><p>Lorsqu&rsquo;une porte du bonheur se ferme, une autre s&rsquo;ouvre ; mais parfois on observe si longtemps celle qui est ferm\u00e9e qu&rsquo;on ne voit pas celle qui vient de s&rsquo;ouvrir \u00e0 nous.<br \/>Hellen Keller<\/p><p>A chaque moment de la vie, soyez ce que vous voulez \u00eatre.<\/p><p>Faire les choses POUR obtenir quelque chose ENSUITE, c&rsquo;est oublier de vivre simplement le plaisir imm\u00e9diat.<br \/>Sandrine L\u00e9ger<\/p><\/div><\/div><\/div><div class=\"art-content-layout\"><div class=\"art-content-layout-row\"><div class=\"art-layout-cell\" style=\"width: 100%;\"><p>\u00a0<\/p><\/div><\/div><\/div>\t\t\t\t\t\t\t\t<\/div>\n\t\t\t\t<\/div>\n\t\t\t\t\t<\/div>\n\t\t<\/div>\n\t\t\t\t\t<\/div>\n\t\t<\/section>\n\t\t\t\t<section class=\"elementor-section elementor-top-section elementor-element elementor-element-a0380f6 elementor-section-boxed elementor-section-height-default elementor-section-height-default\" data-id=\"a0380f6\" data-element_type=\"section\" data-e-type=\"section\">\n\t\t\t\t\t\t<div class=\"elementor-container elementor-column-gap-default\">\n\t\t\t\t\t<div class=\"elementor-column elementor-col-100 elementor-top-column elementor-element elementor-element-aa214a4\" data-id=\"aa214a4\" data-element_type=\"column\" data-e-type=\"column\">\n\t\t\t<div class=\"elementor-widget-wrap elementor-element-populated\">\n\t\t\t\t\t\t<div class=\"elementor-element elementor-element-88fefb0 elementor-widget elementor-widget-button\" data-id=\"88fefb0\" data-element_type=\"widget\" data-e-type=\"widget\" data-widget_type=\"button.default\">\n\t\t\t\t<div class=\"elementor-widget-container\">\n\t\t\t\t\t\t\t\t\t<div class=\"elementor-button-wrapper\">\n\t\t\t\t\t<a class=\"elementor-button elementor-button-link elementor-size-sm\" href=\"https:\/\/spirituartiste.com\/?page_id=6495\">\n\t\t\t\t\t\t<span class=\"elementor-button-content-wrapper\">\n\t\t\t\t\t\t\t\t\t<span class=\"elementor-button-text\">Ressources<\/span>\n\t\t\t\t\t<\/span>\n\t\t\t\t\t<\/a>\n\t\t\t\t<\/div>\n\t\t\t\t\t\t\t\t<\/div>\n\t\t\t\t<\/div>\n\t\t\t\t\t<\/div>\n\t\t<\/div>\n\t\t\t\t\t<\/div>\n\t\t<\/section>\n\t\t\t\t<\/div>\n\t\t","protected":false},"excerpt":{"rendered":"<p>Tu dois devenir l&rsquo;homme que tu es. Fais ce que toi seul peux faire. Deviens sans cesse celui que tu es, sois le ma\u00eetre et le sculpteur de toi-m\u00eame.Friedrich Nietzsche Commencez par changer en vous ce que vous voulez changer autour de vous.Gandhi Le bonheur c&rsquo;est lorsque vos actes sont en accord avec vos paroles.Gandhi [&hellip;]<\/p>\n","protected":false},"author":1,"featured_media":0,"parent":6495,"menu_order":72,"comment_status":"closed","ping_status":"closed","template":"","meta":{"site-sidebar-layout":"default","site-content-layout":"","ast-site-content-layout":"default","site-content-style":"default","site-sidebar-style":"default","ast-global-header-display":"","ast-banner-title-visibility":"","ast-main-header-display":"","ast-hfb-above-header-display":"","ast-hfb-below-header-display":"","ast-hfb-mobile-header-display":"","site-post-title":"","ast-breadcrumbs-content":"","ast-featured-img":"","footer-sml-layout":"","ast-disable-related-posts":"","theme-transparent-header-meta":"","adv-header-id-meta":"","stick-header-meta":"","header-above-stick-meta":"","header-main-stick-meta":"","header-below-stick-meta":"","astra-migrate-meta-layouts":"default","ast-page-background-enabled":"default","ast-page-background-meta":{"desktop":{"background-color":"","background-image":"","background-repeat":"repeat","background-position":"center center","background-size":"auto","background-attachment":"scroll","background-type":"","background-media":"","overlay-type":"","overlay-color":"","overlay-opacity":"","overlay-gradient":""},"tablet":{"background-color":"","background-image":"","background-repeat":"repeat","background-position":"center center","background-size":"auto","background-attachment":"scroll","background-type":"","background-media":"","overlay-type":"","overlay-color":"","overlay-opacity":"","overlay-gradient":""},"mobile":{"background-color":"","background-image":"","background-repeat":"repeat","background-position":"center center","background-size":"auto","background-attachment":"scroll","background-type":"","background-media":"","overlay-type":"","overlay-color":"","overlay-opacity":"","overlay-gradient":""}},"ast-content-background-meta":{"desktop":{"background-color":"var(--ast-global-color-5)","background-image":"","background-repeat":"repeat","background-position":"center center","background-size":"auto","background-attachment":"scroll","background-type":"","background-media":"","overlay-type":"","overlay-color":"","overlay-opacity":"","overlay-gradient":""},"tablet":{"background-color":"var(--ast-global-color-5)","background-image":"","background-repeat":"repeat","background-position":"center center","background-size":"auto","background-attachment":"scroll","background-type":"","background-media":"","overlay-type":"","overlay-color":"","overlay-opacity":"","overlay-gradient":""},"mobile":{"background-color":"var(--ast-global-color-5)","background-image":"","background-repeat":"repeat","background-position":"center center","background-size":"auto","background-attachment":"scroll","background-type":"","background-media":"","overlay-type":"","overlay-color":"","overlay-opacity":"","overlay-gradient":""}},"footnotes":""},"class_list":["post-6498","page","type-page","status-publish","hentry"],"yoast_head":"<!-- This site is optimized with the Yoast SEO plugin v27.5 - https:\/\/yoast.com\/product\/yoast-seo-wordpress\/ -->\n<title>Phrases inspirantes - Spirituartiste<\/title>\n<meta name=\"robots\" content=\"index, follow, max-snippet:-1, max-image-preview:large, max-video-preview:-1\" \/>\n<link rel=\"canonical\" href=\"https:\/\/spirituartiste.com\/?page_id=6498\" \/>\n<meta property=\"og:locale\" content=\"fr_FR\" \/>\n<meta property=\"og:type\" content=\"article\" \/>\n<meta property=\"og:title\" content=\"Phrases inspirantes - Spirituartiste\" \/>\n<meta property=\"og:description\" content=\"Tu dois devenir l&rsquo;homme que tu es. Fais ce que toi seul peux faire. Deviens sans cesse celui que tu es, sois le ma\u00eetre et le sculpteur de toi-m\u00eame.Friedrich Nietzsche Commencez par changer en vous ce que vous voulez changer autour de vous.Gandhi Le bonheur c&rsquo;est lorsque vos actes sont en accord avec vos paroles.Gandhi [&hellip;]\" \/>\n<meta property=\"og:url\" content=\"https:\/\/spirituartiste.com\/?page_id=6498\" \/>\n<meta property=\"og:site_name\" content=\"Spirituartiste\" \/>\n<meta property=\"article:modified_time\" content=\"2020-06-01T14:31:04+00:00\" \/>\n<meta name=\"twitter:card\" content=\"summary_large_image\" \/>\n<meta name=\"twitter:label1\" content=\"Dur\u00e9e de lecture estim\u00e9e\" \/>\n\t<meta name=\"twitter:data1\" content=\"4 minutes\" \/>\n<script type=\"application\/ld+json\" class=\"yoast-schema-graph\">{\"@context\":\"https:\\\/\\\/schema.org\",\"@graph\":[{\"@type\":\"WebPage\",\"@id\":\"https:\\\/\\\/spirituartiste.com\\\/?page_id=6498\",\"url\":\"https:\\\/\\\/spirituartiste.com\\\/?page_id=6498\",\"name\":\"Phrases inspirantes - Spirituartiste\",\"isPartOf\":{\"@id\":\"https:\\\/\\\/spirituartiste.com\\\/#website\"},\"datePublished\":\"2020-01-04T13:38:47+00:00\",\"dateModified\":\"2020-06-01T14:31:04+00:00\",\"breadcrumb\":{\"@id\":\"https:\\\/\\\/spirituartiste.com\\\/?page_id=6498#breadcrumb\"},\"inLanguage\":\"fr-FR\",\"potentialAction\":[{\"@type\":\"ReadAction\",\"target\":[\"https:\\\/\\\/spirituartiste.com\\\/?page_id=6498\"]}]},{\"@type\":\"BreadcrumbList\",\"@id\":\"https:\\\/\\\/spirituartiste.com\\\/?page_id=6498#breadcrumb\",\"itemListElement\":[{\"@type\":\"ListItem\",\"position\":1,\"name\":\"Accueil\",\"item\":\"https:\\\/\\\/spirituartiste.com\\\/\"},{\"@type\":\"ListItem\",\"position\":2,\"name\":\"Ressources\",\"item\":\"https:\\\/\\\/spirituartiste.com\\\/?page_id=6495\"},{\"@type\":\"ListItem\",\"position\":3,\"name\":\"Phrases inspirantes\"}]},{\"@type\":\"WebSite\",\"@id\":\"https:\\\/\\\/spirituartiste.com\\\/#website\",\"url\":\"https:\\\/\\\/spirituartiste.com\\\/\",\"name\":\"Spirituartiste\",\"description\":\"Sandrine L\u00e9ger\",\"publisher\":{\"@id\":\"https:\\\/\\\/spirituartiste.com\\\/#\\\/schema\\\/person\\\/9862bc39ecd45c4272d890f918eadb47\"},\"potentialAction\":[{\"@type\":\"SearchAction\",\"target\":{\"@type\":\"EntryPoint\",\"urlTemplate\":\"https:\\\/\\\/spirituartiste.com\\\/?s={search_term_string}\"},\"query-input\":{\"@type\":\"PropertyValueSpecification\",\"valueRequired\":true,\"valueName\":\"search_term_string\"}}],\"inLanguage\":\"fr-FR\"},{\"@type\":[\"Person\",\"Organization\"],\"@id\":\"https:\\\/\\\/spirituartiste.com\\\/#\\\/schema\\\/person\\\/9862bc39ecd45c4272d890f918eadb47\",\"name\":\"Sandrine_leger2018\",\"image\":{\"@type\":\"ImageObject\",\"inLanguage\":\"fr-FR\",\"@id\":\"https:\\\/\\\/spirituartiste.com\\\/wp-content\\\/uploads\\\/2023\\\/02\\\/cropped-site-spirituartiste.png\",\"url\":\"https:\\\/\\\/spirituartiste.com\\\/wp-content\\\/uploads\\\/2023\\\/02\\\/cropped-site-spirituartiste.png\",\"contentUrl\":\"https:\\\/\\\/spirituartiste.com\\\/wp-content\\\/uploads\\\/2023\\\/02\\\/cropped-site-spirituartiste.png\",\"width\":152,\"height\":153,\"caption\":\"Sandrine_leger2018\"},\"logo\":{\"@id\":\"https:\\\/\\\/spirituartiste.com\\\/wp-content\\\/uploads\\\/2023\\\/02\\\/cropped-site-spirituartiste.png\"},\"sameAs\":[\"http:\\\/\\\/spirituartiste.com\"]}]}<\/script>\n<!-- \/ Yoast SEO plugin. -->","yoast_head_json":{"title":"Phrases inspirantes - Spirituartiste","robots":{"index":"index","follow":"follow","max-snippet":"max-snippet:-1","max-image-preview":"max-image-preview:large","max-video-preview":"max-video-preview:-1"},"canonical":"https:\/\/spirituartiste.com\/?page_id=6498","og_locale":"fr_FR","og_type":"article","og_title":"Phrases inspirantes - Spirituartiste","og_description":"Tu dois devenir l&rsquo;homme que tu es. Fais ce que toi seul peux faire. Deviens sans cesse celui que tu es, sois le ma\u00eetre et le sculpteur de toi-m\u00eame.Friedrich Nietzsche Commencez par changer en vous ce que vous voulez changer autour de vous.Gandhi Le bonheur c&rsquo;est lorsque vos actes sont en accord avec vos paroles.Gandhi [&hellip;]","og_url":"https:\/\/spirituartiste.com\/?page_id=6498","og_site_name":"Spirituartiste","article_modified_time":"2020-06-01T14:31:04+00:00","twitter_card":"summary_large_image","twitter_misc":{"Dur\u00e9e de lecture estim\u00e9e":"4 minutes"},"schema":{"@context":"https:\/\/schema.org","@graph":[{"@type":"WebPage","@id":"https:\/\/spirituartiste.com\/?page_id=6498","url":"https:\/\/spirituartiste.com\/?page_id=6498","name":"Phrases inspirantes - Spirituartiste","isPartOf":{"@id":"https:\/\/spirituartiste.com\/#website"},"datePublished":"2020-01-04T13:38:47+00:00","dateModified":"2020-06-01T14:31:04+00:00","breadcrumb":{"@id":"https:\/\/spirituartiste.com\/?page_id=6498#breadcrumb"},"inLanguage":"fr-FR","potentialAction":[{"@type":"ReadAction","target":["https:\/\/spirituartiste.com\/?page_id=6498"]}]},{"@type":"BreadcrumbList","@id":"https:\/\/spirituartiste.com\/?page_id=6498#breadcrumb","itemListElement":[{"@type":"ListItem","position":1,"name":"Accueil","item":"https:\/\/spirituartiste.com\/"},{"@type":"ListItem","position":2,"name":"Ressources","item":"https:\/\/spirituartiste.com\/?page_id=6495"},{"@type":"ListItem","position":3,"name":"Phrases inspirantes"}]},{"@type":"WebSite","@id":"https:\/\/spirituartiste.com\/#website","url":"https:\/\/spirituartiste.com\/","name":"Spirituartiste","description":"Sandrine L\u00e9ger","publisher":{"@id":"https:\/\/spirituartiste.com\/#\/schema\/person\/9862bc39ecd45c4272d890f918eadb47"},"potentialAction":[{"@type":"SearchAction","target":{"@type":"EntryPoint","urlTemplate":"https:\/\/spirituartiste.com\/?s={search_term_string}"},"query-input":{"@type":"PropertyValueSpecification","valueRequired":true,"valueName":"search_term_string"}}],"inLanguage":"fr-FR"},{"@type":["Person","Organization"],"@id":"https:\/\/spirituartiste.com\/#\/schema\/person\/9862bc39ecd45c4272d890f918eadb47","name":"Sandrine_leger2018","image":{"@type":"ImageObject","inLanguage":"fr-FR","@id":"https:\/\/spirituartiste.com\/wp-content\/uploads\/2023\/02\/cropped-site-spirituartiste.png","url":"https:\/\/spirituartiste.com\/wp-content\/uploads\/2023\/02\/cropped-site-spirituartiste.png","contentUrl":"https:\/\/spirituartiste.com\/wp-content\/uploads\/2023\/02\/cropped-site-spirituartiste.png","width":152,"height":153,"caption":"Sandrine_leger2018"},"logo":{"@id":"https:\/\/spirituartiste.com\/wp-content\/uploads\/2023\/02\/cropped-site-spirituartiste.png"},"sameAs":["http:\/\/spirituartiste.com"]}]}},"_links":{"self":[{"href":"https:\/\/spirituartiste.com\/index.php?rest_route=\/wp\/v2\/pages\/6498","targetHints":{"allow":["GET"]}}],"collection":[{"href":"https:\/\/spirituartiste.com\/index.php?rest_route=\/wp\/v2\/pages"}],"about":[{"href":"https:\/\/spirituartiste.com\/index.php?rest_route=\/wp\/v2\/types\/page"}],"author":[{"embeddable":true,"href":"https:\/\/spirituartiste.com\/index.php?rest_route=\/wp\/v2\/users\/1"}],"replies":[{"embeddable":true,"href":"https:\/\/spirituartiste.com\/index.php?rest_route=%2Fwp%2Fv2%2Fcomments&post=6498"}],"version-history":[{"count":2,"href":"https:\/\/spirituartiste.com\/index.php?rest_route=\/wp\/v2\/pages\/6498\/revisions"}],"predecessor-version":[{"id":7201,"href":"https:\/\/spirituartiste.com\/index.php?rest_route=\/wp\/v2\/pages\/6498\/revisions\/7201"}],"up":[{"embeddable":true,"href":"https:\/\/spirituartiste.com\/index.php?rest_route=\/wp\/v2\/pages\/6495"}],"wp:attachment":[{"href":"https:\/\/spirituartiste.com\/index.php?rest_route=%2Fwp%2Fv2%2Fmedia&parent=6498"}],"curies":[{"name":"wp","href":"https:\/\/api.w.org\/{rel}","templated":true}]}}