{"id":6500,"date":"2020-01-04T15:38:49","date_gmt":"2020-01-04T13:38:49","guid":{"rendered":"https:\/\/spirituartiste.com\/ressources-7\/bibliographie\/"},"modified":"2021-06-05T23:55:04","modified_gmt":"2021-06-05T21:55:04","slug":"bibliographie","status":"publish","type":"page","link":"https:\/\/spirituartiste.com\/?page_id=6500","title":{"rendered":"Bibliographie"},"content":{"rendered":"\t\t<div data-elementor-type=\"wp-page\" data-elementor-id=\"6500\" class=\"elementor elementor-6500\">\n\t\t\t\t\t\t<section class=\"elementor-section elementor-top-section elementor-element elementor-element-02285be elementor-section-boxed elementor-section-height-default elementor-section-height-default\" data-id=\"02285be\" data-element_type=\"section\" data-e-type=\"section\">\n\t\t\t\t\t\t<div class=\"elementor-container elementor-column-gap-default\">\n\t\t\t\t\t<div class=\"elementor-column elementor-col-100 elementor-top-column elementor-element elementor-element-36a5536\" data-id=\"36a5536\" data-element_type=\"column\" data-e-type=\"column\">\n\t\t\t<div class=\"elementor-widget-wrap elementor-element-populated\">\n\t\t\t\t\t\t<div class=\"elementor-element elementor-element-2df9c4d elementor-widget elementor-widget-text-editor\" data-id=\"2df9c4d\" data-element_type=\"widget\" data-e-type=\"widget\" data-widget_type=\"text-editor.default\">\n\t\t\t\t<div class=\"elementor-widget-container\">\n\t\t\t\t\t\t\t\t\t<p>J&rsquo;ai lu des milliers de pages (ou dizaines de milliers \u00e0 l&rsquo;heure actuelle) et ne pouvais pas vous donner une liste de toutes ces lectures. Je vous \u00ab\u00a0livre\u00a0\u00bb donc ici le nom de quelques ouvrages qui m&rsquo;ont particuli\u00e8rement int\u00e9ress\u00e9s&#8230;pour l&rsquo;instant car je suis s\u00fbre qu&rsquo;il y en a plein que je n&rsquo;ai pas encore d\u00e9couverts.<\/p><p>Je vous sugg\u00e8re aussi quelques\u00a0 liens vers des sites ou vid\u00e9os remarquables:\u00a0<\/p>\t\t\t\t\t\t\t\t<\/div>\n\t\t\t\t<\/div>\n\t\t\t\t\t<\/div>\n\t\t<\/div>\n\t\t\t\t\t<\/div>\n\t\t<\/section>\n\t\t\t\t<section class=\"elementor-section elementor-top-section elementor-element elementor-element-250e4aa elementor-section-boxed elementor-section-height-default elementor-section-height-default\" data-id=\"250e4aa\" data-element_type=\"section\" data-e-type=\"section\">\n\t\t\t\t\t\t<div class=\"elementor-container elementor-column-gap-default\">\n\t\t\t\t\t<div class=\"elementor-column elementor-col-100 elementor-top-column elementor-element elementor-element-93032c3\" data-id=\"93032c3\" data-element_type=\"column\" data-e-type=\"column\">\n\t\t\t<div class=\"elementor-widget-wrap elementor-element-populated\">\n\t\t\t\t\t\t<div class=\"elementor-element elementor-element-1517b77 elementor-widget elementor-widget-text-editor\" data-id=\"1517b77\" data-element_type=\"widget\" data-e-type=\"widget\" data-widget_type=\"text-editor.default\">\n\t\t\t\t<div class=\"elementor-widget-container\">\n\t\t\t\t\t\t\t\t\t<div class=\"art-layout-cell\">ECKHART TOLLE<\/div><div>\u00a0<\/div>\t\t\t\t\t\t\t\t<\/div>\n\t\t\t\t<\/div>\n\t\t\t\t\t<\/div>\n\t\t<\/div>\n\t\t\t\t\t<\/div>\n\t\t<\/section>\n\t\t\t\t<section class=\"elementor-section elementor-top-section elementor-element elementor-element-8cf3116 elementor-section-boxed elementor-section-height-default elementor-section-height-default\" data-id=\"8cf3116\" data-element_type=\"section\" data-e-type=\"section\">\n\t\t\t\t\t\t<div class=\"elementor-container elementor-column-gap-default\">\n\t\t\t\t\t<div class=\"elementor-column elementor-col-100 elementor-top-column elementor-element elementor-element-e7b2810\" data-id=\"e7b2810\" data-element_type=\"column\" data-e-type=\"column\">\n\t\t\t<div class=\"elementor-widget-wrap elementor-element-populated\">\n\t\t\t\t\t\t<div class=\"elementor-element elementor-element-20e3795 elementor-widget elementor-widget-text-editor\" data-id=\"20e3795\" data-element_type=\"widget\" data-e-type=\"widget\" data-widget_type=\"text-editor.default\">\n\t\t\t\t<div class=\"elementor-widget-container\">\n\t\t\t\t\t\t\t\t\t<div class=\"art-layout-cell\">\u00a0\u00bb Le pouvoir du moment pr\u00e9sent\u00a0\u00bb Editions J&rsquo;ai lu<\/div><div>\u00a0<\/div><div class=\"art-layout-cell\">\u00ab\u00a0Nouvelle Terre\u00a0\u00bb Editions Ariane<\/div><div class=\"art-layout-cell\">\u00a0 (A lire de pr\u00e9f\u00e9rence dans cet ordre)\u00a0<\/div><div>\u00a0<\/div>\t\t\t\t\t\t\t\t<\/div>\n\t\t\t\t<\/div>\n\t\t\t\t\t<\/div>\n\t\t<\/div>\n\t\t\t\t\t<\/div>\n\t\t<\/section>\n\t\t\t\t<section class=\"elementor-section elementor-top-section elementor-element elementor-element-3aee675 elementor-section-boxed elementor-section-height-default elementor-section-height-default\" data-id=\"3aee675\" data-element_type=\"section\" data-e-type=\"section\">\n\t\t\t\t\t\t<div class=\"elementor-container elementor-column-gap-default\">\n\t\t\t\t\t<div class=\"elementor-column elementor-col-100 elementor-top-column elementor-element elementor-element-a4668a6\" data-id=\"a4668a6\" data-element_type=\"column\" data-e-type=\"column\">\n\t\t\t<div class=\"elementor-widget-wrap elementor-element-populated\">\n\t\t\t\t\t\t<div class=\"elementor-element elementor-element-dec4462 elementor-widget elementor-widget-text-editor\" data-id=\"dec4462\" data-element_type=\"widget\" data-e-type=\"widget\" data-widget_type=\"text-editor.default\">\n\t\t\t\t<div class=\"elementor-widget-container\">\n\t\t\t\t\t\t\t\t\t<p>BYRON KATIE<\/p>\t\t\t\t\t\t\t\t<\/div>\n\t\t\t\t<\/div>\n\t\t\t\t\t<\/div>\n\t\t<\/div>\n\t\t\t\t\t<\/div>\n\t\t<\/section>\n\t\t\t\t<section class=\"elementor-section elementor-top-section elementor-element elementor-element-1133468 elementor-section-boxed elementor-section-height-default elementor-section-height-default\" data-id=\"1133468\" data-element_type=\"section\" data-e-type=\"section\">\n\t\t\t\t\t\t<div class=\"elementor-container elementor-column-gap-default\">\n\t\t\t\t\t<div class=\"elementor-column elementor-col-100 elementor-top-column elementor-element elementor-element-c6ed520\" data-id=\"c6ed520\" data-element_type=\"column\" data-e-type=\"column\">\n\t\t\t<div class=\"elementor-widget-wrap elementor-element-populated\">\n\t\t\t\t\t\t<div class=\"elementor-element elementor-element-334386d elementor-widget elementor-widget-text-editor\" data-id=\"334386d\" data-element_type=\"widget\" data-e-type=\"widget\" data-widget_type=\"text-editor.default\">\n\t\t\t\t<div class=\"elementor-widget-container\">\n\t\t\t\t\t\t\t\t\t<p lang=\"fr-FR\">Son travail, est l&rsquo;outil le plus puissant que j&rsquo;ai rencontr\u00e9, mis \u00e0 part le travail purement \u00e9nerg\u00e9tique. Elle a litt\u00e9ralement<br \/>chang\u00e9 ma vie et son approche.<\/p><p lang=\"fr-FR\">Si vous ne devez lire qu&rsquo;un seul de ses livres dans votre vie, je vous conseille<br \/>fortement \u00ab\u00a0j&rsquo;ai besoin que tu m&rsquo;aimes. Est-ce vrai\u00a0?\u00a0\u00bb<br \/>\u00e9ditions Guy Tredaniel<\/p><ul><li>\u00a0Pour toutes les explications sur le travail de Byron Katie :<br \/><a href=\"http:\/\/thework.com\/sites\/thework\/francais\/\">http:\/\/thework.com\/sites\/thework\/francais\/<\/a><\/li><\/ul>\t\t\t\t\t\t\t\t<\/div>\n\t\t\t\t<\/div>\n\t\t\t\t\t<\/div>\n\t\t<\/div>\n\t\t\t\t\t<\/div>\n\t\t<\/section>\n\t\t\t\t<section class=\"elementor-section elementor-top-section elementor-element elementor-element-4874f8d elementor-section-boxed elementor-section-height-default elementor-section-height-default\" data-id=\"4874f8d\" data-element_type=\"section\" data-e-type=\"section\">\n\t\t\t\t\t\t<div class=\"elementor-container elementor-column-gap-default\">\n\t\t\t\t\t<div class=\"elementor-column elementor-col-100 elementor-top-column elementor-element elementor-element-844ce2d\" data-id=\"844ce2d\" data-element_type=\"column\" data-e-type=\"column\">\n\t\t\t<div class=\"elementor-widget-wrap elementor-element-populated\">\n\t\t\t\t\t\t<div class=\"elementor-element elementor-element-2bd4664 elementor-widget elementor-widget-text-editor\" data-id=\"2bd4664\" data-element_type=\"widget\" data-e-type=\"widget\" data-widget_type=\"text-editor.default\">\n\t\t\t\t<div class=\"elementor-widget-container\">\n\t\t\t\t\t\t\t\t\t<p>Et dans le d\u00e9sordre&#8230;<\/p>\t\t\t\t\t\t\t\t<\/div>\n\t\t\t\t<\/div>\n\t\t\t\t\t<\/div>\n\t\t<\/div>\n\t\t\t\t\t<\/div>\n\t\t<\/section>\n\t\t\t\t<section class=\"elementor-section elementor-top-section elementor-element elementor-element-7e3e049 elementor-section-boxed elementor-section-height-default elementor-section-height-default\" data-id=\"7e3e049\" data-element_type=\"section\" data-e-type=\"section\">\n\t\t\t\t\t\t<div class=\"elementor-container elementor-column-gap-default\">\n\t\t\t\t\t<div class=\"elementor-column elementor-col-100 elementor-top-column elementor-element elementor-element-8269660\" data-id=\"8269660\" data-element_type=\"column\" data-e-type=\"column\">\n\t\t\t<div class=\"elementor-widget-wrap elementor-element-populated\">\n\t\t\t\t\t\t<div class=\"elementor-element elementor-element-ba8d3f4 elementor-widget elementor-widget-text-editor\" data-id=\"ba8d3f4\" data-element_type=\"widget\" data-e-type=\"widget\" data-widget_type=\"text-editor.default\">\n\t\t\t\t<div class=\"elementor-widget-container\">\n\t\t\t\t\t\t\t\t\t<div class=\"art-content-layout\"><div class=\"art-content-layout-row\"><div class=\"art-layout-cell\"><ul><li><span lang=\"fr-FR\">Lise Bourbeau. Elle a \u00e9crit de tr\u00e8s nombreux livres. Voici de quoi commencer&#8230; \u00ab<\/span>Les 5 blessures qui emp\u00eachent d&rsquo;\u00eatre soi-m\u00eame\u00a0\u00bb \u00e9ditions Pocket<\/li><\/ul><p>\u00a0<\/p><ul><li lang=\"fr-FR\">\u00ab les mots sont des fen\u00eatres (ou bien ce sont des murs) \u00bb<br \/>Introduction \u00e0 la Communication NonViolente (CNV en fran\u00e7ais) de Marshall Rosenberg.<\/li><\/ul><p>\u00a0<\/p><ul><li lang=\"fr-FR\"><i>Alain<br \/>Boudet \u00ab Pourquoi vivons-nous\u00a0\u00bb \u00e9ditions H\u00e9lios.<\/i><\/li><\/ul><p>\u00a0<\/p><ul><li lang=\"fr-FR\">\u00ab Le corps quantique \u00bb Dr Deepak Choprah<\/li><\/ul><p>\u00a0<\/p><ul><li>Abraham . Cette entit\u00e9 collective canalis\u00e9e par Esther Hicks a transmis de nombreux ouvrages tr\u00e8s int\u00e9ressants, en particulier sur le fonctionnement de la loi de l&rsquo;Attraction. Je vous conseille de commencer par \u00ab Le Fabuleux Pouvoir des \u00e9motions: Laissez-Vous Guider Par Vos \u00e9motions \u00bb ADA<br \/>Editions et\/ou \u00ab\u00a0Cr\u00e9ateurs d&rsquo;avant-garde: demandez et<br \/>vous recevrez\u00a0\u00bb \u00e9ditions Ariane\u00a0<\/li><\/ul><p>\u00a0<\/p><ul><li><i>P\u00e8re Fran\u00e7ois Brune et R\u00e9my chauvin \u00ab A l&rsquo;\u00e9coute de l&rsquo;au-del\u00e0<br \/>(les preuves de la survie de l&rsquo;\u00e2me)\u00a0\u00bb \u00e9ditions j&rsquo;ai lu<\/i><\/li><\/ul><p>\u00a0<\/p><ul><li>A lire : \u00ab\u00a0 les cinq niveaux d&rsquo;attachements \u00bb Don miguel Ruiz Jr ; mais aussi \u00ab les quatre accords tolt\u00e8ques \u00bb de Don Jos\u00e9 Ruiz ; \u00ab le cinqui\u00e8me accord tolt\u00e8que \u00bb de Don Miguel Ruiz et Don Jos\u00e9 Ruiz et peut-\u00eatre plus particuli\u00e8rement \u00ab la ma\u00eetrise de l&rsquo;amour \u00bb de Don miguel Ruiz qui r\u00e9sume bien l&rsquo;ensemble et rejoint, quoique par un autre angle, ce qui est dit dans ce livre.<\/li><\/ul><p>\u00a0<\/p><ul><li>La saga de James Redfield qui commence par \u00ab\u00a0La proph\u00e9tie des Andes\u00a0\u00bb <\/li><\/ul><p>\u00a0<\/p><ul><li>Marie Lise Labont\u00e9 \u00ab Ma\u00eetre de ses chakras, ma\u00eetre de sa vie \u00bb<br \/>Editions le dauphin blanc<\/li><\/ul><p>\u00a0<\/p><ul><li>Gregg Braden \u00ab la gu\u00e9rison spontan\u00e9e des croyances \u00bb \u00e9ditions Ariane<\/li><\/ul><p>Quelques vid\u00e9os<br \/>de son cru\u00a0:<\/p><p><i>\u00ab Le champ magn\u00e9tique et la coh\u00e9rence individuelle \u00bb (sur le c\u0153ur)<br \/>= <a href=\"https:\/\/youtu.be\/GitbSTV_EtI\">https:\/\/youtu.be\/GitbSTV_EtI<\/a><\/i><\/p><p><i>\u00ab\u00a0Sentiments,<br \/>Energie &amp; Conscience\u00a0\u00bb (sur le champ qui relie tout) =<br \/><a href=\"https:\/\/youtu.be\/3zJpmxMS6DA\">https:\/\/youtu.be\/3zJpmxMS6DA<\/a><\/i><\/p><p>\u00a0<\/p><p>Je recommande <b>absolument<\/b>, pour ceux qui ont besoin de comprendre plus en d\u00e9tail la physique quantique et ont besoin de preuves, le<br \/>livre de la journaliste <i>Lynne Mc Taggart<br \/>\u00ab\u00a0Le champ\u00a0\u00bb \u00e9ditions Ariane<\/i><\/p><p>\u00a0<\/p><p><i>Sur les taux vibratoires, je vous invite \u00e0 lire l&rsquo;article suivant :<\/i><\/p><p><i>https:\/\/www.biorespire.com\/2014\/05\/08\/le-taux-vibratoire\/<\/i><\/p><p>\u00a0<\/p><ul><li>Daniel Meurois et Anne Givaudan. Ils ont \u00e9crit \u00e9norm\u00e9ment d&rsquo;ouvrages fort int\u00e9ressants, ensemble ou s\u00e9par\u00e9ment.<\/li><\/ul><p lang=\"fr-FR\">En voici deux ax\u00e9s sur la corr\u00e9lation entre maladies et pens\u00e9es \u00a0: \u00ab\u00a0Formes-pens\u00e9es\u00a0\u00bb tome 1 et 2 de Anne Givaudan \u00e9ditios S.O\u00a0.I\u00a0.S<\/p><p lang=\"fr-FR\">\u00ab\u00a0Les maladies karmiques\u00a0\u00bb Daniel Meurois \u00e9ditions Le passe-monde<\/p><p lang=\"fr-FR\">\u00a0<\/p><div><ul><li lang=\"fr-FR\">J&rsquo;ai beaucoup aim\u00e9 le livre du Dr Philippe Dransart sur la signification des maladies car, plus qu&rsquo;une simple \u00e9quation (telle maladie = tel probl\u00e8me), il propose des pistes de r\u00e9flexion beaucoup plus ouvertes et fort int\u00e9ressantes.<\/li><\/ul><\/div><p lang=\"fr-FR\">Dr Philippe Dransart : \u00ab La maladie cherche \u00e0 me gu\u00e9rir \u00bb<br \/>\u00e9ditions Le mercure dauphinois.<\/p><p lang=\"fr-FR\">\u00a0<\/p><ul><li lang=\"fr-FR\">Puisque j&rsquo;en suis \u00e0 parler du corps, voici une vid\u00e9o de derni\u00e8re minute passionnante sur les fascias et leur r\u00f4le dans notre organisme (arte): https:\/\/youtu.be\/uYAXuvhZ1v4<\/li><\/ul><p>\u00a0<\/p><p>Je vous recommande aussi tr\u00e8s fortement cet ouvrage : \u00ab l&rsquo;oreille et la vie \u00bb d&rsquo;Alfred Tomatis, aux \u00e9ditions Robert Laffont.<\/p><p>\u00a0<\/p><p>Gregory Mutombo \u00ab\u00a0Le feu de l&rsquo;esprit\u00a0\u00bb Editions tr\u00e9daniel.<\/p><\/div><\/div><\/div><div class=\"art-content-layout\"><div class=\"art-content-layout-row\">\u00a0<\/div><\/div>\t\t\t\t\t\t\t\t<\/div>\n\t\t\t\t<\/div>\n\t\t\t\t\t<\/div>\n\t\t<\/div>\n\t\t\t\t\t<\/div>\n\t\t<\/section>\n\t\t\t\t<section class=\"elementor-section elementor-top-section elementor-element elementor-element-45689ef elementor-section-boxed elementor-section-height-default elementor-section-height-default\" data-id=\"45689ef\" data-element_type=\"section\" data-e-type=\"section\">\n\t\t\t\t\t\t<div class=\"elementor-container elementor-column-gap-default\">\n\t\t\t\t\t<div class=\"elementor-column elementor-col-100 elementor-top-column elementor-element elementor-element-f49fcd6\" data-id=\"f49fcd6\" data-element_type=\"column\" data-e-type=\"column\">\n\t\t\t<div class=\"elementor-widget-wrap elementor-element-populated\">\n\t\t\t\t\t\t<div class=\"elementor-element elementor-element-3adc4ac elementor-widget elementor-widget-button\" data-id=\"3adc4ac\" data-element_type=\"widget\" data-e-type=\"widget\" data-widget_type=\"button.default\">\n\t\t\t\t<div class=\"elementor-widget-container\">\n\t\t\t\t\t\t\t\t\t<div class=\"elementor-button-wrapper\">\n\t\t\t\t\t<a class=\"elementor-button elementor-button-link elementor-size-sm\" href=\"https:\/\/spirituartiste.com\/?page_id=6495\">\n\t\t\t\t\t\t<span class=\"elementor-button-content-wrapper\">\n\t\t\t\t\t\t\t\t\t<span class=\"elementor-button-text\">Ressources<\/span>\n\t\t\t\t\t<\/span>\n\t\t\t\t\t<\/a>\n\t\t\t\t<\/div>\n\t\t\t\t\t\t\t\t<\/div>\n\t\t\t\t<\/div>\n\t\t\t\t\t<\/div>\n\t\t<\/div>\n\t\t\t\t\t<\/div>\n\t\t<\/section>\n\t\t\t\t<\/div>\n\t\t","protected":false},"excerpt":{"rendered":"<p>J&rsquo;ai lu des milliers de pages (ou dizaines de milliers \u00e0 l&rsquo;heure actuelle) et ne pouvais pas vous donner une liste de toutes ces lectures. Je vous \u00ab\u00a0livre\u00a0\u00bb donc ici le nom de quelques ouvrages qui m&rsquo;ont particuli\u00e8rement int\u00e9ress\u00e9s&#8230;pour l&rsquo;instant car je suis s\u00fbre qu&rsquo;il y en a plein que je n&rsquo;ai pas encore d\u00e9couverts. [&hellip;]<\/p>\n","protected":false},"author":1,"featured_media":0,"parent":6495,"menu_order":74,"comment_status":"closed","ping_status":"closed","template":"","meta":{"site-sidebar-layout":"default","site-content-layout":"","ast-site-content-layout":"default","site-content-style":"default","site-sidebar-style":"default","ast-global-header-display":"","ast-banner-title-visibility":"","ast-main-header-display":"","ast-hfb-above-header-display":"","ast-hfb-below-header-display":"","ast-hfb-mobile-header-display":"","site-post-title":"","ast-breadcrumbs-content":"","ast-featured-img":"","footer-sml-layout":"","ast-disable-related-posts":"","theme-transparent-header-meta":"","adv-header-id-meta":"","stick-header-meta":"","header-above-stick-meta":"","header-main-stick-meta":"","header-below-stick-meta":"","astra-migrate-meta-layouts":"default","ast-page-background-enabled":"default","ast-page-background-meta":{"desktop":{"background-color":"","background-image":"","background-repeat":"repeat","background-position":"center center","background-size":"auto","background-attachment":"scroll","background-type":"","background-media":"","overlay-type":"","overlay-color":"","overlay-opacity":"","overlay-gradient":""},"tablet":{"background-color":"","background-image":"","background-repeat":"repeat","background-position":"center center","background-size":"auto","background-attachment":"scroll","background-type":"","background-media":"","overlay-type":"","overlay-color":"","overlay-opacity":"","overlay-gradient":""},"mobile":{"background-color":"","background-image":"","background-repeat":"repeat","background-position":"center center","background-size":"auto","background-attachment":"scroll","background-type":"","background-media":"","overlay-type":"","overlay-color":"","overlay-opacity":"","overlay-gradient":""}},"ast-content-background-meta":{"desktop":{"background-color":"var(--ast-global-color-5)","background-image":"","background-repeat":"repeat","background-position":"center center","background-size":"auto","background-attachment":"scroll","background-type":"","background-media":"","overlay-type":"","overlay-color":"","overlay-opacity":"","overlay-gradient":""},"tablet":{"background-color":"var(--ast-global-color-5)","background-image":"","background-repeat":"repeat","background-position":"center center","background-size":"auto","background-attachment":"scroll","background-type":"","background-media":"","overlay-type":"","overlay-color":"","overlay-opacity":"","overlay-gradient":""},"mobile":{"background-color":"var(--ast-global-color-5)","background-image":"","background-repeat":"repeat","background-position":"center center","background-size":"auto","background-attachment":"scroll","background-type":"","background-media":"","overlay-type":"","overlay-color":"","overlay-opacity":"","overlay-gradient":""}},"footnotes":""},"class_list":["post-6500","page","type-page","status-publish","hentry"],"yoast_head":"<!-- This site is optimized with the Yoast SEO plugin v27.5 - https:\/\/yoast.com\/product\/yoast-seo-wordpress\/ -->\n<title>Bibliographie - Spirituartiste<\/title>\n<meta name=\"robots\" content=\"index, follow, max-snippet:-1, max-image-preview:large, max-video-preview:-1\" \/>\n<link rel=\"canonical\" href=\"https:\/\/spirituartiste.com\/?page_id=6500\" \/>\n<meta property=\"og:locale\" content=\"fr_FR\" \/>\n<meta property=\"og:type\" content=\"article\" \/>\n<meta property=\"og:title\" content=\"Bibliographie - Spirituartiste\" \/>\n<meta property=\"og:description\" content=\"J&rsquo;ai lu des milliers de pages (ou dizaines de milliers \u00e0 l&rsquo;heure actuelle) et ne pouvais pas vous donner une liste de toutes ces lectures. Je vous \u00ab\u00a0livre\u00a0\u00bb donc ici le nom de quelques ouvrages qui m&rsquo;ont particuli\u00e8rement int\u00e9ress\u00e9s&#8230;pour l&rsquo;instant car je suis s\u00fbre qu&rsquo;il y en a plein que je n&rsquo;ai pas encore d\u00e9couverts. [&hellip;]\" \/>\n<meta property=\"og:url\" content=\"https:\/\/spirituartiste.com\/?page_id=6500\" \/>\n<meta property=\"og:site_name\" content=\"Spirituartiste\" \/>\n<meta property=\"article:modified_time\" content=\"2021-06-05T21:55:04+00:00\" \/>\n<meta name=\"twitter:card\" content=\"summary_large_image\" \/>\n<meta name=\"twitter:label1\" content=\"Dur\u00e9e de lecture estim\u00e9e\" \/>\n\t<meta name=\"twitter:data1\" content=\"3 minutes\" \/>\n<script type=\"application\/ld+json\" class=\"yoast-schema-graph\">{\"@context\":\"https:\\\/\\\/schema.org\",\"@graph\":[{\"@type\":\"WebPage\",\"@id\":\"https:\\\/\\\/spirituartiste.com\\\/?page_id=6500\",\"url\":\"https:\\\/\\\/spirituartiste.com\\\/?page_id=6500\",\"name\":\"Bibliographie - Spirituartiste\",\"isPartOf\":{\"@id\":\"https:\\\/\\\/spirituartiste.com\\\/#website\"},\"datePublished\":\"2020-01-04T13:38:49+00:00\",\"dateModified\":\"2021-06-05T21:55:04+00:00\",\"breadcrumb\":{\"@id\":\"https:\\\/\\\/spirituartiste.com\\\/?page_id=6500#breadcrumb\"},\"inLanguage\":\"fr-FR\",\"potentialAction\":[{\"@type\":\"ReadAction\",\"target\":[\"https:\\\/\\\/spirituartiste.com\\\/?page_id=6500\"]}]},{\"@type\":\"BreadcrumbList\",\"@id\":\"https:\\\/\\\/spirituartiste.com\\\/?page_id=6500#breadcrumb\",\"itemListElement\":[{\"@type\":\"ListItem\",\"position\":1,\"name\":\"Accueil\",\"item\":\"https:\\\/\\\/spirituartiste.com\\\/\"},{\"@type\":\"ListItem\",\"position\":2,\"name\":\"Ressources\",\"item\":\"https:\\\/\\\/spirituartiste.com\\\/?page_id=6495\"},{\"@type\":\"ListItem\",\"position\":3,\"name\":\"Bibliographie\"}]},{\"@type\":\"WebSite\",\"@id\":\"https:\\\/\\\/spirituartiste.com\\\/#website\",\"url\":\"https:\\\/\\\/spirituartiste.com\\\/\",\"name\":\"Spirituartiste\",\"description\":\"Sandrine L\u00e9ger\",\"publisher\":{\"@id\":\"https:\\\/\\\/spirituartiste.com\\\/#\\\/schema\\\/person\\\/9862bc39ecd45c4272d890f918eadb47\"},\"potentialAction\":[{\"@type\":\"SearchAction\",\"target\":{\"@type\":\"EntryPoint\",\"urlTemplate\":\"https:\\\/\\\/spirituartiste.com\\\/?s={search_term_string}\"},\"query-input\":{\"@type\":\"PropertyValueSpecification\",\"valueRequired\":true,\"valueName\":\"search_term_string\"}}],\"inLanguage\":\"fr-FR\"},{\"@type\":[\"Person\",\"Organization\"],\"@id\":\"https:\\\/\\\/spirituartiste.com\\\/#\\\/schema\\\/person\\\/9862bc39ecd45c4272d890f918eadb47\",\"name\":\"Sandrine_leger2018\",\"image\":{\"@type\":\"ImageObject\",\"inLanguage\":\"fr-FR\",\"@id\":\"https:\\\/\\\/spirituartiste.com\\\/wp-content\\\/uploads\\\/2023\\\/02\\\/cropped-site-spirituartiste.png\",\"url\":\"https:\\\/\\\/spirituartiste.com\\\/wp-content\\\/uploads\\\/2023\\\/02\\\/cropped-site-spirituartiste.png\",\"contentUrl\":\"https:\\\/\\\/spirituartiste.com\\\/wp-content\\\/uploads\\\/2023\\\/02\\\/cropped-site-spirituartiste.png\",\"width\":152,\"height\":153,\"caption\":\"Sandrine_leger2018\"},\"logo\":{\"@id\":\"https:\\\/\\\/spirituartiste.com\\\/wp-content\\\/uploads\\\/2023\\\/02\\\/cropped-site-spirituartiste.png\"},\"sameAs\":[\"http:\\\/\\\/spirituartiste.com\"]}]}<\/script>\n<!-- \/ Yoast SEO plugin. -->","yoast_head_json":{"title":"Bibliographie - Spirituartiste","robots":{"index":"index","follow":"follow","max-snippet":"max-snippet:-1","max-image-preview":"max-image-preview:large","max-video-preview":"max-video-preview:-1"},"canonical":"https:\/\/spirituartiste.com\/?page_id=6500","og_locale":"fr_FR","og_type":"article","og_title":"Bibliographie - Spirituartiste","og_description":"J&rsquo;ai lu des milliers de pages (ou dizaines de milliers \u00e0 l&rsquo;heure actuelle) et ne pouvais pas vous donner une liste de toutes ces lectures. Je vous \u00ab\u00a0livre\u00a0\u00bb donc ici le nom de quelques ouvrages qui m&rsquo;ont particuli\u00e8rement int\u00e9ress\u00e9s&#8230;pour l&rsquo;instant car je suis s\u00fbre qu&rsquo;il y en a plein que je n&rsquo;ai pas encore d\u00e9couverts. [&hellip;]","og_url":"https:\/\/spirituartiste.com\/?page_id=6500","og_site_name":"Spirituartiste","article_modified_time":"2021-06-05T21:55:04+00:00","twitter_card":"summary_large_image","twitter_misc":{"Dur\u00e9e de lecture estim\u00e9e":"3 minutes"},"schema":{"@context":"https:\/\/schema.org","@graph":[{"@type":"WebPage","@id":"https:\/\/spirituartiste.com\/?page_id=6500","url":"https:\/\/spirituartiste.com\/?page_id=6500","name":"Bibliographie - Spirituartiste","isPartOf":{"@id":"https:\/\/spirituartiste.com\/#website"},"datePublished":"2020-01-04T13:38:49+00:00","dateModified":"2021-06-05T21:55:04+00:00","breadcrumb":{"@id":"https:\/\/spirituartiste.com\/?page_id=6500#breadcrumb"},"inLanguage":"fr-FR","potentialAction":[{"@type":"ReadAction","target":["https:\/\/spirituartiste.com\/?page_id=6500"]}]},{"@type":"BreadcrumbList","@id":"https:\/\/spirituartiste.com\/?page_id=6500#breadcrumb","itemListElement":[{"@type":"ListItem","position":1,"name":"Accueil","item":"https:\/\/spirituartiste.com\/"},{"@type":"ListItem","position":2,"name":"Ressources","item":"https:\/\/spirituartiste.com\/?page_id=6495"},{"@type":"ListItem","position":3,"name":"Bibliographie"}]},{"@type":"WebSite","@id":"https:\/\/spirituartiste.com\/#website","url":"https:\/\/spirituartiste.com\/","name":"Spirituartiste","description":"Sandrine L\u00e9ger","publisher":{"@id":"https:\/\/spirituartiste.com\/#\/schema\/person\/9862bc39ecd45c4272d890f918eadb47"},"potentialAction":[{"@type":"SearchAction","target":{"@type":"EntryPoint","urlTemplate":"https:\/\/spirituartiste.com\/?s={search_term_string}"},"query-input":{"@type":"PropertyValueSpecification","valueRequired":true,"valueName":"search_term_string"}}],"inLanguage":"fr-FR"},{"@type":["Person","Organization"],"@id":"https:\/\/spirituartiste.com\/#\/schema\/person\/9862bc39ecd45c4272d890f918eadb47","name":"Sandrine_leger2018","image":{"@type":"ImageObject","inLanguage":"fr-FR","@id":"https:\/\/spirituartiste.com\/wp-content\/uploads\/2023\/02\/cropped-site-spirituartiste.png","url":"https:\/\/spirituartiste.com\/wp-content\/uploads\/2023\/02\/cropped-site-spirituartiste.png","contentUrl":"https:\/\/spirituartiste.com\/wp-content\/uploads\/2023\/02\/cropped-site-spirituartiste.png","width":152,"height":153,"caption":"Sandrine_leger2018"},"logo":{"@id":"https:\/\/spirituartiste.com\/wp-content\/uploads\/2023\/02\/cropped-site-spirituartiste.png"},"sameAs":["http:\/\/spirituartiste.com"]}]}},"_links":{"self":[{"href":"https:\/\/spirituartiste.com\/index.php?rest_route=\/wp\/v2\/pages\/6500","targetHints":{"allow":["GET"]}}],"collection":[{"href":"https:\/\/spirituartiste.com\/index.php?rest_route=\/wp\/v2\/pages"}],"about":[{"href":"https:\/\/spirituartiste.com\/index.php?rest_route=\/wp\/v2\/types\/page"}],"author":[{"embeddable":true,"href":"https:\/\/spirituartiste.com\/index.php?rest_route=\/wp\/v2\/users\/1"}],"replies":[{"embeddable":true,"href":"https:\/\/spirituartiste.com\/index.php?rest_route=%2Fwp%2Fv2%2Fcomments&post=6500"}],"version-history":[{"count":9,"href":"https:\/\/spirituartiste.com\/index.php?rest_route=\/wp\/v2\/pages\/6500\/revisions"}],"predecessor-version":[{"id":7926,"href":"https:\/\/spirituartiste.com\/index.php?rest_route=\/wp\/v2\/pages\/6500\/revisions\/7926"}],"up":[{"embeddable":true,"href":"https:\/\/spirituartiste.com\/index.php?rest_route=\/wp\/v2\/pages\/6495"}],"wp:attachment":[{"href":"https:\/\/spirituartiste.com\/index.php?rest_route=%2Fwp%2Fv2%2Fmedia&parent=6500"}],"curies":[{"name":"wp","href":"https:\/\/api.w.org\/{rel}","templated":true}]}}