{"id":6503,"date":"2020-01-04T15:38:52","date_gmt":"2020-01-04T13:38:52","guid":{"rendered":"https:\/\/spirituartiste.com\/ressources-7\/billets-philosophiques\/le-paradoxe\/"},"modified":"2020-06-01T16:14:23","modified_gmt":"2020-06-01T14:14:23","slug":"le-paradoxe","status":"publish","type":"page","link":"https:\/\/spirituartiste.com\/?page_id=6503","title":{"rendered":"Le paradoxe de la boucle"},"content":{"rendered":"\t\t<div data-elementor-type=\"wp-page\" data-elementor-id=\"6503\" class=\"elementor elementor-6503\">\n\t\t\t\t\t\t<section class=\"elementor-section elementor-top-section elementor-element elementor-element-5bd56414 elementor-section-boxed elementor-section-height-default elementor-section-height-default\" data-id=\"5bd56414\" data-element_type=\"section\" data-e-type=\"section\">\n\t\t\t\t\t\t<div class=\"elementor-container elementor-column-gap-default\">\n\t\t\t\t\t<div class=\"elementor-column elementor-col-100 elementor-top-column elementor-element elementor-element-3c045e3f\" data-id=\"3c045e3f\" data-element_type=\"column\" data-e-type=\"column\">\n\t\t\t<div class=\"elementor-widget-wrap elementor-element-populated\">\n\t\t\t\t\t\t<div class=\"elementor-element elementor-element-5238668e elementor-widget elementor-widget-text-editor\" data-id=\"5238668e\" data-element_type=\"widget\" data-e-type=\"widget\" data-widget_type=\"text-editor.default\">\n\t\t\t\t<div class=\"elementor-widget-container\">\n\t\t\t\t\t\t\t\t\t<div class=\"art-content-layout\"><div class=\"art-content-layout-row\"><div class=\"art-layout-cell\" style=\"width: 100%;\">\u00a0<\/div><\/div><\/div><div class=\"art-content-layout\"><div class=\"art-content-layout-row\"><div class=\"art-layout-cell\" style=\"width: 60%;\"><p><span style=\"font-family: 'Palatino Linotype';\">Je croise r\u00e9guli\u00e8rement des cyclistes, t\u00eates baiss\u00e9es, \u00e0 fond sur les p\u00e9dales.<br \/>Leur but\u00a0: aller le plus vite possible\u00a0!<br \/>&#8230;<br \/>Pour revenir \u00e0 leur point de d\u00e9part\u00a0!<br \/>Oui, car dans leur exp\u00e9rience paradoxale, ils tournent en rond mais le plus vite possible&#8230; en boucle.<br \/>Ils p\u00e9dalent, ils p\u00e9dalent, ils p\u00e9dalent&#8230;. ils s&rsquo;agitent, transpirent et reviennent l\u00e0 d&rsquo;o\u00f9 ils sont partis.<br \/>A quoi bon\u00a0?<\/span><\/p><p>Oh la belle question\u00a0!!!<\/p><p>Vu comme \u00e7a c&rsquo;est un peu cr\u00e9tin non\u00a0?<\/p><p>Comme pour nous la plupart du temps.<span style=\"color: #820e84; font-size: 26px; line-height: 31px;\"><br \/><\/span><\/p><\/div><div class=\"art-layout-cell\" style=\"width: 40%;\"><p style=\"text-align: center;\"><img decoding=\"async\" class=\"art-lightbox\" src=\"https:\/\/spirituartiste.com\/wp-content\/uploads\/2020\/01\/billionphotos-1148481.png\" alt=\"\" width=\"172\" height=\"250\" \/><\/p><\/div><\/div><\/div><div class=\"art-content-layout\"><div class=\"art-content-layout-row\"><div class=\"art-layout-cell\" style=\"width: 100%;\">Entre l&rsquo;heure de notre lever du lit et celle \u00e0 laquelle nous y retournons, nous essayons d&rsquo;accumuler les trucs \u00e0 faire, d&rsquo;en r\u00e9aliser le plus possible, de se d\u00e9barasser d&rsquo;un maximum d&rsquo;obligations. Bref, on s&rsquo;agite, on s&rsquo;agite, on s&rsquo;agite, parfois on transpire et on revient dans notre lit en ayant fait notre boucle du jour.<p>A quoi bon\u00a0?<\/p><p>J&rsquo;aimerais que vous preniez r\u00e9ellement un temps pour r\u00e9fl\u00e9chir \u00e0 cette question avant d&rsquo;aller plus loin dans cette page&#8230;<\/p><\/div><\/div><\/div><div class=\"art-content-layout\"><div class=\"art-content-layout-row\"><div class=\"art-layout-cell\" style=\"width: 100%;\"><p style=\"text-align: center;\">Un temps d&rsquo;immersion en vous-m\u00eame.<\/p><\/div><\/div><\/div><div class=\"art-content-layout\"><div class=\"art-content-layout-row\"><div class=\"art-layout-cell\" style=\"width: 100%;\"><p style=\"text-align: center;\"><img decoding=\"async\" class=\"art-lightbox\" style=\"border-width: 0px;\" src=\"https:\/\/spirituartiste.com\/wp-content\/uploads\/2020\/01\/billionphotos-1861076.jpg\" alt=\"\" width=\"150\" height=\"99\" \/><\/p><\/div><\/div><\/div><div class=\"art-content-layout\"><div class=\"art-content-layout-row\"><div class=\"art-layout-cell\" style=\"width: 100%;\">A quoi bon\u00a0?<br \/>C&rsquo;est probablement la question la plus importante de votre existence que vous tenez l\u00e0&#8230;<br \/>Qu&rsquo;est-ce qui fait que ce cycliste remonte en selle le lendemain pour p\u00e9daler encore une fois t\u00eate baiss\u00e9e\u00a0?<p>LE PLAISIR&#8230;<\/p><p>Pas celui d&rsquo;\u00eatre arriv\u00e9 quelque part dans le futur. Non\u00a0! Il ne va nulle part ailleurs qu&rsquo;au m\u00eame endroit.<br \/>Non, le plaisir qu&rsquo;il prend en chemin dansl&rsquo;instant pr\u00e9sent&#8230;<\/p><p>Celui de sentir le vent sur son visage, de sentir son corps exulter et rappeler qu&rsquo;il est vivant (et a besoin d&rsquo;attention), la joie de se sentir en harmonie sans avoir besoin du mental, la beaut\u00e9 des paysages qui l&rsquo;entourent etc,etc.<\/p><p>Et vous, dans votre boucle du jour, quel plaisir prenez-vous\u00a0?<\/p><p>Sandrine L\u00e9ger<br \/>21 ao\u00fbt 2016<\/p><p>Si vous diffusez ce message, merci d&rsquo;avoir la gentillesse de donner votre source et les coordonn\u00e9es du site: <span style=\"color: #820e84;\">spirituartiste.com<\/span><\/p><\/div><\/div><\/div><div class=\"art-content-layout\"><div class=\"art-content-layout-row\"><div class=\"art-layout-cell\" style=\"width: 100%;\">\u00a0<\/div><\/div><\/div><div class=\"art-content-layout\"><div class=\"art-content-layout-row\"><div class=\"art-layout-cell\" style=\"width: 100%;\"><p>\u00a0<\/p><\/div><\/div><\/div>\t\t\t\t\t\t\t\t<\/div>\n\t\t\t\t<\/div>\n\t\t\t\t\t<\/div>\n\t\t<\/div>\n\t\t\t\t\t<\/div>\n\t\t<\/section>\n\t\t\t\t<section class=\"elementor-section elementor-top-section elementor-element elementor-element-cd2a284 elementor-section-boxed elementor-section-height-default elementor-section-height-default\" data-id=\"cd2a284\" data-element_type=\"section\" data-e-type=\"section\">\n\t\t\t\t\t\t<div class=\"elementor-container elementor-column-gap-default\">\n\t\t\t\t\t<div class=\"elementor-column elementor-col-100 elementor-top-column elementor-element elementor-element-7fe0154\" data-id=\"7fe0154\" data-element_type=\"column\" data-e-type=\"column\">\n\t\t\t<div class=\"elementor-widget-wrap elementor-element-populated\">\n\t\t\t\t\t\t<div class=\"elementor-element elementor-element-b2bcc5c elementor-widget elementor-widget-text-editor\" data-id=\"b2bcc5c\" data-element_type=\"widget\" data-e-type=\"widget\" data-widget_type=\"text-editor.default\">\n\t\t\t\t<div class=\"elementor-widget-container\">\n\t\t\t\t\t\t\t\t\t<p><a href=\"https:\/\/spirituartiste.com\/?page_id=6501\"><span style=\"color: #800080;\">Retour billets philosophiques<\/span><\/a><\/p>\t\t\t\t\t\t\t\t<\/div>\n\t\t\t\t<\/div>\n\t\t\t\t\t<\/div>\n\t\t<\/div>\n\t\t\t\t\t<\/div>\n\t\t<\/section>\n\t\t\t\t<section class=\"elementor-section elementor-top-section elementor-element elementor-element-2e2f231 elementor-section-boxed elementor-section-height-default elementor-section-height-default\" data-id=\"2e2f231\" data-element_type=\"section\" data-e-type=\"section\">\n\t\t\t\t\t\t<div class=\"elementor-container elementor-column-gap-default\">\n\t\t\t\t\t<div class=\"elementor-column elementor-col-100 elementor-top-column elementor-element elementor-element-4ed4e4b\" data-id=\"4ed4e4b\" data-element_type=\"column\" data-e-type=\"column\">\n\t\t\t<div class=\"elementor-widget-wrap elementor-element-populated\">\n\t\t\t\t\t\t<div class=\"elementor-element elementor-element-23f0f7d elementor-widget elementor-widget-button\" data-id=\"23f0f7d\" data-element_type=\"widget\" data-e-type=\"widget\" data-widget_type=\"button.default\">\n\t\t\t\t<div class=\"elementor-widget-container\">\n\t\t\t\t\t\t\t\t\t<div class=\"elementor-button-wrapper\">\n\t\t\t\t\t<a class=\"elementor-button elementor-button-link elementor-size-sm\" href=\"https:\/\/spirituartiste.com\/?page_id=6495\" target=\"_blank\">\n\t\t\t\t\t\t<span class=\"elementor-button-content-wrapper\">\n\t\t\t\t\t\t\t\t\t<span class=\"elementor-button-text\">Ressources<\/span>\n\t\t\t\t\t<\/span>\n\t\t\t\t\t<\/a>\n\t\t\t\t<\/div>\n\t\t\t\t\t\t\t\t<\/div>\n\t\t\t\t<\/div>\n\t\t\t\t\t<\/div>\n\t\t<\/div>\n\t\t\t\t\t<\/div>\n\t\t<\/section>\n\t\t\t\t<\/div>\n\t\t","protected":false},"excerpt":{"rendered":"<p>\u00a0 Je croise r\u00e9guli\u00e8rement des cyclistes, t\u00eates baiss\u00e9es, \u00e0 fond sur les p\u00e9dales.Leur but\u00a0: aller le plus vite possible\u00a0!&#8230;Pour revenir \u00e0 leur point de d\u00e9part\u00a0!Oui, car dans leur exp\u00e9rience paradoxale, ils tournent en rond mais le plus vite possible&#8230; en boucle.Ils p\u00e9dalent, ils p\u00e9dalent, ils p\u00e9dalent&#8230;. ils s&rsquo;agitent, transpirent et reviennent l\u00e0 d&rsquo;o\u00f9 ils sont [&hellip;]<\/p>\n","protected":false},"author":1,"featured_media":0,"parent":6501,"menu_order":77,"comment_status":"closed","ping_status":"closed","template":"","meta":{"site-sidebar-layout":"default","site-content-layout":"","ast-site-content-layout":"default","site-content-style":"default","site-sidebar-style":"default","ast-global-header-display":"","ast-banner-title-visibility":"","ast-main-header-display":"","ast-hfb-above-header-display":"","ast-hfb-below-header-display":"","ast-hfb-mobile-header-display":"","site-post-title":"","ast-breadcrumbs-content":"","ast-featured-img":"","footer-sml-layout":"","ast-disable-related-posts":"","theme-transparent-header-meta":"","adv-header-id-meta":"","stick-header-meta":"","header-above-stick-meta":"","header-main-stick-meta":"","header-below-stick-meta":"","astra-migrate-meta-layouts":"default","ast-page-background-enabled":"default","ast-page-background-meta":{"desktop":{"background-color":"","background-image":"","background-repeat":"repeat","background-position":"center center","background-size":"auto","background-attachment":"scroll","background-type":"","background-media":"","overlay-type":"","overlay-color":"","overlay-opacity":"","overlay-gradient":""},"tablet":{"background-color":"","background-image":"","background-repeat":"repeat","background-position":"center center","background-size":"auto","background-attachment":"scroll","background-type":"","background-media":"","overlay-type":"","overlay-color":"","overlay-opacity":"","overlay-gradient":""},"mobile":{"background-color":"","background-image":"","background-repeat":"repeat","background-position":"center center","background-size":"auto","background-attachment":"scroll","background-type":"","background-media":"","overlay-type":"","overlay-color":"","overlay-opacity":"","overlay-gradient":""}},"ast-content-background-meta":{"desktop":{"background-color":"var(--ast-global-color-5)","background-image":"","background-repeat":"repeat","background-position":"center center","background-size":"auto","background-attachment":"scroll","background-type":"","background-media":"","overlay-type":"","overlay-color":"","overlay-opacity":"","overlay-gradient":""},"tablet":{"background-color":"var(--ast-global-color-5)","background-image":"","background-repeat":"repeat","background-position":"center center","background-size":"auto","background-attachment":"scroll","background-type":"","background-media":"","overlay-type":"","overlay-color":"","overlay-opacity":"","overlay-gradient":""},"mobile":{"background-color":"var(--ast-global-color-5)","background-image":"","background-repeat":"repeat","background-position":"center center","background-size":"auto","background-attachment":"scroll","background-type":"","background-media":"","overlay-type":"","overlay-color":"","overlay-opacity":"","overlay-gradient":""}},"footnotes":""},"class_list":["post-6503","page","type-page","status-publish","hentry"],"yoast_head":"<!-- This site is optimized with the Yoast SEO plugin v27.5 - https:\/\/yoast.com\/product\/yoast-seo-wordpress\/ -->\n<title>Le paradoxe de la boucle - Spirituartiste<\/title>\n<meta name=\"robots\" content=\"index, follow, max-snippet:-1, max-image-preview:large, max-video-preview:-1\" \/>\n<link rel=\"canonical\" href=\"https:\/\/spirituartiste.com\/?page_id=6503\" \/>\n<meta property=\"og:locale\" content=\"fr_FR\" \/>\n<meta property=\"og:type\" content=\"article\" \/>\n<meta property=\"og:title\" content=\"Le paradoxe de la boucle - Spirituartiste\" \/>\n<meta property=\"og:description\" content=\"\u00a0 Je croise r\u00e9guli\u00e8rement des cyclistes, t\u00eates baiss\u00e9es, \u00e0 fond sur les p\u00e9dales.Leur but\u00a0: aller le plus vite possible\u00a0!&#8230;Pour revenir \u00e0 leur point de d\u00e9part\u00a0!Oui, car dans leur exp\u00e9rience paradoxale, ils tournent en rond mais le plus vite possible&#8230; en boucle.Ils p\u00e9dalent, ils p\u00e9dalent, ils p\u00e9dalent&#8230;. ils s&rsquo;agitent, transpirent et reviennent l\u00e0 d&rsquo;o\u00f9 ils sont [&hellip;]\" \/>\n<meta property=\"og:url\" content=\"https:\/\/spirituartiste.com\/?page_id=6503\" \/>\n<meta property=\"og:site_name\" content=\"Spirituartiste\" \/>\n<meta property=\"article:modified_time\" content=\"2020-06-01T14:14:23+00:00\" \/>\n<meta property=\"og:image\" content=\"https:\/\/spirituartiste.com\/wp-content\/uploads\/2020\/01\/billionphotos-1148481.png\" \/>\n<meta name=\"twitter:card\" content=\"summary_large_image\" \/>\n<meta name=\"twitter:label1\" content=\"Dur\u00e9e de lecture estim\u00e9e\" \/>\n\t<meta name=\"twitter:data1\" content=\"2 minutes\" \/>\n<script type=\"application\/ld+json\" class=\"yoast-schema-graph\">{\"@context\":\"https:\\\/\\\/schema.org\",\"@graph\":[{\"@type\":\"WebPage\",\"@id\":\"https:\\\/\\\/spirituartiste.com\\\/?page_id=6503\",\"url\":\"https:\\\/\\\/spirituartiste.com\\\/?page_id=6503\",\"name\":\"Le paradoxe de la boucle - Spirituartiste\",\"isPartOf\":{\"@id\":\"https:\\\/\\\/spirituartiste.com\\\/#website\"},\"primaryImageOfPage\":{\"@id\":\"https:\\\/\\\/spirituartiste.com\\\/?page_id=6503#primaryimage\"},\"image\":{\"@id\":\"https:\\\/\\\/spirituartiste.com\\\/?page_id=6503#primaryimage\"},\"thumbnailUrl\":\"https:\\\/\\\/spirituartiste.com\\\/wp-content\\\/uploads\\\/2020\\\/01\\\/billionphotos-1148481.png\",\"datePublished\":\"2020-01-04T13:38:52+00:00\",\"dateModified\":\"2020-06-01T14:14:23+00:00\",\"breadcrumb\":{\"@id\":\"https:\\\/\\\/spirituartiste.com\\\/?page_id=6503#breadcrumb\"},\"inLanguage\":\"fr-FR\",\"potentialAction\":[{\"@type\":\"ReadAction\",\"target\":[\"https:\\\/\\\/spirituartiste.com\\\/?page_id=6503\"]}]},{\"@type\":\"ImageObject\",\"inLanguage\":\"fr-FR\",\"@id\":\"https:\\\/\\\/spirituartiste.com\\\/?page_id=6503#primaryimage\",\"url\":\"https:\\\/\\\/spirituartiste.com\\\/wp-content\\\/uploads\\\/2020\\\/01\\\/billionphotos-1148481.png\",\"contentUrl\":\"https:\\\/\\\/spirituartiste.com\\\/wp-content\\\/uploads\\\/2020\\\/01\\\/billionphotos-1148481.png\",\"width\":172,\"height\":250},{\"@type\":\"BreadcrumbList\",\"@id\":\"https:\\\/\\\/spirituartiste.com\\\/?page_id=6503#breadcrumb\",\"itemListElement\":[{\"@type\":\"ListItem\",\"position\":1,\"name\":\"Accueil\",\"item\":\"https:\\\/\\\/spirituartiste.com\\\/\"},{\"@type\":\"ListItem\",\"position\":2,\"name\":\"Ressources\",\"item\":\"https:\\\/\\\/spirituartiste.com\\\/?page_id=6495\"},{\"@type\":\"ListItem\",\"position\":3,\"name\":\"Billets philosophiques\",\"item\":\"https:\\\/\\\/spirituartiste.com\\\/?page_id=6501\"},{\"@type\":\"ListItem\",\"position\":4,\"name\":\"Le paradoxe de la boucle\"}]},{\"@type\":\"WebSite\",\"@id\":\"https:\\\/\\\/spirituartiste.com\\\/#website\",\"url\":\"https:\\\/\\\/spirituartiste.com\\\/\",\"name\":\"Spirituartiste\",\"description\":\"Sandrine L\u00e9ger\",\"publisher\":{\"@id\":\"https:\\\/\\\/spirituartiste.com\\\/#\\\/schema\\\/person\\\/9862bc39ecd45c4272d890f918eadb47\"},\"potentialAction\":[{\"@type\":\"SearchAction\",\"target\":{\"@type\":\"EntryPoint\",\"urlTemplate\":\"https:\\\/\\\/spirituartiste.com\\\/?s={search_term_string}\"},\"query-input\":{\"@type\":\"PropertyValueSpecification\",\"valueRequired\":true,\"valueName\":\"search_term_string\"}}],\"inLanguage\":\"fr-FR\"},{\"@type\":[\"Person\",\"Organization\"],\"@id\":\"https:\\\/\\\/spirituartiste.com\\\/#\\\/schema\\\/person\\\/9862bc39ecd45c4272d890f918eadb47\",\"name\":\"Sandrine_leger2018\",\"image\":{\"@type\":\"ImageObject\",\"inLanguage\":\"fr-FR\",\"@id\":\"https:\\\/\\\/spirituartiste.com\\\/wp-content\\\/uploads\\\/2023\\\/02\\\/cropped-site-spirituartiste.png\",\"url\":\"https:\\\/\\\/spirituartiste.com\\\/wp-content\\\/uploads\\\/2023\\\/02\\\/cropped-site-spirituartiste.png\",\"contentUrl\":\"https:\\\/\\\/spirituartiste.com\\\/wp-content\\\/uploads\\\/2023\\\/02\\\/cropped-site-spirituartiste.png\",\"width\":152,\"height\":153,\"caption\":\"Sandrine_leger2018\"},\"logo\":{\"@id\":\"https:\\\/\\\/spirituartiste.com\\\/wp-content\\\/uploads\\\/2023\\\/02\\\/cropped-site-spirituartiste.png\"},\"sameAs\":[\"http:\\\/\\\/spirituartiste.com\"]}]}<\/script>\n<!-- \/ Yoast SEO plugin. -->","yoast_head_json":{"title":"Le paradoxe de la boucle - Spirituartiste","robots":{"index":"index","follow":"follow","max-snippet":"max-snippet:-1","max-image-preview":"max-image-preview:large","max-video-preview":"max-video-preview:-1"},"canonical":"https:\/\/spirituartiste.com\/?page_id=6503","og_locale":"fr_FR","og_type":"article","og_title":"Le paradoxe de la boucle - Spirituartiste","og_description":"\u00a0 Je croise r\u00e9guli\u00e8rement des cyclistes, t\u00eates baiss\u00e9es, \u00e0 fond sur les p\u00e9dales.Leur but\u00a0: aller le plus vite possible\u00a0!&#8230;Pour revenir \u00e0 leur point de d\u00e9part\u00a0!Oui, car dans leur exp\u00e9rience paradoxale, ils tournent en rond mais le plus vite possible&#8230; en boucle.Ils p\u00e9dalent, ils p\u00e9dalent, ils p\u00e9dalent&#8230;. ils s&rsquo;agitent, transpirent et reviennent l\u00e0 d&rsquo;o\u00f9 ils sont [&hellip;]","og_url":"https:\/\/spirituartiste.com\/?page_id=6503","og_site_name":"Spirituartiste","article_modified_time":"2020-06-01T14:14:23+00:00","og_image":[{"url":"https:\/\/spirituartiste.com\/wp-content\/uploads\/2020\/01\/billionphotos-1148481.png","type":"","width":"","height":""}],"twitter_card":"summary_large_image","twitter_misc":{"Dur\u00e9e de lecture estim\u00e9e":"2 minutes"},"schema":{"@context":"https:\/\/schema.org","@graph":[{"@type":"WebPage","@id":"https:\/\/spirituartiste.com\/?page_id=6503","url":"https:\/\/spirituartiste.com\/?page_id=6503","name":"Le paradoxe de la boucle - Spirituartiste","isPartOf":{"@id":"https:\/\/spirituartiste.com\/#website"},"primaryImageOfPage":{"@id":"https:\/\/spirituartiste.com\/?page_id=6503#primaryimage"},"image":{"@id":"https:\/\/spirituartiste.com\/?page_id=6503#primaryimage"},"thumbnailUrl":"https:\/\/spirituartiste.com\/wp-content\/uploads\/2020\/01\/billionphotos-1148481.png","datePublished":"2020-01-04T13:38:52+00:00","dateModified":"2020-06-01T14:14:23+00:00","breadcrumb":{"@id":"https:\/\/spirituartiste.com\/?page_id=6503#breadcrumb"},"inLanguage":"fr-FR","potentialAction":[{"@type":"ReadAction","target":["https:\/\/spirituartiste.com\/?page_id=6503"]}]},{"@type":"ImageObject","inLanguage":"fr-FR","@id":"https:\/\/spirituartiste.com\/?page_id=6503#primaryimage","url":"https:\/\/spirituartiste.com\/wp-content\/uploads\/2020\/01\/billionphotos-1148481.png","contentUrl":"https:\/\/spirituartiste.com\/wp-content\/uploads\/2020\/01\/billionphotos-1148481.png","width":172,"height":250},{"@type":"BreadcrumbList","@id":"https:\/\/spirituartiste.com\/?page_id=6503#breadcrumb","itemListElement":[{"@type":"ListItem","position":1,"name":"Accueil","item":"https:\/\/spirituartiste.com\/"},{"@type":"ListItem","position":2,"name":"Ressources","item":"https:\/\/spirituartiste.com\/?page_id=6495"},{"@type":"ListItem","position":3,"name":"Billets philosophiques","item":"https:\/\/spirituartiste.com\/?page_id=6501"},{"@type":"ListItem","position":4,"name":"Le paradoxe de la boucle"}]},{"@type":"WebSite","@id":"https:\/\/spirituartiste.com\/#website","url":"https:\/\/spirituartiste.com\/","name":"Spirituartiste","description":"Sandrine L\u00e9ger","publisher":{"@id":"https:\/\/spirituartiste.com\/#\/schema\/person\/9862bc39ecd45c4272d890f918eadb47"},"potentialAction":[{"@type":"SearchAction","target":{"@type":"EntryPoint","urlTemplate":"https:\/\/spirituartiste.com\/?s={search_term_string}"},"query-input":{"@type":"PropertyValueSpecification","valueRequired":true,"valueName":"search_term_string"}}],"inLanguage":"fr-FR"},{"@type":["Person","Organization"],"@id":"https:\/\/spirituartiste.com\/#\/schema\/person\/9862bc39ecd45c4272d890f918eadb47","name":"Sandrine_leger2018","image":{"@type":"ImageObject","inLanguage":"fr-FR","@id":"https:\/\/spirituartiste.com\/wp-content\/uploads\/2023\/02\/cropped-site-spirituartiste.png","url":"https:\/\/spirituartiste.com\/wp-content\/uploads\/2023\/02\/cropped-site-spirituartiste.png","contentUrl":"https:\/\/spirituartiste.com\/wp-content\/uploads\/2023\/02\/cropped-site-spirituartiste.png","width":152,"height":153,"caption":"Sandrine_leger2018"},"logo":{"@id":"https:\/\/spirituartiste.com\/wp-content\/uploads\/2023\/02\/cropped-site-spirituartiste.png"},"sameAs":["http:\/\/spirituartiste.com"]}]}},"_links":{"self":[{"href":"https:\/\/spirituartiste.com\/index.php?rest_route=\/wp\/v2\/pages\/6503","targetHints":{"allow":["GET"]}}],"collection":[{"href":"https:\/\/spirituartiste.com\/index.php?rest_route=\/wp\/v2\/pages"}],"about":[{"href":"https:\/\/spirituartiste.com\/index.php?rest_route=\/wp\/v2\/types\/page"}],"author":[{"embeddable":true,"href":"https:\/\/spirituartiste.com\/index.php?rest_route=\/wp\/v2\/users\/1"}],"replies":[{"embeddable":true,"href":"https:\/\/spirituartiste.com\/index.php?rest_route=%2Fwp%2Fv2%2Fcomments&post=6503"}],"version-history":[{"count":3,"href":"https:\/\/spirituartiste.com\/index.php?rest_route=\/wp\/v2\/pages\/6503\/revisions"}],"predecessor-version":[{"id":7190,"href":"https:\/\/spirituartiste.com\/index.php?rest_route=\/wp\/v2\/pages\/6503\/revisions\/7190"}],"up":[{"embeddable":true,"href":"https:\/\/spirituartiste.com\/index.php?rest_route=\/wp\/v2\/pages\/6501"}],"wp:attachment":[{"href":"https:\/\/spirituartiste.com\/index.php?rest_route=%2Fwp%2Fv2%2Fmedia&parent=6503"}],"curies":[{"name":"wp","href":"https:\/\/api.w.org\/{rel}","templated":true}]}}