{"id":6510,"date":"2020-01-04T15:38:59","date_gmt":"2020-01-04T13:38:59","guid":{"rendered":"https:\/\/spirituartiste.com\/boutique\/livre\/extrait-2\/"},"modified":"2020-06-01T16:25:50","modified_gmt":"2020-06-01T14:25:50","slug":"extrait-2","status":"publish","type":"page","link":"https:\/\/spirituartiste.com\/?page_id=6510","title":{"rendered":"Extrait 2 de \u00ab\u00a0la m\u00e9canique subtile de la Vie\u00a0\u00bb de Sandrine L\u00e9ger."},"content":{"rendered":"\t\t<div data-elementor-type=\"wp-page\" data-elementor-id=\"6510\" class=\"elementor elementor-6510\">\n\t\t\t\t\t\t<section class=\"elementor-section elementor-top-section elementor-element elementor-element-2d95504c elementor-section-boxed elementor-section-height-default elementor-section-height-default\" data-id=\"2d95504c\" data-element_type=\"section\" data-e-type=\"section\">\n\t\t\t\t\t\t<div class=\"elementor-container elementor-column-gap-default\">\n\t\t\t\t\t<div class=\"elementor-column elementor-col-100 elementor-top-column elementor-element elementor-element-58d6c716\" data-id=\"58d6c716\" data-element_type=\"column\" data-e-type=\"column\">\n\t\t\t<div class=\"elementor-widget-wrap elementor-element-populated\">\n\t\t\t\t\t\t<div class=\"elementor-element elementor-element-279d1237 elementor-widget elementor-widget-text-editor\" data-id=\"279d1237\" data-element_type=\"widget\" data-e-type=\"widget\" data-widget_type=\"text-editor.default\">\n\t\t\t\t<div class=\"elementor-widget-container\">\n\t\t\t\t\t\t\t\t\t<div class=\"art-content-layout-wrapper layout-item-0\"><div class=\"art-content-layout\"><div class=\"art-content-layout-row\"><div class=\"art-layout-cell\" style=\"width: 100%;\">\u00a0<\/div><\/div><\/div><\/div><div class=\"art-content-layout-wrapper layout-item-0\"><div class=\"art-content-layout\"><div class=\"art-content-layout-row\"><div class=\"art-layout-cell\" style=\"width: 100%;\"><p><span style=\"color: #820e84;\">Vous pouvez utiliser librement\u00a0des extraits du livre et les diffuser . Merci toutefois, par respect pour le travail que cela repr\u00e9sente, de mentionner \u00a0l&rsquo;auteur\u00a0<\/span><span style=\"color: #820e84;\">(Sandrine L\u00e9ger) et le nom du site (spirituartiste.com)<\/span><\/p><\/div><\/div><\/div><\/div><div class=\"art-content-layout-wrapper layout-item-0\"><div class=\"art-content-layout\"><div class=\"art-content-layout-row\"><div class=\"art-layout-cell\" style=\"width: 100%;\">\u00a0<\/div><\/div><\/div><\/div><div class=\"art-content-layout-wrapper layout-item-0\"><div class=\"art-content-layout\"><div class=\"art-content-layout-row\"><div class=\"art-layout-cell\" style=\"width: 100%;\"><p><span style=\"color: #820e84; font-family: 'ParkAvenue BT', Arial, 'Arial Unicode MS', Helvetica, sans-serif; font-size: 26px; line-height: 31px;\">\u00ab\u00a0la m\u00e9canique subtile de la Vie\u00a0\u00bb de Sandrine L\u00e9ger.\u00a0Extrait 2.<\/span><\/p><p><span style=\"color: #820e84; font-weight: bold;\">\u00a0<\/span><\/p><p><span style=\"color: #820e84; font-weight: bold;\">CHAPITRE 2 LE BONHEUR ET LE MALHEUR<\/span><\/p><p><span style=\"color: #820e84;\">A d\u00e9finitions<\/span><\/p><p>Qu&rsquo;est-ce que le bonheur\u00a0?<\/p><p>Vous \u00eates vous d\u00e9j\u00e0 arr\u00eat\u00e9s le temps de r\u00e9pondre \u00e0 cette question primordiale\u00a0? (Car n&rsquo;est-ce pas apr\u00e8s cela que nous courrons tous&#8230;\u00a0<\/p><p>le bonheur\u00a0?)\u00a0<\/p><p>Je vous invite \u00e0 y penser quelques instants avant de poursuivre.<br \/>\u2026<br \/>&#8230;<br \/>&#8230;<br \/>Dans mon ressenti, le bonheur est une sensation de bien-\u00eatre profond qui est pr\u00e9sente quand je suis en harmonie.<\/p><p>C&rsquo;est \u00e0 dire que mes pens\u00e9es et mes \u00e9motions sont en ad\u00e9quation avec ma nature fondamentale qui est la bienveillance, l&rsquo;Amour&#8230;<br \/>(Oui l&rsquo;\u00eatre humain est naturellement bon\u00a0! \u00ab\u00a0L&rsquo;homme est naturellement bon et c&rsquo;est la soci\u00e9t\u00e9 qui le d\u00e9prave\u00a0\u00bb J.J. Rousseau. Je vous invite \u00e9galement \u00e0 lire le livre de Jacques Lecomte \u00e0 ce sujet (2))<\/p><p>Cette harmonie d\u00e9bouche sur un sentiment de pl\u00e9nitude.<br \/>C&rsquo;est ce que l&rsquo;on ressent apr\u00e8s une profonde m\u00e9ditation ou relaxation, quand les r\u00e9sonances int\u00e9rieures se sont accord\u00e9es entre elles sur notre \u00ab\u00a0note\u00a0\u00bb naturelle.<\/p><p>Dans ce sentiment de pl\u00e9nitude, il y aussi un sentiment d&rsquo;unit\u00e9. Remarquez comme au sortir ou pendant une s\u00e9ance de relaxation\/m\u00e9ditation vous \u00eates pleinement pr\u00e9sents et comme vous n&rsquo;avez besoin de rien.<br \/>Vous \u00eates juste \u00ab\u00a0bien\u00a0\u00bb. (Pour ceux qui ne pratiquent la m\u00e9ditation, peut-\u00eatre avez-vous un jour connu cette sensation en regardant un magnifique coucher de soleil ou un feu de chemin\u00e9e&#8230;)<br \/>En fait, quand vous vous videz de vos pens\u00e9es, vous d\u00e9sencombrez un chemin, vous \u00e9claircissez un voile qui vous permet enfin de vous relier \u00e0 une partie de vous-m\u00eame plus grande et naturellement bienveillante.<br \/>Ce ne sont donc que nos pens\u00e9es qui font obstacle au sentiment d&rsquo;interconnexion avec l&rsquo;Univers (ou notre \u00ab\u00a0\u00eatre profond\u00bb pour les plus aventureux)&#8230;<\/p><p>\u00ab\u00a0Mais tout le monde n&rsquo;est pas bienveillant\u00a0!\u00a0\u00bb me direz-vous peut-\u00eatre&#8230;<\/p><p>A force de d\u00e9composer les m\u00e9canismes de fonctionnement de la nature humaine j&rsquo;aurais envie de r\u00e9pondre que si pourtant, car l&rsquo;\u00eatre \u00ab\u00a0malveillant\u00a0\u00bb en r\u00e9alit\u00e9 ne cherche qu&rsquo;\u00e0 \u00eatre plus heureux, or prendre soin de soi est de l&rsquo;Amour.<br \/>\u00c9videmment je ne cautionne pas toutes les strat\u00e9gies permettant d&rsquo;y arriver\u00a0!<br \/>Je dis simplement que la nature humaine EST bienveillante.<br \/>En cons\u00e9quence, quelqu&rsquo;un de \u00ab\u00a0malveillant\u00a0\u00bb est juste quelqu&rsquo;un de confus, dont les pens\u00e9es font obstacle \u00e0 sa lumi\u00e8re int\u00e9rieure.<\/p><p>Et j&rsquo;insiste, cela ne veut pas dire que des agissements malveillants sont acceptables\u00a0!<br \/>Cela veut dire, pour moi, que l&rsquo;on peut traiter ces agissements avec fermet\u00e9 et les refuser avec force MAIS aussi avec bienveillance pour les individus quand on sait que ce n&rsquo;est que de la confusion qui en est \u00e0 l&rsquo;origine.<br \/>La lumi\u00e8re de l&rsquo;Amour peut dissiper l&rsquo;obscurit\u00e9 due \u00e0 l&rsquo;accumulation de pens\u00e9es n\u00e9gatives chez l&rsquo;Autre.<br \/>La col\u00e8re, la violence ne font que renforcer cette n\u00e9gativit\u00e9\u00a0!<\/p><p>Je ne peux pas calmer la col\u00e8re de l&rsquo;Autre si j&rsquo;y ajoute la mienne.<br \/>Je ne peux pas l&rsquo;amener \u00e0 de la paix si je suis en guerre contre lui.<\/p><p>Je peux calmement et avec bienveillance dire non, que ce comportement est inacceptable.<br \/>La diff\u00e9rence entre dire non avec col\u00e8re et le dire avec Amour est dans le r\u00e9sultat\u00a0!<br \/>Un \u00ab\u00a0non\u00a0\u00bb pos\u00e9 dans la solidit\u00e9 que procure l&rsquo;harmonie int\u00e9rieure et \u00e9manant d&rsquo;une paix profonde donne une bien plus grande force qu&rsquo;un<\/p><p>\u00ab\u00a0non\u00a0\u00bb col\u00e9rique ou rempli de peur.<br \/>Gandhi en a \u00e9t\u00e9 un exemple\u00a0: il a fait bouger son pays par la non-violence en inspirant ses concitoyens par la force tranquille qu&rsquo;il incarnait.<\/p><p>Pour en revenir \u00e0 la bienveillance naturelle de l&rsquo;\u00eatre humain, des \u00e9tudes r\u00e9alis\u00e9s sur des enfants de 2 ans ont d\u00e9montr\u00e9 que 100% de ces enfants test\u00e9s venaient naturellement en aide \u00e0 un adulte en difficult\u00e9.<br \/>100%\u00a0!!<br \/>Le fonctionnement hormonal du corps plaide aussi en faveur de la normalit\u00e9 de la bienveillance&#8230;<br \/>Il est reconnu maintenant que le bonheur est l&rsquo;\u00e9tat dans lequel le corps fonctionne \u00e0 son optimum, c&rsquo;est \u00e0 dire celui dans lequel il a \u00e9t\u00e9 \u00ab\u00a0con\u00e7u\u00a0\u00bb pour fonctionner\u00a0! (cf\u00a0: science et vie junior, num\u00e9ro 281, fev 2013)<\/p><p>Quand je parle d&rsquo;harmonie, je parle donc aussi de r\u00e9sonances, de longueurs d&rsquo;ondes.<br \/>Quand je dis, j&rsquo;agis, je fais ou je pense quelque chose dont la r\u00e9sonance est diff\u00e9rente de celle de l&rsquo;Amour, je me sens en disharmonie.<br \/>Cette sensation, cette perturbation, ce malaise diffus, ne me permet pas d&rsquo;atteindre un bonheur durable.<br \/>En cons\u00e9quence, le malheur est donc naturellement pour moi la sortie de cet \u00e9tat d&rsquo;harmonie.<br \/>La d\u00e9connexion d&rsquo;avec mon \u00e9tat de bienveillance naturelle.<\/p><p>Je peux en sortir un tout petit peu, par une pens\u00e9e critique momentan\u00e9e, par exemple, ou de fa\u00e7on plus importante voire durable (exemple\u00a0: si je rabaisse r\u00e9guli\u00e8rement quelqu&rsquo;un et que j&rsquo;en con\u00e7ois des remords une fois mes crises de col\u00e8re pass\u00e9es) De l\u00e0 d\u00e9coule un malheur plus ou moins important suivant l&rsquo;\u00e9cart qu&rsquo;il met avec ma r\u00e9sonance naturelle \u00e0 l&rsquo;Amour, mais aussi suivant le nombre et la force des pens\u00e9es n\u00e9gatives que je vais g\u00e9n\u00e9rer dans cette situation.<\/p><p>Po\u00e9tiquement je pourrais l&rsquo;exprimer ainsi\u00a0: les voiles n\u00e9gatifs de mes pens\u00e9es s&rsquo;\u00e9paississent et referment le chemin vers la lumi\u00e8re, me coupant de ma connexion, d&rsquo;o\u00f9 ce sentiment de solitude qui nous habite avec puissance quand nous sommes malheureux. De vide aussi bien-s\u00fbr\u00a0!<br \/>Quand la connexion \u00e0 la lumi\u00e8re s&rsquo;en va c&rsquo;est comme quand le chaud soleil de printemps dispara\u00eet et que la fra\u00eecheur humide reprend le dessus.\u00a0<\/p><p>Vous souvenez-vous de cette sensation de perte subite de la chaleur\u00a0?<br \/>C&rsquo;est aussi ce qui se passe quand on rompt avec sa propre lumi\u00e8re.<br \/>La nature a horreur du vide&#8230; Nous cherchons alors, par tous les moyens, \u00e0 nous remplir \u00e0 grands coups de\u00a0 nourriture\u00a0; d&rsquo;excitations ; de stimulations visuelles, sexuelles\u00a0; d&rsquo;\u00e9crans etc.<\/p><p>Est-ce le monde ext\u00e9rieur qui g\u00e8re mon harmonie int\u00e9rieure ou moi-m\u00eame\u00a0?<\/p><p>Peut-on m&rsquo;obliger \u00e0 me \u00ab\u00a0d\u00e9s-harmoniser\u00a0\u00bb\u00a0? Est ce que ce qui est ext\u00e9rieur \u00e0 moi peut entrer dans mon cerveau et modifier ma liaison\u00a0<\/p><p>int\u00e9rieure\u00a0?<br \/>Et m\u00eame plus pr\u00e9cis\u00e9ment, puisque c&rsquo;est \u00ab\u00a0l&rsquo;\u00e9paisseur\u00a0\u00bb de mes pens\u00e9es n\u00e9gatives qui va emp\u00eacher mon harmonie int\u00e9rieure, donc mon bonheur, quelqu&rsquo;un d&rsquo;autre que moi peut-il intervenir que sur ce que je pense\u00a0?<br \/>Autrement dit\u00a0: quelqu&rsquo;un d&rsquo;autre peut-il contr\u00f4ler vos pens\u00e9es\u00a0? Et Pouvez-vous contr\u00f4ler les pens\u00e9es des autres personnes\u00a0?<br \/>\u2026<br \/>&#8230;<\/p><p>D&rsquo;une fa\u00e7on plus visible (car une pens\u00e9e ne se traduit pas syst\u00e9matiquement de fa\u00e7on observable) pouvez-vous \u00eatre toujours certains de la fa\u00e7on dont les gens vont r\u00e9agir\u00a0? Mentalement ou \u00e9motionnellement puis dans leurs actes\u00a0?<br \/>N&rsquo;avez-vous jamais \u00e9t\u00e9 surpris par la r\u00e9actions de certaines personnes\u00a0?<br \/>&#8230;<br \/>Un individu, un \u00e9v\u00e9nement, peut-il intervenir litt\u00e9ralement DANS mon cerveau pour cr\u00e9er certaines pens\u00e9es plut\u00f4t que d&rsquo;autres\u00a0?<br \/>Si c&rsquo;\u00e9tait le cas, nous saurions tous alors comment rendre les gens heureux ou au contraire malheureux me semble-t-il&#8230;<\/p><\/div><\/div><\/div><\/div>\t\t\t\t\t\t\t\t<\/div>\n\t\t\t\t<\/div>\n\t\t\t\t\t<\/div>\n\t\t<\/div>\n\t\t\t\t\t<\/div>\n\t\t<\/section>\n\t\t\t\t<section class=\"elementor-section elementor-top-section elementor-element elementor-element-ad36fc0 elementor-section-boxed elementor-section-height-default elementor-section-height-default\" data-id=\"ad36fc0\" data-element_type=\"section\" data-e-type=\"section\">\n\t\t\t\t\t\t<div class=\"elementor-container elementor-column-gap-default\">\n\t\t\t\t\t<div class=\"elementor-column elementor-col-100 elementor-top-column elementor-element elementor-element-b7a9e8c\" data-id=\"b7a9e8c\" data-element_type=\"column\" data-e-type=\"column\">\n\t\t\t<div class=\"elementor-widget-wrap elementor-element-populated\">\n\t\t\t\t\t\t<div class=\"elementor-element elementor-element-1e5f192 elementor-widget elementor-widget-text-editor\" data-id=\"1e5f192\" data-element_type=\"widget\" data-e-type=\"widget\" data-widget_type=\"text-editor.default\">\n\t\t\t\t<div class=\"elementor-widget-container\">\n\t\t\t\t\t\t\t\t\t<p><a href=\"https:\/\/spirituartiste.com\/?page_id=6496\"><span style=\"color: #800080;\">Retour \u00ab\u00a0mon livre\u00a0\u00bb<\/span><\/a><\/p>\t\t\t\t\t\t\t\t<\/div>\n\t\t\t\t<\/div>\n\t\t\t\t\t<\/div>\n\t\t<\/div>\n\t\t\t\t\t<\/div>\n\t\t<\/section>\n\t\t\t\t<section class=\"elementor-section elementor-top-section elementor-element elementor-element-05670a9 elementor-section-boxed elementor-section-height-default elementor-section-height-default\" data-id=\"05670a9\" data-element_type=\"section\" data-e-type=\"section\">\n\t\t\t\t\t\t<div class=\"elementor-container elementor-column-gap-default\">\n\t\t\t\t\t<div class=\"elementor-column elementor-col-100 elementor-top-column elementor-element elementor-element-e9685df\" data-id=\"e9685df\" data-element_type=\"column\" data-e-type=\"column\">\n\t\t\t<div class=\"elementor-widget-wrap elementor-element-populated\">\n\t\t\t\t\t\t<div class=\"elementor-element elementor-element-0a36cee elementor-widget elementor-widget-button\" data-id=\"0a36cee\" data-element_type=\"widget\" data-e-type=\"widget\" data-widget_type=\"button.default\">\n\t\t\t\t<div class=\"elementor-widget-container\">\n\t\t\t\t\t\t\t\t\t<div class=\"elementor-button-wrapper\">\n\t\t\t\t\t<a class=\"elementor-button elementor-button-link elementor-size-sm\" href=\"https:\/\/spirituartiste.com\/?page_id=6495\">\n\t\t\t\t\t\t<span class=\"elementor-button-content-wrapper\">\n\t\t\t\t\t\t\t\t\t<span class=\"elementor-button-text\">Ressources<\/span>\n\t\t\t\t\t<\/span>\n\t\t\t\t\t<\/a>\n\t\t\t\t<\/div>\n\t\t\t\t\t\t\t\t<\/div>\n\t\t\t\t<\/div>\n\t\t\t\t\t<\/div>\n\t\t<\/div>\n\t\t\t\t\t<\/div>\n\t\t<\/section>\n\t\t\t\t<\/div>\n\t\t","protected":false},"excerpt":{"rendered":"<p>\u00a0 Vous pouvez utiliser librement\u00a0des extraits du livre et les diffuser . Merci toutefois, par respect pour le travail que cela repr\u00e9sente, de mentionner \u00a0l&rsquo;auteur\u00a0(Sandrine L\u00e9ger) et le nom du site (spirituartiste.com) \u00a0 \u00ab\u00a0la m\u00e9canique subtile de la Vie\u00a0\u00bb de Sandrine L\u00e9ger.\u00a0Extrait 2. \u00a0 CHAPITRE 2 LE BONHEUR ET LE MALHEUR A d\u00e9finitions Qu&rsquo;est-ce que [&hellip;]<\/p>\n","protected":false},"author":1,"featured_media":0,"parent":6505,"menu_order":84,"comment_status":"closed","ping_status":"closed","template":"","meta":{"site-sidebar-layout":"default","site-content-layout":"","ast-site-content-layout":"default","site-content-style":"default","site-sidebar-style":"default","ast-global-header-display":"","ast-banner-title-visibility":"","ast-main-header-display":"","ast-hfb-above-header-display":"","ast-hfb-below-header-display":"","ast-hfb-mobile-header-display":"","site-post-title":"","ast-breadcrumbs-content":"","ast-featured-img":"","footer-sml-layout":"","ast-disable-related-posts":"","theme-transparent-header-meta":"","adv-header-id-meta":"","stick-header-meta":"","header-above-stick-meta":"","header-main-stick-meta":"","header-below-stick-meta":"","astra-migrate-meta-layouts":"default","ast-page-background-enabled":"default","ast-page-background-meta":{"desktop":{"background-color":"","background-image":"","background-repeat":"repeat","background-position":"center center","background-size":"auto","background-attachment":"scroll","background-type":"","background-media":"","overlay-type":"","overlay-color":"","overlay-opacity":"","overlay-gradient":""},"tablet":{"background-color":"","background-image":"","background-repeat":"repeat","background-position":"center center","background-size":"auto","background-attachment":"scroll","background-type":"","background-media":"","overlay-type":"","overlay-color":"","overlay-opacity":"","overlay-gradient":""},"mobile":{"background-color":"","background-image":"","background-repeat":"repeat","background-position":"center center","background-size":"auto","background-attachment":"scroll","background-type":"","background-media":"","overlay-type":"","overlay-color":"","overlay-opacity":"","overlay-gradient":""}},"ast-content-background-meta":{"desktop":{"background-color":"var(--ast-global-color-5)","background-image":"","background-repeat":"repeat","background-position":"center center","background-size":"auto","background-attachment":"scroll","background-type":"","background-media":"","overlay-type":"","overlay-color":"","overlay-opacity":"","overlay-gradient":""},"tablet":{"background-color":"var(--ast-global-color-5)","background-image":"","background-repeat":"repeat","background-position":"center center","background-size":"auto","background-attachment":"scroll","background-type":"","background-media":"","overlay-type":"","overlay-color":"","overlay-opacity":"","overlay-gradient":""},"mobile":{"background-color":"var(--ast-global-color-5)","background-image":"","background-repeat":"repeat","background-position":"center center","background-size":"auto","background-attachment":"scroll","background-type":"","background-media":"","overlay-type":"","overlay-color":"","overlay-opacity":"","overlay-gradient":""}},"footnotes":""},"class_list":["post-6510","page","type-page","status-publish","hentry"],"yoast_head":"<!-- This site is optimized with the Yoast SEO plugin v27.5 - https:\/\/yoast.com\/product\/yoast-seo-wordpress\/ -->\n<title>Extrait 2 de &quot;la m\u00e9canique subtile de la Vie&quot; de Sandrine L\u00e9ger. - Spirituartiste<\/title>\n<meta name=\"robots\" content=\"index, follow, max-snippet:-1, max-image-preview:large, max-video-preview:-1\" \/>\n<link rel=\"canonical\" href=\"https:\/\/spirituartiste.com\/?page_id=6510\" \/>\n<meta property=\"og:locale\" content=\"fr_FR\" \/>\n<meta property=\"og:type\" content=\"article\" \/>\n<meta property=\"og:title\" content=\"Extrait 2 de &quot;la m\u00e9canique subtile de la Vie&quot; de Sandrine L\u00e9ger. - Spirituartiste\" \/>\n<meta property=\"og:description\" content=\"\u00a0 Vous pouvez utiliser librement\u00a0des extraits du livre et les diffuser . Merci toutefois, par respect pour le travail que cela repr\u00e9sente, de mentionner \u00a0l&rsquo;auteur\u00a0(Sandrine L\u00e9ger) et le nom du site (spirituartiste.com) \u00a0 \u00ab\u00a0la m\u00e9canique subtile de la Vie\u00a0\u00bb de Sandrine L\u00e9ger.\u00a0Extrait 2. \u00a0 CHAPITRE 2 LE BONHEUR ET LE MALHEUR A d\u00e9finitions Qu&rsquo;est-ce que [&hellip;]\" \/>\n<meta property=\"og:url\" content=\"https:\/\/spirituartiste.com\/?page_id=6510\" \/>\n<meta property=\"og:site_name\" content=\"Spirituartiste\" \/>\n<meta property=\"article:modified_time\" content=\"2020-06-01T14:25:50+00:00\" \/>\n<meta name=\"twitter:card\" content=\"summary_large_image\" \/>\n<meta name=\"twitter:label1\" content=\"Dur\u00e9e de lecture estim\u00e9e\" \/>\n\t<meta name=\"twitter:data1\" content=\"6 minutes\" \/>\n<script type=\"application\/ld+json\" class=\"yoast-schema-graph\">{\"@context\":\"https:\\\/\\\/schema.org\",\"@graph\":[{\"@type\":\"WebPage\",\"@id\":\"https:\\\/\\\/spirituartiste.com\\\/?page_id=6510\",\"url\":\"https:\\\/\\\/spirituartiste.com\\\/?page_id=6510\",\"name\":\"Extrait 2 de \\\"la m\u00e9canique subtile de la Vie\\\" de Sandrine L\u00e9ger. - Spirituartiste\",\"isPartOf\":{\"@id\":\"https:\\\/\\\/spirituartiste.com\\\/#website\"},\"datePublished\":\"2020-01-04T13:38:59+00:00\",\"dateModified\":\"2020-06-01T14:25:50+00:00\",\"breadcrumb\":{\"@id\":\"https:\\\/\\\/spirituartiste.com\\\/?page_id=6510#breadcrumb\"},\"inLanguage\":\"fr-FR\",\"potentialAction\":[{\"@type\":\"ReadAction\",\"target\":[\"https:\\\/\\\/spirituartiste.com\\\/?page_id=6510\"]}]},{\"@type\":\"BreadcrumbList\",\"@id\":\"https:\\\/\\\/spirituartiste.com\\\/?page_id=6510#breadcrumb\",\"itemListElement\":[{\"@type\":\"ListItem\",\"position\":1,\"name\":\"Accueil\",\"item\":\"https:\\\/\\\/spirituartiste.com\\\/\"},{\"@type\":\"ListItem\",\"position\":2,\"name\":\"Boutique\",\"item\":\"https:\\\/\\\/spirituartiste.com\\\/?page_id=6505\"},{\"@type\":\"ListItem\",\"position\":3,\"name\":\"Extrait 2 de \u00ab\u00a0la m\u00e9canique subtile de la Vie\u00a0\u00bb de Sandrine L\u00e9ger.\"}]},{\"@type\":\"WebSite\",\"@id\":\"https:\\\/\\\/spirituartiste.com\\\/#website\",\"url\":\"https:\\\/\\\/spirituartiste.com\\\/\",\"name\":\"Spirituartiste\",\"description\":\"Sandrine L\u00e9ger\",\"publisher\":{\"@id\":\"https:\\\/\\\/spirituartiste.com\\\/#\\\/schema\\\/person\\\/9862bc39ecd45c4272d890f918eadb47\"},\"potentialAction\":[{\"@type\":\"SearchAction\",\"target\":{\"@type\":\"EntryPoint\",\"urlTemplate\":\"https:\\\/\\\/spirituartiste.com\\\/?s={search_term_string}\"},\"query-input\":{\"@type\":\"PropertyValueSpecification\",\"valueRequired\":true,\"valueName\":\"search_term_string\"}}],\"inLanguage\":\"fr-FR\"},{\"@type\":[\"Person\",\"Organization\"],\"@id\":\"https:\\\/\\\/spirituartiste.com\\\/#\\\/schema\\\/person\\\/9862bc39ecd45c4272d890f918eadb47\",\"name\":\"Sandrine_leger2018\",\"image\":{\"@type\":\"ImageObject\",\"inLanguage\":\"fr-FR\",\"@id\":\"https:\\\/\\\/spirituartiste.com\\\/wp-content\\\/uploads\\\/2023\\\/02\\\/cropped-site-spirituartiste.png\",\"url\":\"https:\\\/\\\/spirituartiste.com\\\/wp-content\\\/uploads\\\/2023\\\/02\\\/cropped-site-spirituartiste.png\",\"contentUrl\":\"https:\\\/\\\/spirituartiste.com\\\/wp-content\\\/uploads\\\/2023\\\/02\\\/cropped-site-spirituartiste.png\",\"width\":152,\"height\":153,\"caption\":\"Sandrine_leger2018\"},\"logo\":{\"@id\":\"https:\\\/\\\/spirituartiste.com\\\/wp-content\\\/uploads\\\/2023\\\/02\\\/cropped-site-spirituartiste.png\"},\"sameAs\":[\"http:\\\/\\\/spirituartiste.com\"]}]}<\/script>\n<!-- \/ Yoast SEO plugin. -->","yoast_head_json":{"title":"Extrait 2 de \"la m\u00e9canique subtile de la Vie\" de Sandrine L\u00e9ger. - Spirituartiste","robots":{"index":"index","follow":"follow","max-snippet":"max-snippet:-1","max-image-preview":"max-image-preview:large","max-video-preview":"max-video-preview:-1"},"canonical":"https:\/\/spirituartiste.com\/?page_id=6510","og_locale":"fr_FR","og_type":"article","og_title":"Extrait 2 de \"la m\u00e9canique subtile de la Vie\" de Sandrine L\u00e9ger. - Spirituartiste","og_description":"\u00a0 Vous pouvez utiliser librement\u00a0des extraits du livre et les diffuser . Merci toutefois, par respect pour le travail que cela repr\u00e9sente, de mentionner \u00a0l&rsquo;auteur\u00a0(Sandrine L\u00e9ger) et le nom du site (spirituartiste.com) \u00a0 \u00ab\u00a0la m\u00e9canique subtile de la Vie\u00a0\u00bb de Sandrine L\u00e9ger.\u00a0Extrait 2. \u00a0 CHAPITRE 2 LE BONHEUR ET LE MALHEUR A d\u00e9finitions Qu&rsquo;est-ce que [&hellip;]","og_url":"https:\/\/spirituartiste.com\/?page_id=6510","og_site_name":"Spirituartiste","article_modified_time":"2020-06-01T14:25:50+00:00","twitter_card":"summary_large_image","twitter_misc":{"Dur\u00e9e de lecture estim\u00e9e":"6 minutes"},"schema":{"@context":"https:\/\/schema.org","@graph":[{"@type":"WebPage","@id":"https:\/\/spirituartiste.com\/?page_id=6510","url":"https:\/\/spirituartiste.com\/?page_id=6510","name":"Extrait 2 de \"la m\u00e9canique subtile de la Vie\" de Sandrine L\u00e9ger. - Spirituartiste","isPartOf":{"@id":"https:\/\/spirituartiste.com\/#website"},"datePublished":"2020-01-04T13:38:59+00:00","dateModified":"2020-06-01T14:25:50+00:00","breadcrumb":{"@id":"https:\/\/spirituartiste.com\/?page_id=6510#breadcrumb"},"inLanguage":"fr-FR","potentialAction":[{"@type":"ReadAction","target":["https:\/\/spirituartiste.com\/?page_id=6510"]}]},{"@type":"BreadcrumbList","@id":"https:\/\/spirituartiste.com\/?page_id=6510#breadcrumb","itemListElement":[{"@type":"ListItem","position":1,"name":"Accueil","item":"https:\/\/spirituartiste.com\/"},{"@type":"ListItem","position":2,"name":"Boutique","item":"https:\/\/spirituartiste.com\/?page_id=6505"},{"@type":"ListItem","position":3,"name":"Extrait 2 de \u00ab\u00a0la m\u00e9canique subtile de la Vie\u00a0\u00bb de Sandrine L\u00e9ger."}]},{"@type":"WebSite","@id":"https:\/\/spirituartiste.com\/#website","url":"https:\/\/spirituartiste.com\/","name":"Spirituartiste","description":"Sandrine L\u00e9ger","publisher":{"@id":"https:\/\/spirituartiste.com\/#\/schema\/person\/9862bc39ecd45c4272d890f918eadb47"},"potentialAction":[{"@type":"SearchAction","target":{"@type":"EntryPoint","urlTemplate":"https:\/\/spirituartiste.com\/?s={search_term_string}"},"query-input":{"@type":"PropertyValueSpecification","valueRequired":true,"valueName":"search_term_string"}}],"inLanguage":"fr-FR"},{"@type":["Person","Organization"],"@id":"https:\/\/spirituartiste.com\/#\/schema\/person\/9862bc39ecd45c4272d890f918eadb47","name":"Sandrine_leger2018","image":{"@type":"ImageObject","inLanguage":"fr-FR","@id":"https:\/\/spirituartiste.com\/wp-content\/uploads\/2023\/02\/cropped-site-spirituartiste.png","url":"https:\/\/spirituartiste.com\/wp-content\/uploads\/2023\/02\/cropped-site-spirituartiste.png","contentUrl":"https:\/\/spirituartiste.com\/wp-content\/uploads\/2023\/02\/cropped-site-spirituartiste.png","width":152,"height":153,"caption":"Sandrine_leger2018"},"logo":{"@id":"https:\/\/spirituartiste.com\/wp-content\/uploads\/2023\/02\/cropped-site-spirituartiste.png"},"sameAs":["http:\/\/spirituartiste.com"]}]}},"_links":{"self":[{"href":"https:\/\/spirituartiste.com\/index.php?rest_route=\/wp\/v2\/pages\/6510","targetHints":{"allow":["GET"]}}],"collection":[{"href":"https:\/\/spirituartiste.com\/index.php?rest_route=\/wp\/v2\/pages"}],"about":[{"href":"https:\/\/spirituartiste.com\/index.php?rest_route=\/wp\/v2\/types\/page"}],"author":[{"embeddable":true,"href":"https:\/\/spirituartiste.com\/index.php?rest_route=\/wp\/v2\/users\/1"}],"replies":[{"embeddable":true,"href":"https:\/\/spirituartiste.com\/index.php?rest_route=%2Fwp%2Fv2%2Fcomments&post=6510"}],"version-history":[{"count":2,"href":"https:\/\/spirituartiste.com\/index.php?rest_route=\/wp\/v2\/pages\/6510\/revisions"}],"predecessor-version":[{"id":7197,"href":"https:\/\/spirituartiste.com\/index.php?rest_route=\/wp\/v2\/pages\/6510\/revisions\/7197"}],"up":[{"embeddable":true,"href":"https:\/\/spirituartiste.com\/index.php?rest_route=\/wp\/v2\/pages\/6505"}],"wp:attachment":[{"href":"https:\/\/spirituartiste.com\/index.php?rest_route=%2Fwp%2Fv2%2Fmedia&parent=6510"}],"curies":[{"name":"wp","href":"https:\/\/api.w.org\/{rel}","templated":true}]}}