{"id":6511,"date":"2020-01-04T15:39:00","date_gmt":"2020-01-04T13:39:00","guid":{"rendered":"https:\/\/spirituartiste.com\/boutique\/livre\/extrait-3\/"},"modified":"2020-06-01T16:28:28","modified_gmt":"2020-06-01T14:28:28","slug":"extrait-3","status":"publish","type":"page","link":"https:\/\/spirituartiste.com\/?page_id=6511","title":{"rendered":"Extrait 3 de \u00ab\u00a0la m\u00e9canique subtile de la Vie\u00a0\u00bb de Sandrine L\u00e9ger."},"content":{"rendered":"\t\t<div data-elementor-type=\"wp-page\" data-elementor-id=\"6511\" class=\"elementor elementor-6511\">\n\t\t\t\t\t\t<section class=\"elementor-section elementor-top-section elementor-element elementor-element-774f979e elementor-section-boxed elementor-section-height-default elementor-section-height-default\" data-id=\"774f979e\" data-element_type=\"section\" data-e-type=\"section\">\n\t\t\t\t\t\t<div class=\"elementor-container elementor-column-gap-default\">\n\t\t\t\t\t<div class=\"elementor-column elementor-col-100 elementor-top-column elementor-element elementor-element-4ff64bf4\" data-id=\"4ff64bf4\" data-element_type=\"column\" data-e-type=\"column\">\n\t\t\t<div class=\"elementor-widget-wrap elementor-element-populated\">\n\t\t\t\t\t\t<div class=\"elementor-element elementor-element-4066ce elementor-widget elementor-widget-text-editor\" data-id=\"4066ce\" data-element_type=\"widget\" data-e-type=\"widget\" data-widget_type=\"text-editor.default\">\n\t\t\t\t<div class=\"elementor-widget-container\">\n\t\t\t\t\t\t\t\t\t<div class=\"art-content-layout\"><div class=\"art-content-layout-row\"><div class=\"art-layout-cell\" style=\"width: 100%;\">\u00a0<\/div><\/div><\/div><div class=\"art-content-layout-wrapper layout-item-0\"><div class=\"art-content-layout\"><div class=\"art-content-layout-row\"><div class=\"art-layout-cell\" style=\"width: 100%;\"><p><span style=\"color: #820e84;\">Vous pouvez utiliser librement\u00a0des extraits du livre et les diffuser . Merci toutefois, par respect pour le travail que cela repr\u00e9sente, de mentionner \u00a0l&rsquo;auteur\u00a0<\/span><span style=\"color: #820e84;\">(Sandrine L\u00e9ger) et le nom du site (spirituartiste.com)<\/span><\/p><\/div><\/div><\/div><\/div><div class=\"art-content-layout\"><div class=\"art-content-layout-row\"><div class=\"art-layout-cell\" style=\"width: 100%;\">\u00a0<\/div><\/div><\/div><div class=\"art-content-layout-wrapper layout-item-1\"><div class=\"art-content-layout\"><div class=\"art-content-layout-row\"><div class=\"art-layout-cell\" style=\"width: 100%;\"><p><span style=\"font-family: 'ParkAvenue BT'; color: #820e84; font-size: 24px;\">\u00ab\u00a0La m\u00e9canique subtile de la Vie\u00a0\u00bb de Sandrine L\u00e9ger. Extrait 3.<\/span><\/p><p>Quand l&rsquo;enfant entend que si c&rsquo;est \u00ab mal \u00bb il ne va pas \u00eatre aim\u00e9, cela provoque aussi chez lui l&rsquo;encodage logique inverse, \u00e0 savoir\u00a0:<br \/>\u00a0S&rsquo;IL N&rsquo;EST PAS AIM\u00c9 C&rsquo;EST QU&rsquo;IL A FAIT QUELQUE CHOSE DE MAL\u00a0!!!<\/p><p>D&rsquo;o\u00f9 un terrible cercle vicieux&#8230; car alors il va se sentir COUPABLE et donc perdre de la valeur \u00e0 ses propres yeux, ce qui va provoquer qu&rsquo;il va couper totalement\u00a0le \u00ab\u00a0recevoir\u00a0\u00bb en s&rsquo;en estimant indigne&#8230;<br \/>Ce qui fera qu&rsquo;il se sentira encore plus mal aim\u00e9\u00a0!<br \/>C&rsquo;est une m\u00e9canique de souffrance malheureusement tr\u00e8s commune.<\/p><p>Vous l&rsquo;avez compris, avoir de la valeur est une n\u00e9cessit\u00e9 dans notre soci\u00e9t\u00e9. C&rsquo;est m\u00eame un m\u00e9canisme de survie. La valeur conditionne directement votre droit \u00e0 recevoir de l&rsquo;Amour. L&rsquo;Amour est l&rsquo;enjeu ultime. (Je vous expliquerai plus en d\u00e9tail pourquoi un peu plus loin dans ce livre) D&rsquo;ailleurs votre plus grande peur ou votre sc\u00e9nario catastrophe ne serait-il pas de vivre seul\/e et sans Amour\u00a0? (C&rsquo;est en tout cas la r\u00e9ponse que j&rsquo;ai obtenue syst\u00e9matiquement en interrogeant les personnes venant \u00e0 mes stages)<\/p><p>Donc nous devons avoir de la VALEUR pour survivre.<\/p><p>Quel stress se met alors imm\u00e9diatement en place\u00a0! Nous jouons notre survie\u00a0!<br \/>Or, nous l&rsquo;avons vu pr\u00e9c\u00e9demment, notre \u00e9ducation nous retire toute valeur naturelle et nous oblige \u00e0 acqu\u00e9rir celle-ci par la soumission \u00e0 l&rsquo;autorit\u00e9 d&rsquo;un Autre,\u00a0ou \u00ab\u00a0des autres\u00a0\u00bb.<br \/>Nous vivons donc, \u00e0 peu pr\u00e8s tous, une fois adultes, avec un sentiment de manque de valeur int\u00e9rieur puisque nous n&rsquo;\u00e9tions pas assez bien \u00ab\u00a0tels quels\u00a0\u00bb pour \u00eatre aim\u00e9s par nos parents sans qu&rsquo;ils essaient de nous transformer, de nous \u00ab\u00a0am\u00e9liorer\u00a0\u00bb par leur \u00e9ducation.<\/p><p>Quelles sont les cons\u00e9quences m\u00e9caniques de ce fonctionnement\u00a0?<\/p><p>1 Puisque notre valeur se joue aupr\u00e8s des autres, nous nous branchons sur eux et en particulier sur leurs opinions, jugements, sur leur regard qui deviennent\u00a0centraux dans notre vie.<\/p><p>2 Avoir besoin de quelque chose pour survivre cr\u00e9\u00e9 la DEPENDANCE. Nous devenons donc d\u00e9pendants au regard des autres, \u00e0 leur approbation.<\/p><p>3 En l&rsquo;absence de leur regard, c&rsquo;est \u00e0 dire dans la solitude, <span style=\"font-weight: bold;\">nous ne pouvons trouver notre valeur<\/span>. La solitude est donc une souffrance puisqu&rsquo;elle est v\u00e9cue comme l&rsquo;absence d&rsquo;autorisation \u00e0 s&rsquo;aimer soi- m\u00eame.<\/p><p>4 L&rsquo;Autre devient, quelque part, le ma\u00eetre de notre vie. Nous lui faisons donc porter la responsabilit\u00e9 de nos bonheurs et nos malheurs. Nous nous d\u00e9responsabilisons et perdons notre pouvoir personnel.<\/p><p>5 L&rsquo;Autre devenant central, nous en faisons une sorte de Dieu \u00e0 qui nous devons plaire. A force de le traiter comme cela il devient \u00e9videmment une sorte de despote. Et comme tout despote qui se respecte, il attend de nous que nous soyons \u00e0 son service exclusif. Cela veut dire que si nous tentons de nous recentrer sur nous-m\u00eames, nous serons d\u00e9valoris\u00e9s imm\u00e9diatement (par une critique g\u00e9n\u00e9ralement.)<\/p><p>En r\u00e9sum\u00e9, notre loi \u00e9ducative basique \u00ab\u00a0 si c&rsquo;est bien tu seras r\u00e9compens\u00e9, si c&rsquo;est mal, tu seras puni\u00a0\u00bb provoque la d\u00e9pendance aux autres et nous oblige \u00e0 gagner de la valeur par la soumission ou la s\u00e9duction.<br \/>Plaire aux autres devient un enjeu vital et central dans nos vies.<br \/>Pour pouvoir \u00eatre aim\u00e9s nous faisons ce que les autres veulent de nous et nous nous oublions, nous faisons des sacrifices, nous souffrons dans la joie pour obtenir cette fameuse reconnaissance de notre valeur.<\/p><p>Autrement dit, pour pouvoir \u00eatre aim\u00e9s, nous cessons de nous aimer nous-m\u00eames.<\/p><p>C&rsquo;est absurde mais totalement logique avec l&rsquo;endoctrinement \u00e9ducatif que nous avons re\u00e7us&#8230;<\/p><\/div><\/div><\/div><\/div>\t\t\t\t\t\t\t\t<\/div>\n\t\t\t\t<\/div>\n\t\t\t\t\t<\/div>\n\t\t<\/div>\n\t\t\t\t\t<\/div>\n\t\t<\/section>\n\t\t\t\t<section class=\"elementor-section elementor-top-section elementor-element elementor-element-23f2dbc elementor-section-boxed elementor-section-height-default elementor-section-height-default\" data-id=\"23f2dbc\" data-element_type=\"section\" data-e-type=\"section\">\n\t\t\t\t\t\t<div class=\"elementor-container elementor-column-gap-default\">\n\t\t\t\t\t<div class=\"elementor-column elementor-col-100 elementor-top-column elementor-element elementor-element-6b68041\" data-id=\"6b68041\" data-element_type=\"column\" data-e-type=\"column\">\n\t\t\t<div class=\"elementor-widget-wrap elementor-element-populated\">\n\t\t\t\t\t\t<div class=\"elementor-element elementor-element-288ce66 elementor-widget elementor-widget-text-editor\" data-id=\"288ce66\" data-element_type=\"widget\" data-e-type=\"widget\" data-widget_type=\"text-editor.default\">\n\t\t\t\t<div class=\"elementor-widget-container\">\n\t\t\t\t\t\t\t\t\t<p><a href=\"https:\/\/spirituartiste.com\/?page_id=6496\"><span style=\"color: #800080;\">Retour \u00ab\u00a0mon livre\u00a0\u00bb<\/span><\/a><\/p>\t\t\t\t\t\t\t\t<\/div>\n\t\t\t\t<\/div>\n\t\t\t\t\t<\/div>\n\t\t<\/div>\n\t\t\t\t\t<\/div>\n\t\t<\/section>\n\t\t\t\t<section class=\"elementor-section elementor-top-section elementor-element elementor-element-3cf54bb elementor-section-boxed elementor-section-height-default elementor-section-height-default\" data-id=\"3cf54bb\" data-element_type=\"section\" data-e-type=\"section\">\n\t\t\t\t\t\t<div class=\"elementor-container elementor-column-gap-default\">\n\t\t\t\t\t<div class=\"elementor-column elementor-col-100 elementor-top-column elementor-element elementor-element-c6c2317\" data-id=\"c6c2317\" data-element_type=\"column\" data-e-type=\"column\">\n\t\t\t<div class=\"elementor-widget-wrap\">\n\t\t\t\t\t\t\t<\/div>\n\t\t<\/div>\n\t\t\t\t\t<\/div>\n\t\t<\/section>\n\t\t\t\t<section class=\"elementor-section elementor-top-section elementor-element elementor-element-22c831c elementor-section-boxed elementor-section-height-default elementor-section-height-default\" data-id=\"22c831c\" data-element_type=\"section\" data-e-type=\"section\">\n\t\t\t\t\t\t<div class=\"elementor-container elementor-column-gap-default\">\n\t\t\t\t\t<div class=\"elementor-column elementor-col-100 elementor-top-column elementor-element elementor-element-3dc2f5a\" data-id=\"3dc2f5a\" data-element_type=\"column\" data-e-type=\"column\">\n\t\t\t<div class=\"elementor-widget-wrap elementor-element-populated\">\n\t\t\t\t\t\t<div class=\"elementor-element elementor-element-b761b81 elementor-widget elementor-widget-button\" data-id=\"b761b81\" data-element_type=\"widget\" data-e-type=\"widget\" data-widget_type=\"button.default\">\n\t\t\t\t<div class=\"elementor-widget-container\">\n\t\t\t\t\t\t\t\t\t<div class=\"elementor-button-wrapper\">\n\t\t\t\t\t<a class=\"elementor-button elementor-button-link elementor-size-sm\" href=\"https:\/\/spirituartiste.com\/?page_id=6495\">\n\t\t\t\t\t\t<span class=\"elementor-button-content-wrapper\">\n\t\t\t\t\t\t\t\t\t<span class=\"elementor-button-text\">Ressources<\/span>\n\t\t\t\t\t<\/span>\n\t\t\t\t\t<\/a>\n\t\t\t\t<\/div>\n\t\t\t\t\t\t\t\t<\/div>\n\t\t\t\t<\/div>\n\t\t\t\t\t<\/div>\n\t\t<\/div>\n\t\t\t\t\t<\/div>\n\t\t<\/section>\n\t\t\t\t<\/div>\n\t\t","protected":false},"excerpt":{"rendered":"<p>\u00a0 Vous pouvez utiliser librement\u00a0des extraits du livre et les diffuser . Merci toutefois, par respect pour le travail que cela repr\u00e9sente, de mentionner \u00a0l&rsquo;auteur\u00a0(Sandrine L\u00e9ger) et le nom du site (spirituartiste.com) \u00a0 \u00ab\u00a0La m\u00e9canique subtile de la Vie\u00a0\u00bb de Sandrine L\u00e9ger. Extrait 3. Quand l&rsquo;enfant entend que si c&rsquo;est \u00ab mal \u00bb il ne [&hellip;]<\/p>\n","protected":false},"author":1,"featured_media":0,"parent":6505,"menu_order":85,"comment_status":"closed","ping_status":"closed","template":"","meta":{"site-sidebar-layout":"default","site-content-layout":"","ast-site-content-layout":"default","site-content-style":"default","site-sidebar-style":"default","ast-global-header-display":"","ast-banner-title-visibility":"","ast-main-header-display":"","ast-hfb-above-header-display":"","ast-hfb-below-header-display":"","ast-hfb-mobile-header-display":"","site-post-title":"","ast-breadcrumbs-content":"","ast-featured-img":"","footer-sml-layout":"","ast-disable-related-posts":"","theme-transparent-header-meta":"","adv-header-id-meta":"","stick-header-meta":"","header-above-stick-meta":"","header-main-stick-meta":"","header-below-stick-meta":"","astra-migrate-meta-layouts":"default","ast-page-background-enabled":"default","ast-page-background-meta":{"desktop":{"background-color":"","background-image":"","background-repeat":"repeat","background-position":"center center","background-size":"auto","background-attachment":"scroll","background-type":"","background-media":"","overlay-type":"","overlay-color":"","overlay-opacity":"","overlay-gradient":""},"tablet":{"background-color":"","background-image":"","background-repeat":"repeat","background-position":"center center","background-size":"auto","background-attachment":"scroll","background-type":"","background-media":"","overlay-type":"","overlay-color":"","overlay-opacity":"","overlay-gradient":""},"mobile":{"background-color":"","background-image":"","background-repeat":"repeat","background-position":"center center","background-size":"auto","background-attachment":"scroll","background-type":"","background-media":"","overlay-type":"","overlay-color":"","overlay-opacity":"","overlay-gradient":""}},"ast-content-background-meta":{"desktop":{"background-color":"var(--ast-global-color-5)","background-image":"","background-repeat":"repeat","background-position":"center center","background-size":"auto","background-attachment":"scroll","background-type":"","background-media":"","overlay-type":"","overlay-color":"","overlay-opacity":"","overlay-gradient":""},"tablet":{"background-color":"var(--ast-global-color-5)","background-image":"","background-repeat":"repeat","background-position":"center center","background-size":"auto","background-attachment":"scroll","background-type":"","background-media":"","overlay-type":"","overlay-color":"","overlay-opacity":"","overlay-gradient":""},"mobile":{"background-color":"var(--ast-global-color-5)","background-image":"","background-repeat":"repeat","background-position":"center center","background-size":"auto","background-attachment":"scroll","background-type":"","background-media":"","overlay-type":"","overlay-color":"","overlay-opacity":"","overlay-gradient":""}},"footnotes":""},"class_list":["post-6511","page","type-page","status-publish","hentry"],"yoast_head":"<!-- This site is optimized with the Yoast SEO plugin v27.5 - https:\/\/yoast.com\/product\/yoast-seo-wordpress\/ -->\n<title>Extrait 3 de &quot;la m\u00e9canique subtile de la Vie&quot; de Sandrine L\u00e9ger. - Spirituartiste<\/title>\n<meta name=\"robots\" content=\"index, follow, max-snippet:-1, max-image-preview:large, max-video-preview:-1\" \/>\n<link rel=\"canonical\" href=\"https:\/\/spirituartiste.com\/?page_id=6511\" \/>\n<meta property=\"og:locale\" content=\"fr_FR\" \/>\n<meta property=\"og:type\" content=\"article\" \/>\n<meta property=\"og:title\" content=\"Extrait 3 de &quot;la m\u00e9canique subtile de la Vie&quot; de Sandrine L\u00e9ger. - Spirituartiste\" \/>\n<meta property=\"og:description\" content=\"\u00a0 Vous pouvez utiliser librement\u00a0des extraits du livre et les diffuser . Merci toutefois, par respect pour le travail que cela repr\u00e9sente, de mentionner \u00a0l&rsquo;auteur\u00a0(Sandrine L\u00e9ger) et le nom du site (spirituartiste.com) \u00a0 \u00ab\u00a0La m\u00e9canique subtile de la Vie\u00a0\u00bb de Sandrine L\u00e9ger. Extrait 3. Quand l&rsquo;enfant entend que si c&rsquo;est \u00ab mal \u00bb il ne [&hellip;]\" \/>\n<meta property=\"og:url\" content=\"https:\/\/spirituartiste.com\/?page_id=6511\" \/>\n<meta property=\"og:site_name\" content=\"Spirituartiste\" \/>\n<meta property=\"article:modified_time\" content=\"2020-06-01T14:28:28+00:00\" \/>\n<meta name=\"twitter:card\" content=\"summary_large_image\" \/>\n<meta name=\"twitter:label1\" content=\"Dur\u00e9e de lecture estim\u00e9e\" \/>\n\t<meta name=\"twitter:data1\" content=\"3 minutes\" \/>\n<script type=\"application\/ld+json\" class=\"yoast-schema-graph\">{\"@context\":\"https:\\\/\\\/schema.org\",\"@graph\":[{\"@type\":\"WebPage\",\"@id\":\"https:\\\/\\\/spirituartiste.com\\\/?page_id=6511\",\"url\":\"https:\\\/\\\/spirituartiste.com\\\/?page_id=6511\",\"name\":\"Extrait 3 de \\\"la m\u00e9canique subtile de la Vie\\\" de Sandrine L\u00e9ger. - Spirituartiste\",\"isPartOf\":{\"@id\":\"https:\\\/\\\/spirituartiste.com\\\/#website\"},\"datePublished\":\"2020-01-04T13:39:00+00:00\",\"dateModified\":\"2020-06-01T14:28:28+00:00\",\"breadcrumb\":{\"@id\":\"https:\\\/\\\/spirituartiste.com\\\/?page_id=6511#breadcrumb\"},\"inLanguage\":\"fr-FR\",\"potentialAction\":[{\"@type\":\"ReadAction\",\"target\":[\"https:\\\/\\\/spirituartiste.com\\\/?page_id=6511\"]}]},{\"@type\":\"BreadcrumbList\",\"@id\":\"https:\\\/\\\/spirituartiste.com\\\/?page_id=6511#breadcrumb\",\"itemListElement\":[{\"@type\":\"ListItem\",\"position\":1,\"name\":\"Accueil\",\"item\":\"https:\\\/\\\/spirituartiste.com\\\/\"},{\"@type\":\"ListItem\",\"position\":2,\"name\":\"Boutique\",\"item\":\"https:\\\/\\\/spirituartiste.com\\\/?page_id=6505\"},{\"@type\":\"ListItem\",\"position\":3,\"name\":\"Extrait 3 de \u00ab\u00a0la m\u00e9canique subtile de la Vie\u00a0\u00bb de Sandrine L\u00e9ger.\"}]},{\"@type\":\"WebSite\",\"@id\":\"https:\\\/\\\/spirituartiste.com\\\/#website\",\"url\":\"https:\\\/\\\/spirituartiste.com\\\/\",\"name\":\"Spirituartiste\",\"description\":\"Sandrine L\u00e9ger\",\"publisher\":{\"@id\":\"https:\\\/\\\/spirituartiste.com\\\/#\\\/schema\\\/person\\\/9862bc39ecd45c4272d890f918eadb47\"},\"potentialAction\":[{\"@type\":\"SearchAction\",\"target\":{\"@type\":\"EntryPoint\",\"urlTemplate\":\"https:\\\/\\\/spirituartiste.com\\\/?s={search_term_string}\"},\"query-input\":{\"@type\":\"PropertyValueSpecification\",\"valueRequired\":true,\"valueName\":\"search_term_string\"}}],\"inLanguage\":\"fr-FR\"},{\"@type\":[\"Person\",\"Organization\"],\"@id\":\"https:\\\/\\\/spirituartiste.com\\\/#\\\/schema\\\/person\\\/9862bc39ecd45c4272d890f918eadb47\",\"name\":\"Sandrine_leger2018\",\"image\":{\"@type\":\"ImageObject\",\"inLanguage\":\"fr-FR\",\"@id\":\"https:\\\/\\\/spirituartiste.com\\\/wp-content\\\/uploads\\\/2023\\\/02\\\/cropped-site-spirituartiste.png\",\"url\":\"https:\\\/\\\/spirituartiste.com\\\/wp-content\\\/uploads\\\/2023\\\/02\\\/cropped-site-spirituartiste.png\",\"contentUrl\":\"https:\\\/\\\/spirituartiste.com\\\/wp-content\\\/uploads\\\/2023\\\/02\\\/cropped-site-spirituartiste.png\",\"width\":152,\"height\":153,\"caption\":\"Sandrine_leger2018\"},\"logo\":{\"@id\":\"https:\\\/\\\/spirituartiste.com\\\/wp-content\\\/uploads\\\/2023\\\/02\\\/cropped-site-spirituartiste.png\"},\"sameAs\":[\"http:\\\/\\\/spirituartiste.com\"]}]}<\/script>\n<!-- \/ Yoast SEO plugin. -->","yoast_head_json":{"title":"Extrait 3 de \"la m\u00e9canique subtile de la Vie\" de Sandrine L\u00e9ger. - Spirituartiste","robots":{"index":"index","follow":"follow","max-snippet":"max-snippet:-1","max-image-preview":"max-image-preview:large","max-video-preview":"max-video-preview:-1"},"canonical":"https:\/\/spirituartiste.com\/?page_id=6511","og_locale":"fr_FR","og_type":"article","og_title":"Extrait 3 de \"la m\u00e9canique subtile de la Vie\" de Sandrine L\u00e9ger. - Spirituartiste","og_description":"\u00a0 Vous pouvez utiliser librement\u00a0des extraits du livre et les diffuser . Merci toutefois, par respect pour le travail que cela repr\u00e9sente, de mentionner \u00a0l&rsquo;auteur\u00a0(Sandrine L\u00e9ger) et le nom du site (spirituartiste.com) \u00a0 \u00ab\u00a0La m\u00e9canique subtile de la Vie\u00a0\u00bb de Sandrine L\u00e9ger. Extrait 3. Quand l&rsquo;enfant entend que si c&rsquo;est \u00ab mal \u00bb il ne [&hellip;]","og_url":"https:\/\/spirituartiste.com\/?page_id=6511","og_site_name":"Spirituartiste","article_modified_time":"2020-06-01T14:28:28+00:00","twitter_card":"summary_large_image","twitter_misc":{"Dur\u00e9e de lecture estim\u00e9e":"3 minutes"},"schema":{"@context":"https:\/\/schema.org","@graph":[{"@type":"WebPage","@id":"https:\/\/spirituartiste.com\/?page_id=6511","url":"https:\/\/spirituartiste.com\/?page_id=6511","name":"Extrait 3 de \"la m\u00e9canique subtile de la Vie\" de Sandrine L\u00e9ger. - Spirituartiste","isPartOf":{"@id":"https:\/\/spirituartiste.com\/#website"},"datePublished":"2020-01-04T13:39:00+00:00","dateModified":"2020-06-01T14:28:28+00:00","breadcrumb":{"@id":"https:\/\/spirituartiste.com\/?page_id=6511#breadcrumb"},"inLanguage":"fr-FR","potentialAction":[{"@type":"ReadAction","target":["https:\/\/spirituartiste.com\/?page_id=6511"]}]},{"@type":"BreadcrumbList","@id":"https:\/\/spirituartiste.com\/?page_id=6511#breadcrumb","itemListElement":[{"@type":"ListItem","position":1,"name":"Accueil","item":"https:\/\/spirituartiste.com\/"},{"@type":"ListItem","position":2,"name":"Boutique","item":"https:\/\/spirituartiste.com\/?page_id=6505"},{"@type":"ListItem","position":3,"name":"Extrait 3 de \u00ab\u00a0la m\u00e9canique subtile de la Vie\u00a0\u00bb de Sandrine L\u00e9ger."}]},{"@type":"WebSite","@id":"https:\/\/spirituartiste.com\/#website","url":"https:\/\/spirituartiste.com\/","name":"Spirituartiste","description":"Sandrine L\u00e9ger","publisher":{"@id":"https:\/\/spirituartiste.com\/#\/schema\/person\/9862bc39ecd45c4272d890f918eadb47"},"potentialAction":[{"@type":"SearchAction","target":{"@type":"EntryPoint","urlTemplate":"https:\/\/spirituartiste.com\/?s={search_term_string}"},"query-input":{"@type":"PropertyValueSpecification","valueRequired":true,"valueName":"search_term_string"}}],"inLanguage":"fr-FR"},{"@type":["Person","Organization"],"@id":"https:\/\/spirituartiste.com\/#\/schema\/person\/9862bc39ecd45c4272d890f918eadb47","name":"Sandrine_leger2018","image":{"@type":"ImageObject","inLanguage":"fr-FR","@id":"https:\/\/spirituartiste.com\/wp-content\/uploads\/2023\/02\/cropped-site-spirituartiste.png","url":"https:\/\/spirituartiste.com\/wp-content\/uploads\/2023\/02\/cropped-site-spirituartiste.png","contentUrl":"https:\/\/spirituartiste.com\/wp-content\/uploads\/2023\/02\/cropped-site-spirituartiste.png","width":152,"height":153,"caption":"Sandrine_leger2018"},"logo":{"@id":"https:\/\/spirituartiste.com\/wp-content\/uploads\/2023\/02\/cropped-site-spirituartiste.png"},"sameAs":["http:\/\/spirituartiste.com"]}]}},"_links":{"self":[{"href":"https:\/\/spirituartiste.com\/index.php?rest_route=\/wp\/v2\/pages\/6511","targetHints":{"allow":["GET"]}}],"collection":[{"href":"https:\/\/spirituartiste.com\/index.php?rest_route=\/wp\/v2\/pages"}],"about":[{"href":"https:\/\/spirituartiste.com\/index.php?rest_route=\/wp\/v2\/types\/page"}],"author":[{"embeddable":true,"href":"https:\/\/spirituartiste.com\/index.php?rest_route=\/wp\/v2\/users\/1"}],"replies":[{"embeddable":true,"href":"https:\/\/spirituartiste.com\/index.php?rest_route=%2Fwp%2Fv2%2Fcomments&post=6511"}],"version-history":[{"count":2,"href":"https:\/\/spirituartiste.com\/index.php?rest_route=\/wp\/v2\/pages\/6511\/revisions"}],"predecessor-version":[{"id":7199,"href":"https:\/\/spirituartiste.com\/index.php?rest_route=\/wp\/v2\/pages\/6511\/revisions\/7199"}],"up":[{"embeddable":true,"href":"https:\/\/spirituartiste.com\/index.php?rest_route=\/wp\/v2\/pages\/6505"}],"wp:attachment":[{"href":"https:\/\/spirituartiste.com\/index.php?rest_route=%2Fwp%2Fv2%2Fmedia&parent=6511"}],"curies":[{"name":"wp","href":"https:\/\/api.w.org\/{rel}","templated":true}]}}